{"id":97,"date":"2026-04-11T04:19:28","date_gmt":"2026-04-11T04:19:28","guid":{"rendered":"https:\/\/shoplego.azdigi.shop\/?post_type=product&#038;p=97"},"modified":"2026-04-11T13:42:52","modified_gmt":"2026-04-11T13:42:52","slug":"do-choi-lap-rap-rogue-vs-drix-tran-chien-sieu-xe-lego-ninjago-71840","status":"publish","type":"product","link":"https:\/\/shoplego.azdigi.shop\/index.php\/product\/do-choi-lap-rap-rogue-vs-drix-tran-chien-sieu-xe-lego-ninjago-71840\/","title":{"rendered":"\u0110\u1ed3 Ch\u01a1i L\u1eafp R\u00e1p Rogue Vs. Drix: Tr\u1eadn Chi\u1ebfn Si\u00eau Xe LEGO NINJAGO 71840"},"content":{"rendered":"<h2>\u0110\u1ed3 Ch\u01a1i L\u1eafp R\u00e1p Rogue Vs. Drix: Tr\u1eadn Chi\u1ebfn Si\u00eau Xe LEGO NINJAGO 71840 (111 chi ti\u1ebft)<\/h2>\n<p><img loading=\"lazy\" decoding=\"async\" class=\"aligncenter\" src=\"https:\/\/www.mykingdom.com.vn\/cdn\/shop\/files\/do-choi-lap-rap-rogue-vs-drix-tran-chien-sieu-xe-lego-ninjago-71840_2.jpg?v=1749193355&amp;width=1946\" alt=\"do-choi-lap-rap-rogue-vs-drix-tran-chien-sieu-xe-lego-ninjago-71840-01\" width=\"735\" height=\"735\" \/><\/p>\n<p>H\u00e3y s\u00e1t c\u00e1nh c\u00f9ng nh\u1eefng anh h\u00f9ng ninja y\u00eau th\u00edch c\u1ee7a b\u1ea1n trong cu\u1ed9c r\u01b0\u1ee3t \u0111u\u1ed5i ngh\u1eb9t th\u1edf nh\u1eb1m b\u1eaft gi\u1eef t\u00ean Drix x\u1ea3o quy\u1ec7t. L\u00ean xe ninja si\u00eau ng\u1ea7u, n\u1ed5 m\u00e1y v\u00e0 lao v\u00e0o h\u00e0nh \u0111\u1ed9ng! B\u1ea1n ph\u1ea3i b\u1eaft \u0111\u01b0\u1ee3c Drix v\u00e0 gi\u00e0nh l\u1ea1i thanh ki\u1ebfm ti\u1ebft l\u1ed9 quy\u1ec1n n\u0103ng m\u00e0 h\u1eafn v\u1eeba \u0111\u00e1nh c\u1eafp!<\/p>\n<p>K\u00edch ho\u1ea1t b\u1ed9 b\u1eafn \u0111\u1ea1n tr\u00ean xe \u0111\u1ec3 h\u1ea1 g\u1ee5c h\u1eafn, sau \u0111\u00f3 nh\u1ea3y xu\u1ed1ng xe v\u00e0 c\u00f9ng Rogue v\u00e0 Nya \u0111\u1ed1i \u0111\u1ea7u tr\u1ef1c ti\u1ebfp b\u1eb1ng v\u0169 kh\u00ed c\u1ee7a h\u1ecd. \u0110\u00e2y l\u00e0 tr\u1eadn chi\u1ebfn m\u00e0 b\u1ea1n v\u00e0 c\u00e1c ninja nh\u1ea5t \u0111\u1ecbnh ph\u1ea3i chi\u1ebfn th\u1eafng!<\/p>\n<p><strong>\u0110\u1eb7c \u0111i\u1ec3m n\u1ed5i b\u1eadt:<\/strong><\/p>\n<p>\u0110\u1ed3 ch\u01a1i ninja gi\u00fap tr\u1ebb t\u1eeb 4 tu\u1ed5i tr\u1edf l\u00ean h\u1ecdc c\u00e1ch l\u1eafp r\u00e1p v\u00e0 h\u00f3a th\u00e2n v\u00e0o c\u00e1c cu\u1ed9c phi\u00eau l\u01b0u<\/p>\n<p>B\u1ed9 l\u1eafp r\u00e1p g\u1ed3m 2 xe c\u00f3 b\u00e1nh chuy\u1ec3n \u0111\u1ed9ng \u0111\u1ec3 ch\u01a1i \u0111ua xe \u0111\u1ea7y ph\u1ea5n kh\u00edch<\/p>\n<p>G\u1ed3m 3 nh\u00e2n v\u1eadt mini: Rogue, Nya v\u00e0 Drix \u2013 cho nh\u1eefng tr\u1eadn \u0111\u1ea5u thi\u1ec7n \u00e1c k\u1ecbch t\u00ednh<\/p>\n<p>Ph\u1ee5 ki\u1ec7n v\u0169 kh\u00ed ninja bao g\u1ed3m 2 ki\u1ebfm katana v\u00e0ng v\u00e0 1 thanh ki\u1ebfm ti\u1ebft l\u1ed9 trong su\u1ed1t<\/p>\n<p>M\u00f3n qu\u00e0 nh\u1ecf l\u00fd t\u01b0\u1edfng cho tr\u1ebb t\u1eeb 4 tu\u1ed5i tr\u1edf l\u00ean y\u00eau th\u00edch c\u00e1c ph\u01b0\u01a1ng ti\u1ec7n ninja<\/p>\n<p>Kh\u00e1m ph\u00e1 th\u00eam c\u00e1c b\u1ed9 \u0111\u1ed3 ch\u01a1i h\u00e0nh \u0111\u1ed9ng kh\u00e1c trong d\u00f2ng LEGO\u00ae NINJAGO\u00ae (b\u00e1n ri\u00eang)<\/p>\n<p>C\u00e1c b\u1ed9 LEGO\u00ae NINJAGO\u00ae \u0111\u01b0a tr\u1ebb b\u01b0\u1edbc v\u00e0o th\u1ebf gi\u1edbi phi\u00eau l\u01b0u gi\u1ea3 t\u01b0\u1edfng k\u1ef3 \u1ea3o<\/p>\n<p><strong>Th\u00f4ng tin s\u1ea3n ph\u1ea9m:<\/strong><\/p>\n<p>B\u1ed9 g\u1ed3m 111 m\u1ea3nh<\/p>\n<p>K\u00edch th\u01b0\u1edbc xe \u0111ua: d\u00e0i h\u01a1n 12 cm<\/p>\n","protected":false},"excerpt":{"rendered":"<p>\u0110\u1ed3 Ch\u01a1i L\u1eafp R\u00e1p Rogue Vs. Drix: Tr\u1eadn Chi\u1ebfn Si\u00eau Xe LEGO NINJAGO 71840 (111 chi ti\u1ebft) H\u00e3y s\u00e1t c\u00e1nh c\u00f9ng nh\u1eefng anh h\u00f9ng ninja y\u00eau th\u00edch c\u1ee7a b\u1ea1n trong cu\u1ed9c r\u01b0\u1ee3t \u0111u\u1ed5i ngh\u1eb9t th\u1edf nh\u1eb1m b\u1eaft gi\u1eef t\u00ean Drix x\u1ea3o quy\u1ec7t. L\u00ean xe ninja si\u00eau ng\u1ea7u, n\u1ed5 m\u00e1y v\u00e0 lao v\u00e0o h\u00e0nh \u0111\u1ed9ng! B\u1ea1n [&#8230;]\n","protected":false},"featured_media":98,"comment_status":"open","ping_status":"closed","template":"","meta":[],"product_brand":[],"product_cat":[17],"product_tag":[],"class_list":{"0":"post-97","1":"product","2":"type-product","3":"status-publish","4":"has-post-thumbnail","6":"product_cat-lego","8":"first","9":"instock","10":"sale","11":"shipping-taxable","12":"purchasable","13":"product-type-simple"},"yoast_head":"<!-- This site is optimized with the Yoast SEO plugin v27.2 - https:\/\/yoast.com\/product\/yoast-seo-wordpress\/ -->\n<title>\u0110\u1ed3 Ch\u01a1i L\u1eafp R\u00e1p Rogue Vs. Drix: Tr\u1eadn Chi\u1ebfn Si\u00eau Xe LEGO NINJAGO 71840 - Shop Lego c\u1ee7a P\u00f4<\/title>\n<meta name=\"description\" content=\"H\u00e3y s\u00e1t c\u00e1nh c\u00f9ng nh\u1eefng anh h\u00f9ng ninja y\u00eau th\u00edch c\u1ee7a b\u1ea1n trong cu\u1ed9c r\u01b0\u1ee3t \u0111u\u1ed5i ngh\u1eb9t th\u1edf nh\u1eb1m b\u1eaft gi\u1eef t\u00ean Drix x\u1ea3o quy\u1ec7t. L\u00ean xe lego ninjago si\u00eau ng\u1ea7u!\" \/>\n<meta name=\"robots\" content=\"index, follow, max-snippet:-1, max-image-preview:large, max-video-preview:-1\" \/>\n<link rel=\"canonical\" href=\"https:\/\/shoplego.azdigi.shop\/index.php\/product\/do-choi-lap-rap-rogue-vs-drix-tran-chien-sieu-xe-lego-ninjago-71840\/\" \/>\n<meta property=\"og:locale\" content=\"en_US\" \/>\n<meta property=\"og:type\" content=\"article\" \/>\n<meta property=\"og:title\" content=\"\u0110\u1ed3 Ch\u01a1i L\u1eafp R\u00e1p Rogue Vs. Drix: Tr\u1eadn Chi\u1ebfn Si\u00eau Xe LEGO NINJAGO 71840 - Shop Lego c\u1ee7a P\u00f4\" \/>\n<meta property=\"og:description\" content=\"H\u00e3y s\u00e1t c\u00e1nh c\u00f9ng nh\u1eefng anh h\u00f9ng ninja y\u00eau th\u00edch c\u1ee7a b\u1ea1n trong cu\u1ed9c r\u01b0\u1ee3t \u0111u\u1ed5i ngh\u1eb9t th\u1edf nh\u1eb1m b\u1eaft gi\u1eef t\u00ean Drix x\u1ea3o quy\u1ec7t. L\u00ean xe lego ninjago si\u00eau ng\u1ea7u!\" \/>\n<meta property=\"og:url\" content=\"https:\/\/shoplego.azdigi.shop\/index.php\/product\/do-choi-lap-rap-rogue-vs-drix-tran-chien-sieu-xe-lego-ninjago-71840\/\" \/>\n<meta property=\"og:site_name\" content=\"Shop Lego c\u1ee7a P\u00f4\" \/>\n<meta property=\"article:modified_time\" content=\"2026-04-11T13:42:52+00:00\" \/>\n<meta property=\"og:image\" content=\"https:\/\/shoplego.azdigi.shop\/wp-content\/uploads\/2026\/04\/Anh-chup-man-hinh-2026-04-11-111813.png\" \/>\n\t<meta property=\"og:image:width\" content=\"905\" \/>\n\t<meta property=\"og:image:height\" content=\"729\" \/>\n\t<meta property=\"og:image:type\" content=\"image\/png\" \/>\n<meta name=\"twitter:card\" content=\"summary_large_image\" \/>\n<meta name=\"twitter:label1\" content=\"Est. reading time\" \/>\n\t<meta name=\"twitter:data1\" content=\"2 minutes\" \/>\n<script type=\"application\/ld+json\" class=\"yoast-schema-graph\">{\"@context\":\"https:\/\/schema.org\",\"@graph\":[{\"@type\":\"WebPage\",\"@id\":\"https:\/\/shoplego.azdigi.shop\/index.php\/product\/do-choi-lap-rap-rogue-vs-drix-tran-chien-sieu-xe-lego-ninjago-71840\/\",\"url\":\"https:\/\/shoplego.azdigi.shop\/index.php\/product\/do-choi-lap-rap-rogue-vs-drix-tran-chien-sieu-xe-lego-ninjago-71840\/\",\"name\":\"\u0110\u1ed3 Ch\u01a1i L\u1eafp R\u00e1p Rogue Vs. Drix: Tr\u1eadn Chi\u1ebfn Si\u00eau Xe LEGO NINJAGO 71840 - Shop Lego c\u1ee7a P\u00f4\",\"isPartOf\":{\"@id\":\"https:\/\/shoplego.azdigi.shop\/#website\"},\"primaryImageOfPage\":{\"@id\":\"https:\/\/shoplego.azdigi.shop\/index.php\/product\/do-choi-lap-rap-rogue-vs-drix-tran-chien-sieu-xe-lego-ninjago-71840\/#primaryimage\"},\"image\":{\"@id\":\"https:\/\/shoplego.azdigi.shop\/index.php\/product\/do-choi-lap-rap-rogue-vs-drix-tran-chien-sieu-xe-lego-ninjago-71840\/#primaryimage\"},\"thumbnailUrl\":\"https:\/\/shoplego.azdigi.shop\/wp-content\/uploads\/2026\/04\/Anh-chup-man-hinh-2026-04-11-111813.png\",\"datePublished\":\"2026-04-11T04:19:28+00:00\",\"dateModified\":\"2026-04-11T13:42:52+00:00\",\"description\":\"H\u00e3y s\u00e1t c\u00e1nh c\u00f9ng nh\u1eefng anh h\u00f9ng ninja y\u00eau th\u00edch c\u1ee7a b\u1ea1n trong cu\u1ed9c r\u01b0\u1ee3t \u0111u\u1ed5i ngh\u1eb9t th\u1edf nh\u1eb1m b\u1eaft gi\u1eef t\u00ean Drix x\u1ea3o quy\u1ec7t. L\u00ean xe lego ninjago si\u00eau ng\u1ea7u!\",\"breadcrumb\":{\"@id\":\"https:\/\/shoplego.azdigi.shop\/index.php\/product\/do-choi-lap-rap-rogue-vs-drix-tran-chien-sieu-xe-lego-ninjago-71840\/#breadcrumb\"},\"inLanguage\":\"en-US\",\"potentialAction\":[{\"@type\":\"ReadAction\",\"target\":[\"https:\/\/shoplego.azdigi.shop\/index.php\/product\/do-choi-lap-rap-rogue-vs-drix-tran-chien-sieu-xe-lego-ninjago-71840\/\"]}]},{\"@type\":\"ImageObject\",\"inLanguage\":\"en-US\",\"@id\":\"https:\/\/shoplego.azdigi.shop\/index.php\/product\/do-choi-lap-rap-rogue-vs-drix-tran-chien-sieu-xe-lego-ninjago-71840\/#primaryimage\",\"url\":\"https:\/\/shoplego.azdigi.shop\/wp-content\/uploads\/2026\/04\/Anh-chup-man-hinh-2026-04-11-111813.png\",\"contentUrl\":\"https:\/\/shoplego.azdigi.shop\/wp-content\/uploads\/2026\/04\/Anh-chup-man-hinh-2026-04-11-111813.png\",\"width\":905,\"height\":729},{\"@type\":\"BreadcrumbList\",\"@id\":\"https:\/\/shoplego.azdigi.shop\/index.php\/product\/do-choi-lap-rap-rogue-vs-drix-tran-chien-sieu-xe-lego-ninjago-71840\/#breadcrumb\",\"itemListElement\":[{\"@type\":\"ListItem\",\"position\":1,\"name\":\"Home\",\"item\":\"https:\/\/shoplego.azdigi.shop\/\"},{\"@type\":\"ListItem\",\"position\":2,\"name\":\"Shop\",\"item\":\"https:\/\/shoplego.azdigi.shop\/index.php\/shop\/\"},{\"@type\":\"ListItem\",\"position\":3,\"name\":\"\u0110\u1ed3 Ch\u01a1i L\u1eafp R\u00e1p Rogue Vs. Drix: Tr\u1eadn Chi\u1ebfn Si\u00eau Xe LEGO NINJAGO 71840\"}]},{\"@type\":\"WebSite\",\"@id\":\"https:\/\/shoplego.azdigi.shop\/#website\",\"url\":\"https:\/\/shoplego.azdigi.shop\/\",\"name\":\"Shop Lego c\u1ee7a P\u00f4\",\"description\":\"\",\"potentialAction\":[{\"@type\":\"SearchAction\",\"target\":{\"@type\":\"EntryPoint\",\"urlTemplate\":\"https:\/\/shoplego.azdigi.shop\/?s={search_term_string}\"},\"query-input\":{\"@type\":\"PropertyValueSpecification\",\"valueRequired\":true,\"valueName\":\"search_term_string\"}}],\"inLanguage\":\"en-US\"}]}<\/script>\n<!-- \/ Yoast SEO plugin. -->","yoast_head_json":{"title":"\u0110\u1ed3 Ch\u01a1i L\u1eafp R\u00e1p Rogue Vs. Drix: Tr\u1eadn Chi\u1ebfn Si\u00eau Xe LEGO NINJAGO 71840 - Shop Lego c\u1ee7a P\u00f4","description":"H\u00e3y s\u00e1t c\u00e1nh c\u00f9ng nh\u1eefng anh h\u00f9ng ninja y\u00eau th\u00edch c\u1ee7a b\u1ea1n trong cu\u1ed9c r\u01b0\u1ee3t \u0111u\u1ed5i ngh\u1eb9t th\u1edf nh\u1eb1m b\u1eaft gi\u1eef t\u00ean Drix x\u1ea3o quy\u1ec7t. L\u00ean xe lego ninjago si\u00eau ng\u1ea7u!","robots":{"index":"index","follow":"follow","max-snippet":"max-snippet:-1","max-image-preview":"max-image-preview:large","max-video-preview":"max-video-preview:-1"},"canonical":"https:\/\/shoplego.azdigi.shop\/index.php\/product\/do-choi-lap-rap-rogue-vs-drix-tran-chien-sieu-xe-lego-ninjago-71840\/","og_locale":"en_US","og_type":"article","og_title":"\u0110\u1ed3 Ch\u01a1i L\u1eafp R\u00e1p Rogue Vs. Drix: Tr\u1eadn Chi\u1ebfn Si\u00eau Xe LEGO NINJAGO 71840 - Shop Lego c\u1ee7a P\u00f4","og_description":"H\u00e3y s\u00e1t c\u00e1nh c\u00f9ng nh\u1eefng anh h\u00f9ng ninja y\u00eau th\u00edch c\u1ee7a b\u1ea1n trong cu\u1ed9c r\u01b0\u1ee3t \u0111u\u1ed5i ngh\u1eb9t th\u1edf nh\u1eb1m b\u1eaft gi\u1eef t\u00ean Drix x\u1ea3o quy\u1ec7t. L\u00ean xe lego ninjago si\u00eau ng\u1ea7u!","og_url":"https:\/\/shoplego.azdigi.shop\/index.php\/product\/do-choi-lap-rap-rogue-vs-drix-tran-chien-sieu-xe-lego-ninjago-71840\/","og_site_name":"Shop Lego c\u1ee7a P\u00f4","article_modified_time":"2026-04-11T13:42:52+00:00","og_image":[{"width":905,"height":729,"url":"https:\/\/shoplego.azdigi.shop\/wp-content\/uploads\/2026\/04\/Anh-chup-man-hinh-2026-04-11-111813.png","type":"image\/png"}],"twitter_card":"summary_large_image","twitter_misc":{"Est. reading time":"2 minutes"},"schema":{"@context":"https:\/\/schema.org","@graph":[{"@type":"WebPage","@id":"https:\/\/shoplego.azdigi.shop\/index.php\/product\/do-choi-lap-rap-rogue-vs-drix-tran-chien-sieu-xe-lego-ninjago-71840\/","url":"https:\/\/shoplego.azdigi.shop\/index.php\/product\/do-choi-lap-rap-rogue-vs-drix-tran-chien-sieu-xe-lego-ninjago-71840\/","name":"\u0110\u1ed3 Ch\u01a1i L\u1eafp R\u00e1p Rogue Vs. Drix: Tr\u1eadn Chi\u1ebfn Si\u00eau Xe LEGO NINJAGO 71840 - Shop Lego c\u1ee7a P\u00f4","isPartOf":{"@id":"https:\/\/shoplego.azdigi.shop\/#website"},"primaryImageOfPage":{"@id":"https:\/\/shoplego.azdigi.shop\/index.php\/product\/do-choi-lap-rap-rogue-vs-drix-tran-chien-sieu-xe-lego-ninjago-71840\/#primaryimage"},"image":{"@id":"https:\/\/shoplego.azdigi.shop\/index.php\/product\/do-choi-lap-rap-rogue-vs-drix-tran-chien-sieu-xe-lego-ninjago-71840\/#primaryimage"},"thumbnailUrl":"https:\/\/shoplego.azdigi.shop\/wp-content\/uploads\/2026\/04\/Anh-chup-man-hinh-2026-04-11-111813.png","datePublished":"2026-04-11T04:19:28+00:00","dateModified":"2026-04-11T13:42:52+00:00","description":"H\u00e3y s\u00e1t c\u00e1nh c\u00f9ng nh\u1eefng anh h\u00f9ng ninja y\u00eau th\u00edch c\u1ee7a b\u1ea1n trong cu\u1ed9c r\u01b0\u1ee3t \u0111u\u1ed5i ngh\u1eb9t th\u1edf nh\u1eb1m b\u1eaft gi\u1eef t\u00ean Drix x\u1ea3o quy\u1ec7t. L\u00ean xe lego ninjago si\u00eau ng\u1ea7u!","breadcrumb":{"@id":"https:\/\/shoplego.azdigi.shop\/index.php\/product\/do-choi-lap-rap-rogue-vs-drix-tran-chien-sieu-xe-lego-ninjago-71840\/#breadcrumb"},"inLanguage":"en-US","potentialAction":[{"@type":"ReadAction","target":["https:\/\/shoplego.azdigi.shop\/index.php\/product\/do-choi-lap-rap-rogue-vs-drix-tran-chien-sieu-xe-lego-ninjago-71840\/"]}]},{"@type":"ImageObject","inLanguage":"en-US","@id":"https:\/\/shoplego.azdigi.shop\/index.php\/product\/do-choi-lap-rap-rogue-vs-drix-tran-chien-sieu-xe-lego-ninjago-71840\/#primaryimage","url":"https:\/\/shoplego.azdigi.shop\/wp-content\/uploads\/2026\/04\/Anh-chup-man-hinh-2026-04-11-111813.png","contentUrl":"https:\/\/shoplego.azdigi.shop\/wp-content\/uploads\/2026\/04\/Anh-chup-man-hinh-2026-04-11-111813.png","width":905,"height":729},{"@type":"BreadcrumbList","@id":"https:\/\/shoplego.azdigi.shop\/index.php\/product\/do-choi-lap-rap-rogue-vs-drix-tran-chien-sieu-xe-lego-ninjago-71840\/#breadcrumb","itemListElement":[{"@type":"ListItem","position":1,"name":"Home","item":"https:\/\/shoplego.azdigi.shop\/"},{"@type":"ListItem","position":2,"name":"Shop","item":"https:\/\/shoplego.azdigi.shop\/index.php\/shop\/"},{"@type":"ListItem","position":3,"name":"\u0110\u1ed3 Ch\u01a1i L\u1eafp R\u00e1p Rogue Vs. Drix: Tr\u1eadn Chi\u1ebfn Si\u00eau Xe LEGO NINJAGO 71840"}]},{"@type":"WebSite","@id":"https:\/\/shoplego.azdigi.shop\/#website","url":"https:\/\/shoplego.azdigi.shop\/","name":"Shop Lego c\u1ee7a P\u00f4","description":"","potentialAction":[{"@type":"SearchAction","target":{"@type":"EntryPoint","urlTemplate":"https:\/\/shoplego.azdigi.shop\/?s={search_term_string}"},"query-input":{"@type":"PropertyValueSpecification","valueRequired":true,"valueName":"search_term_string"}}],"inLanguage":"en-US"}]}},"_links":{"self":[{"href":"https:\/\/shoplego.azdigi.shop\/index.php\/wp-json\/wp\/v2\/product\/97","targetHints":{"allow":["GET"]}}],"collection":[{"href":"https:\/\/shoplego.azdigi.shop\/index.php\/wp-json\/wp\/v2\/product"}],"about":[{"href":"https:\/\/shoplego.azdigi.shop\/index.php\/wp-json\/wp\/v2\/types\/product"}],"replies":[{"embeddable":true,"href":"https:\/\/shoplego.azdigi.shop\/index.php\/wp-json\/wp\/v2\/comments?post=97"}],"wp:featuredmedia":[{"embeddable":true,"href":"https:\/\/shoplego.azdigi.shop\/index.php\/wp-json\/wp\/v2\/media\/98"}],"wp:attachment":[{"href":"https:\/\/shoplego.azdigi.shop\/index.php\/wp-json\/wp\/v2\/media?parent=97"}],"wp:term":[{"taxonomy":"product_brand","embeddable":true,"href":"https:\/\/shoplego.azdigi.shop\/index.php\/wp-json\/wp\/v2\/product_brand?post=97"},{"taxonomy":"product_cat","embeddable":true,"href":"https:\/\/shoplego.azdigi.shop\/index.php\/wp-json\/wp\/v2\/product_cat?post=97"},{"taxonomy":"product_tag","embeddable":true,"href":"https:\/\/shoplego.azdigi.shop\/index.php\/wp-json\/wp\/v2\/product_tag?post=97"}],"curies":[{"name":"wp","href":"https:\/\/api.w.org\/{rel}","templated":true}]}}