{"id":94,"date":"2026-04-11T04:13:00","date_gmt":"2026-04-11T04:13:00","guid":{"rendered":"https:\/\/shoplego.azdigi.shop\/?post_type=product&#038;p=94"},"modified":"2026-04-11T13:43:00","modified_gmt":"2026-04-11T13:43:00","slug":"do-choi-lap-rap-may-bay-phan-luc-va-xe-hoi-lego-city","status":"publish","type":"product","link":"https:\/\/shoplego.azdigi.shop\/index.php\/product\/do-choi-lap-rap-may-bay-phan-luc-va-xe-hoi-lego-city\/","title":{"rendered":"\u0110\u1ed3 Ch\u01a1i L\u1eafp R\u00e1p M\u00e1y Bay Ph\u1ea3n L\u1ef1c V\u00e0 Xe H\u01a1i LEGO CITY"},"content":{"rendered":"<h2>\u0110\u1ed3 Ch\u01a1i L\u1eafp R\u00e1p M\u00e1y Bay Ph\u1ea3n L\u1ef1c V\u00e0 Xe H\u01a1i LEGO CITY 60489 (259 chi ti\u1ebft)<\/h2>\n<p><img loading=\"lazy\" decoding=\"async\" class=\"aligncenter\" src=\"https:\/\/www.mykingdom.com.vn\/cdn\/shop\/files\/do-choi-lap-rap-may-bay-phan-luc-va-xe-hoi-lego-city-60489_4.jpg?v=1765818320&amp;width=1946\" alt=\"do-choi-lap-rap-may-bay-phan-luc-va-xe-hoi-lego-city-60489-01\" width=\"589\" height=\"589\" \/><\/p>\n<p>Cu\u1ed9c \u0111\u1ed1i \u0111\u1ea7u \u0111\u1ec9nh cao trong th\u1eed th\u00e1ch LEGO\u00ae City No Limits! H\u00e3y nh\u1ea3y v\u00e0o bu\u1ed3ng l\u00e1i c\u1ee7a chi\u1ebfc si\u00eau xe b\u00f3ng b\u1ea9y ho\u1eb7c c\u1ea5t c\u00e1nh tr\u00ean b\u1ea7u tr\u1eddi c\u00f9ng m\u00e1y bay ph\u1ea3n l\u1ef1c c\u00e1nh qu\u00e9t. Th\u1ef1c hi\u1ec7n nh\u1eefng pha \u0111ua \u0111\u01b0\u1eddng ph\u1ed1 ngo\u1ea1n m\u1ee5c v\u00e0 k\u00edch ho\u1ea1t \u0111\u1ed9ng c\u01a1 ph\u1ee5 c\u1ee7a M\u00e1y Bay Ph\u1ea3n L\u1ef1c V\u00e0 Xe H\u01a1i \u0111\u1ec3 t\u0103ng nhi\u1ec7t cho cu\u1ed9c \u0111ua. Ai s\u1ebd chi\u1ebfn th\u1eafng \u2013 \u0111\u01b0\u1eddng b\u1ed9 hay b\u1ea7u tr\u1eddi? Th\u1eaft d\u00e2y an to\u00e0n v\u00e0 s\u1eb5n s\u00e0ng cho nh\u1eefng cu\u1ed9c phi\u00eau l\u01b0u t\u1ed1c \u0111\u1ed9 cao trong LEGO\u00ae City!<\/p>\n<p>\u0110\u1ed3 ch\u01a1i LEGO\u00ae City Jet vs. Car d\u00e0nh cho tr\u1ebb t\u1eeb 6 tu\u1ed5i tr\u1edf l\u00ean, g\u1ed3m si\u00eau xe v\u00e0 m\u00e1y bay ph\u1ea3n l\u1ef1c<\/p>\n<p>Bao g\u1ed3m m\u1ecdi chi ti\u1ebft \u0111\u1ec3 l\u1eafp r\u00e1p m\u00f4 h\u00ecnh si\u00eau xe v\u00e0 m\u00e1y bay ph\u1ea3n l\u1ef1c, c\u00f9ng minifigure phi c\u00f4ng v\u00e0 t\u00e0i x\u1ebf<\/p>\n<p>Tr\u1ebb c\u00f3 th\u1ec3 k\u00e9o c\u1ea7n g\u1ea1t \u0111\u1ec3 k\u00edch ho\u1ea1t \u0111\u1ed9ng c\u01a1 ph\u1ee5 c\u1ee7a m\u00e1y bay ph\u1ea3n l\u1ef1c<\/p>\n<p>T\u0103ng tr\u1ea3i nghi\u1ec7m s\u00e1ng t\u1ea1o v\u1edbi \u1ee9ng d\u1ee5ng LEGO\u00ae Builder \u2013 xoay, ph\u00f3ng to v\u00e0 l\u01b0u ti\u1ebfn tr\u00ecnh l\u1eafp r\u00e1p<\/p>\n<p>M\u00f3n qu\u00e0 tuy\u1ec7t v\u1eddi cho b\u00e9 t\u1eeb 6 tu\u1ed5i tr\u1edf l\u00ean, \u0111\u1eb7c bi\u1ec7t v\u1edbi c\u00e1c b\u1ea1n y\u00eau th\u00edch xe \u0111ua v\u00e0 m\u00f4 h\u00ecnh m\u00e1y bay<\/p>\n<p>C\u00f3 th\u1ec3 k\u1ebft h\u1ee3p v\u1edbi c\u00e1c b\u1ed9 LEGO\u00ae City kh\u00e1c (b\u00e1n ri\u00eang)<\/p>\n<p>C\u00e1c b\u1ed9 LEGO\u00ae City gi\u00fap tr\u1ebb ph\u00e1t huy tr\u00ed t\u01b0\u1edfng t\u01b0\u1ee3ng kh\u00f4ng gi\u1edbi h\u1ea1n<\/p>\n<p>M\u00f4 h\u00ecnh m\u00e1y bay ph\u1ea3n l\u1ef1c trong b\u1ed9 259 chi ti\u1ebft d\u00e0i kho\u1ea3ng 21 cm<\/p>\n","protected":false},"excerpt":{"rendered":"<p>\u0110\u1ed3 Ch\u01a1i L\u1eafp R\u00e1p M\u00e1y Bay Ph\u1ea3n L\u1ef1c V\u00e0 Xe H\u01a1i LEGO CITY 60489 (259 chi ti\u1ebft) Cu\u1ed9c \u0111\u1ed1i \u0111\u1ea7u \u0111\u1ec9nh cao trong th\u1eed th\u00e1ch LEGO\u00ae City No Limits! H\u00e3y nh\u1ea3y v\u00e0o bu\u1ed3ng l\u00e1i c\u1ee7a chi\u1ebfc si\u00eau xe b\u00f3ng b\u1ea9y ho\u1eb7c c\u1ea5t c\u00e1nh tr\u00ean b\u1ea7u tr\u1eddi c\u00f9ng m\u00e1y bay ph\u1ea3n l\u1ef1c c\u00e1nh qu\u00e9t. Th\u1ef1c hi\u1ec7n [&#8230;]\n","protected":false},"featured_media":95,"comment_status":"open","ping_status":"closed","template":"","meta":[],"product_brand":[],"product_cat":[17],"product_tag":[],"class_list":{"0":"post-94","1":"product","2":"type-product","3":"status-publish","4":"has-post-thumbnail","6":"product_cat-lego","8":"first","9":"instock","10":"sale","11":"shipping-taxable","12":"purchasable","13":"product-type-simple"},"yoast_head":"<!-- This site is optimized with the Yoast SEO plugin v27.2 - https:\/\/yoast.com\/product\/yoast-seo-wordpress\/ -->\n<title>\u0110\u1ed3 Ch\u01a1i L\u1eafp R\u00e1p M\u00e1y Bay Ph\u1ea3n L\u1ef1c V\u00e0 Xe H\u01a1i LEGO CITY - Shop Lego c\u1ee7a P\u00f4<\/title>\n<meta name=\"description\" content=\"G\u1ed3m m\u1ecdi chi ti\u1ebft \u0111\u1ec3 l\u1eafp r\u00e1p m\u00f4 h\u00ecnh si\u00eau xe v\u00e0 m\u00e1y bay ph\u1ea3n l\u1ef1c, c\u00f9ng minifigure phi c\u00f4ng v\u00e0 t\u00e0i x\u1ebf. C\u00f3 th\u1ec3 k\u00e9o c\u1ea7n g\u1ea1t \u0111\u1ec3 k\u00edch ho\u1ea1t \u0111\u1ed9ng c\u01a1 ph\u1ee5 c\u1ee7a m\u00e1y bay\" \/>\n<meta name=\"robots\" content=\"index, follow, max-snippet:-1, max-image-preview:large, max-video-preview:-1\" \/>\n<link rel=\"canonical\" href=\"https:\/\/shoplego.azdigi.shop\/index.php\/product\/do-choi-lap-rap-may-bay-phan-luc-va-xe-hoi-lego-city\/\" \/>\n<meta property=\"og:locale\" content=\"en_US\" \/>\n<meta property=\"og:type\" content=\"article\" \/>\n<meta property=\"og:title\" content=\"\u0110\u1ed3 Ch\u01a1i L\u1eafp R\u00e1p M\u00e1y Bay Ph\u1ea3n L\u1ef1c V\u00e0 Xe H\u01a1i LEGO CITY - Shop Lego c\u1ee7a P\u00f4\" \/>\n<meta property=\"og:description\" content=\"G\u1ed3m m\u1ecdi chi ti\u1ebft \u0111\u1ec3 l\u1eafp r\u00e1p m\u00f4 h\u00ecnh si\u00eau xe v\u00e0 m\u00e1y bay ph\u1ea3n l\u1ef1c, c\u00f9ng minifigure phi c\u00f4ng v\u00e0 t\u00e0i x\u1ebf. C\u00f3 th\u1ec3 k\u00e9o c\u1ea7n g\u1ea1t \u0111\u1ec3 k\u00edch ho\u1ea1t \u0111\u1ed9ng c\u01a1 ph\u1ee5 c\u1ee7a m\u00e1y bay\" \/>\n<meta property=\"og:url\" content=\"https:\/\/shoplego.azdigi.shop\/index.php\/product\/do-choi-lap-rap-may-bay-phan-luc-va-xe-hoi-lego-city\/\" \/>\n<meta property=\"og:site_name\" content=\"Shop Lego c\u1ee7a P\u00f4\" \/>\n<meta property=\"article:modified_time\" content=\"2026-04-11T13:43:00+00:00\" \/>\n<meta property=\"og:image\" content=\"https:\/\/shoplego.azdigi.shop\/wp-content\/uploads\/2026\/04\/Anh-chup-man-hinh-2026-04-11-111148.png\" \/>\n\t<meta property=\"og:image:width\" content=\"901\" \/>\n\t<meta property=\"og:image:height\" content=\"702\" \/>\n\t<meta property=\"og:image:type\" content=\"image\/png\" \/>\n<meta name=\"twitter:card\" content=\"summary_large_image\" \/>\n<meta name=\"twitter:label1\" content=\"Est. reading time\" \/>\n\t<meta name=\"twitter:data1\" content=\"2 minutes\" \/>\n<script type=\"application\/ld+json\" class=\"yoast-schema-graph\">{\"@context\":\"https:\/\/schema.org\",\"@graph\":[{\"@type\":\"WebPage\",\"@id\":\"https:\/\/shoplego.azdigi.shop\/index.php\/product\/do-choi-lap-rap-may-bay-phan-luc-va-xe-hoi-lego-city\/\",\"url\":\"https:\/\/shoplego.azdigi.shop\/index.php\/product\/do-choi-lap-rap-may-bay-phan-luc-va-xe-hoi-lego-city\/\",\"name\":\"\u0110\u1ed3 Ch\u01a1i L\u1eafp R\u00e1p M\u00e1y Bay Ph\u1ea3n L\u1ef1c V\u00e0 Xe H\u01a1i LEGO CITY - Shop Lego c\u1ee7a P\u00f4\",\"isPartOf\":{\"@id\":\"https:\/\/shoplego.azdigi.shop\/#website\"},\"primaryImageOfPage\":{\"@id\":\"https:\/\/shoplego.azdigi.shop\/index.php\/product\/do-choi-lap-rap-may-bay-phan-luc-va-xe-hoi-lego-city\/#primaryimage\"},\"image\":{\"@id\":\"https:\/\/shoplego.azdigi.shop\/index.php\/product\/do-choi-lap-rap-may-bay-phan-luc-va-xe-hoi-lego-city\/#primaryimage\"},\"thumbnailUrl\":\"https:\/\/shoplego.azdigi.shop\/wp-content\/uploads\/2026\/04\/Anh-chup-man-hinh-2026-04-11-111148.png\",\"datePublished\":\"2026-04-11T04:13:00+00:00\",\"dateModified\":\"2026-04-11T13:43:00+00:00\",\"description\":\"G\u1ed3m m\u1ecdi chi ti\u1ebft \u0111\u1ec3 l\u1eafp r\u00e1p m\u00f4 h\u00ecnh si\u00eau xe v\u00e0 m\u00e1y bay ph\u1ea3n l\u1ef1c, c\u00f9ng minifigure phi c\u00f4ng v\u00e0 t\u00e0i x\u1ebf. C\u00f3 th\u1ec3 k\u00e9o c\u1ea7n g\u1ea1t \u0111\u1ec3 k\u00edch ho\u1ea1t \u0111\u1ed9ng c\u01a1 ph\u1ee5 c\u1ee7a m\u00e1y bay\",\"breadcrumb\":{\"@id\":\"https:\/\/shoplego.azdigi.shop\/index.php\/product\/do-choi-lap-rap-may-bay-phan-luc-va-xe-hoi-lego-city\/#breadcrumb\"},\"inLanguage\":\"en-US\",\"potentialAction\":[{\"@type\":\"ReadAction\",\"target\":[\"https:\/\/shoplego.azdigi.shop\/index.php\/product\/do-choi-lap-rap-may-bay-phan-luc-va-xe-hoi-lego-city\/\"]}]},{\"@type\":\"ImageObject\",\"inLanguage\":\"en-US\",\"@id\":\"https:\/\/shoplego.azdigi.shop\/index.php\/product\/do-choi-lap-rap-may-bay-phan-luc-va-xe-hoi-lego-city\/#primaryimage\",\"url\":\"https:\/\/shoplego.azdigi.shop\/wp-content\/uploads\/2026\/04\/Anh-chup-man-hinh-2026-04-11-111148.png\",\"contentUrl\":\"https:\/\/shoplego.azdigi.shop\/wp-content\/uploads\/2026\/04\/Anh-chup-man-hinh-2026-04-11-111148.png\",\"width\":901,\"height\":702},{\"@type\":\"BreadcrumbList\",\"@id\":\"https:\/\/shoplego.azdigi.shop\/index.php\/product\/do-choi-lap-rap-may-bay-phan-luc-va-xe-hoi-lego-city\/#breadcrumb\",\"itemListElement\":[{\"@type\":\"ListItem\",\"position\":1,\"name\":\"Home\",\"item\":\"https:\/\/shoplego.azdigi.shop\/\"},{\"@type\":\"ListItem\",\"position\":2,\"name\":\"Shop\",\"item\":\"https:\/\/shoplego.azdigi.shop\/index.php\/shop\/\"},{\"@type\":\"ListItem\",\"position\":3,\"name\":\"\u0110\u1ed3 Ch\u01a1i L\u1eafp R\u00e1p M\u00e1y Bay Ph\u1ea3n L\u1ef1c V\u00e0 Xe H\u01a1i LEGO CITY\"}]},{\"@type\":\"WebSite\",\"@id\":\"https:\/\/shoplego.azdigi.shop\/#website\",\"url\":\"https:\/\/shoplego.azdigi.shop\/\",\"name\":\"Shop Lego c\u1ee7a P\u00f4\",\"description\":\"\",\"potentialAction\":[{\"@type\":\"SearchAction\",\"target\":{\"@type\":\"EntryPoint\",\"urlTemplate\":\"https:\/\/shoplego.azdigi.shop\/?s={search_term_string}\"},\"query-input\":{\"@type\":\"PropertyValueSpecification\",\"valueRequired\":true,\"valueName\":\"search_term_string\"}}],\"inLanguage\":\"en-US\"}]}<\/script>\n<!-- \/ Yoast SEO plugin. -->","yoast_head_json":{"title":"\u0110\u1ed3 Ch\u01a1i L\u1eafp R\u00e1p M\u00e1y Bay Ph\u1ea3n L\u1ef1c V\u00e0 Xe H\u01a1i LEGO CITY - Shop Lego c\u1ee7a P\u00f4","description":"G\u1ed3m m\u1ecdi chi ti\u1ebft \u0111\u1ec3 l\u1eafp r\u00e1p m\u00f4 h\u00ecnh si\u00eau xe v\u00e0 m\u00e1y bay ph\u1ea3n l\u1ef1c, c\u00f9ng minifigure phi c\u00f4ng v\u00e0 t\u00e0i x\u1ebf. C\u00f3 th\u1ec3 k\u00e9o c\u1ea7n g\u1ea1t \u0111\u1ec3 k\u00edch ho\u1ea1t \u0111\u1ed9ng c\u01a1 ph\u1ee5 c\u1ee7a m\u00e1y bay","robots":{"index":"index","follow":"follow","max-snippet":"max-snippet:-1","max-image-preview":"max-image-preview:large","max-video-preview":"max-video-preview:-1"},"canonical":"https:\/\/shoplego.azdigi.shop\/index.php\/product\/do-choi-lap-rap-may-bay-phan-luc-va-xe-hoi-lego-city\/","og_locale":"en_US","og_type":"article","og_title":"\u0110\u1ed3 Ch\u01a1i L\u1eafp R\u00e1p M\u00e1y Bay Ph\u1ea3n L\u1ef1c V\u00e0 Xe H\u01a1i LEGO CITY - Shop Lego c\u1ee7a P\u00f4","og_description":"G\u1ed3m m\u1ecdi chi ti\u1ebft \u0111\u1ec3 l\u1eafp r\u00e1p m\u00f4 h\u00ecnh si\u00eau xe v\u00e0 m\u00e1y bay ph\u1ea3n l\u1ef1c, c\u00f9ng minifigure phi c\u00f4ng v\u00e0 t\u00e0i x\u1ebf. C\u00f3 th\u1ec3 k\u00e9o c\u1ea7n g\u1ea1t \u0111\u1ec3 k\u00edch ho\u1ea1t \u0111\u1ed9ng c\u01a1 ph\u1ee5 c\u1ee7a m\u00e1y bay","og_url":"https:\/\/shoplego.azdigi.shop\/index.php\/product\/do-choi-lap-rap-may-bay-phan-luc-va-xe-hoi-lego-city\/","og_site_name":"Shop Lego c\u1ee7a P\u00f4","article_modified_time":"2026-04-11T13:43:00+00:00","og_image":[{"width":901,"height":702,"url":"https:\/\/shoplego.azdigi.shop\/wp-content\/uploads\/2026\/04\/Anh-chup-man-hinh-2026-04-11-111148.png","type":"image\/png"}],"twitter_card":"summary_large_image","twitter_misc":{"Est. reading time":"2 minutes"},"schema":{"@context":"https:\/\/schema.org","@graph":[{"@type":"WebPage","@id":"https:\/\/shoplego.azdigi.shop\/index.php\/product\/do-choi-lap-rap-may-bay-phan-luc-va-xe-hoi-lego-city\/","url":"https:\/\/shoplego.azdigi.shop\/index.php\/product\/do-choi-lap-rap-may-bay-phan-luc-va-xe-hoi-lego-city\/","name":"\u0110\u1ed3 Ch\u01a1i L\u1eafp R\u00e1p M\u00e1y Bay Ph\u1ea3n L\u1ef1c V\u00e0 Xe H\u01a1i LEGO CITY - Shop Lego c\u1ee7a P\u00f4","isPartOf":{"@id":"https:\/\/shoplego.azdigi.shop\/#website"},"primaryImageOfPage":{"@id":"https:\/\/shoplego.azdigi.shop\/index.php\/product\/do-choi-lap-rap-may-bay-phan-luc-va-xe-hoi-lego-city\/#primaryimage"},"image":{"@id":"https:\/\/shoplego.azdigi.shop\/index.php\/product\/do-choi-lap-rap-may-bay-phan-luc-va-xe-hoi-lego-city\/#primaryimage"},"thumbnailUrl":"https:\/\/shoplego.azdigi.shop\/wp-content\/uploads\/2026\/04\/Anh-chup-man-hinh-2026-04-11-111148.png","datePublished":"2026-04-11T04:13:00+00:00","dateModified":"2026-04-11T13:43:00+00:00","description":"G\u1ed3m m\u1ecdi chi ti\u1ebft \u0111\u1ec3 l\u1eafp r\u00e1p m\u00f4 h\u00ecnh si\u00eau xe v\u00e0 m\u00e1y bay ph\u1ea3n l\u1ef1c, c\u00f9ng minifigure phi c\u00f4ng v\u00e0 t\u00e0i x\u1ebf. C\u00f3 th\u1ec3 k\u00e9o c\u1ea7n g\u1ea1t \u0111\u1ec3 k\u00edch ho\u1ea1t \u0111\u1ed9ng c\u01a1 ph\u1ee5 c\u1ee7a m\u00e1y bay","breadcrumb":{"@id":"https:\/\/shoplego.azdigi.shop\/index.php\/product\/do-choi-lap-rap-may-bay-phan-luc-va-xe-hoi-lego-city\/#breadcrumb"},"inLanguage":"en-US","potentialAction":[{"@type":"ReadAction","target":["https:\/\/shoplego.azdigi.shop\/index.php\/product\/do-choi-lap-rap-may-bay-phan-luc-va-xe-hoi-lego-city\/"]}]},{"@type":"ImageObject","inLanguage":"en-US","@id":"https:\/\/shoplego.azdigi.shop\/index.php\/product\/do-choi-lap-rap-may-bay-phan-luc-va-xe-hoi-lego-city\/#primaryimage","url":"https:\/\/shoplego.azdigi.shop\/wp-content\/uploads\/2026\/04\/Anh-chup-man-hinh-2026-04-11-111148.png","contentUrl":"https:\/\/shoplego.azdigi.shop\/wp-content\/uploads\/2026\/04\/Anh-chup-man-hinh-2026-04-11-111148.png","width":901,"height":702},{"@type":"BreadcrumbList","@id":"https:\/\/shoplego.azdigi.shop\/index.php\/product\/do-choi-lap-rap-may-bay-phan-luc-va-xe-hoi-lego-city\/#breadcrumb","itemListElement":[{"@type":"ListItem","position":1,"name":"Home","item":"https:\/\/shoplego.azdigi.shop\/"},{"@type":"ListItem","position":2,"name":"Shop","item":"https:\/\/shoplego.azdigi.shop\/index.php\/shop\/"},{"@type":"ListItem","position":3,"name":"\u0110\u1ed3 Ch\u01a1i L\u1eafp R\u00e1p M\u00e1y Bay Ph\u1ea3n L\u1ef1c V\u00e0 Xe H\u01a1i LEGO CITY"}]},{"@type":"WebSite","@id":"https:\/\/shoplego.azdigi.shop\/#website","url":"https:\/\/shoplego.azdigi.shop\/","name":"Shop Lego c\u1ee7a P\u00f4","description":"","potentialAction":[{"@type":"SearchAction","target":{"@type":"EntryPoint","urlTemplate":"https:\/\/shoplego.azdigi.shop\/?s={search_term_string}"},"query-input":{"@type":"PropertyValueSpecification","valueRequired":true,"valueName":"search_term_string"}}],"inLanguage":"en-US"}]}},"_links":{"self":[{"href":"https:\/\/shoplego.azdigi.shop\/index.php\/wp-json\/wp\/v2\/product\/94","targetHints":{"allow":["GET"]}}],"collection":[{"href":"https:\/\/shoplego.azdigi.shop\/index.php\/wp-json\/wp\/v2\/product"}],"about":[{"href":"https:\/\/shoplego.azdigi.shop\/index.php\/wp-json\/wp\/v2\/types\/product"}],"replies":[{"embeddable":true,"href":"https:\/\/shoplego.azdigi.shop\/index.php\/wp-json\/wp\/v2\/comments?post=94"}],"wp:featuredmedia":[{"embeddable":true,"href":"https:\/\/shoplego.azdigi.shop\/index.php\/wp-json\/wp\/v2\/media\/95"}],"wp:attachment":[{"href":"https:\/\/shoplego.azdigi.shop\/index.php\/wp-json\/wp\/v2\/media?parent=94"}],"wp:term":[{"taxonomy":"product_brand","embeddable":true,"href":"https:\/\/shoplego.azdigi.shop\/index.php\/wp-json\/wp\/v2\/product_brand?post=94"},{"taxonomy":"product_cat","embeddable":true,"href":"https:\/\/shoplego.azdigi.shop\/index.php\/wp-json\/wp\/v2\/product_cat?post=94"},{"taxonomy":"product_tag","embeddable":true,"href":"https:\/\/shoplego.azdigi.shop\/index.php\/wp-json\/wp\/v2\/product_tag?post=94"}],"curies":[{"name":"wp","href":"https:\/\/api.w.org\/{rel}","templated":true}]}}