{"id":85,"date":"2026-04-11T04:01:25","date_gmt":"2026-04-11T04:01:25","guid":{"rendered":"https:\/\/shoplego.azdigi.shop\/?post_type=product&#038;p=85"},"modified":"2026-04-11T13:43:16","modified_gmt":"2026-04-11T13:43:16","slug":"do-choi-lap-rap-xe-the-thao-mau-do-lego-city-60448-109-chi-tiet","status":"publish","type":"product","link":"https:\/\/shoplego.azdigi.shop\/index.php\/product\/do-choi-lap-rap-xe-the-thao-mau-do-lego-city-60448-109-chi-tiet\/","title":{"rendered":"\u0110\u1ed3 Ch\u01a1i L\u1eafp R\u00e1p Xe Th\u1ec3 Thao M\u00e0u \u0110\u1ecf LEGO CITY 60448 (109 chi ti\u1ebft)"},"content":{"rendered":"<div class=\"product-detail__product-description-content expanded\" data-expanded=\"true\">\n<h2>\u0110\u1ed3 Ch\u01a1i L\u1eafp R\u00e1p Xe Th\u1ec3 Thao M\u00e0u \u0110\u1ecf LEGO CITY 60448 (109 chi ti\u1ebft)<\/h2>\n<p><img loading=\"lazy\" decoding=\"async\" class=\"aligncenter\" src=\"https:\/\/www.mykingdom.com.vn\/cdn\/shop\/files\/do-choi-lap-rap-xe-the-thao-mau-do-lego-city-60448.png?v=1741235362&amp;width=1946\" alt=\"do-choi-lap-rap-xe-the-thao-mau-do-lego-city-60448-01\" width=\"583\" height=\"583\" \/><\/p>\n<p>N\u00e0o, c\u00f9ng l\u00e1i si\u00eau xe \u0111\u1ecf Lego\u00ae City! Chi\u1ebfc si\u00eau xe b\u00f3ng b\u1ea9y n\u00e0y \u0111i k\u00e8m v\u1edbi h\u1ee3p kim si\u00eau ng\u1ea7u, l\u1ed1p xe th\u1ea5p v\u00e0 m\u1ed9t bu\u1ed3ng l\u00e1i c\u00f3 m\u00e1i che c\u00f3 th\u1ec3 m\u1edf ra \u0111\u1ec3 l\u00e1i xe mui tr\u1ea7n. M\u1edf c\u1ed1p \u0111\u1ec3 c\u1ea5t \u0111i\u1ec7n tho\u1ea1i di \u0111\u1ed9ng v\u00e0 thi\u1ebft b\u1ecb v\u1ec7 sinh c\u1ee7a b\u1ea1n. Sau \u0111\u00f3, nh\u1ea3y l\u00ean gh\u1ebf l\u00e1i v\u00e0 h\u01b0\u1edbng \u0111\u1ebfn con \u0111\u01b0\u1eddng m\u1edf!<\/p>\n<p>B\u1ed9 \u0111\u1ed3 ch\u01a1i si\u00eau xe \u0111\u1ecf Lego\u00ae City d\u00e0nh cho c\u00e1c b\u00e9 t\u1eeb 5 tu\u1ed5i tr\u1edf l\u00ean<\/p>\n<p>B\u1ed9 xe \u0111\u1ed3 ch\u01a1i v\u1edbi m\u1ed9t chi\u1ebfc xe th\u1ec3 thao \u0111\u1ecf v\u00e0 m\u1ed9t nh\u00e2n v\u1eadt nh\u1ecf l\u00e1i xe<\/p>\n<p>\u0110\u1eb7t t\u00e0i x\u1ebf ph\u00eda sau tay l\u00e1i v\u00e0 \u0111\u1eb7t thi\u1ebft b\u1ecb v\u1ec7 sinh v\u00e0o c\u1ed1p xe<\/p>\n<p>\u0110\u1ed3 ch\u01a1i l\u00e1i xe n\u00e0y bao g\u1ed3m m\u1ed9t \u0111i\u1ec7n tho\u1ea1i di \u0111\u1ed9ng, b\u00ecnh x\u1ecbt v\u00e0 mi\u1ebfng b\u1ecdt bi\u1ec3n \u0111\u1ec3 ch\u01a1i<\/p>\n<p>B\u1ea5t ng\u1edd cho ng\u01b0\u1eddi h\u00f9ng h\u00e0ng ng\u00e0y c\u1ee7a b\u1ea1n v\u1edbi m\u00f3n qu\u00e0 xe th\u1ec3 thao vui nh\u1ed9n n\u00e0y d\u00e0nh cho c\u00e1c b\u00e9<\/p>\n<p>Bao g\u1ed3m h\u01b0\u1edbng d\u1eabn in v\u00e0 h\u01b0\u1edbng d\u1eabn k\u1ef9 thu\u1eadt s\u1ed1 3D trong \u1ee9ng d\u1ee5ng Lego\u00ae Builder<\/p>\n<p>\u0110\u1ed3 ch\u01a1i x\u00e2y d\u1ef1ng Lego\u00ae City gi\u00fap tr\u1ebb ph\u00e1t tri\u1ec3n c\u00e1c k\u1ef9 n\u0103ng s\u1ed1ng quan tr\u1ecdng th\u00f4ng qua tr\u00f2 ch\u01a1i<\/p>\n<p>Chi\u1ebfc xe th\u1ec3 thao \u0111\u1ed3 ch\u01a1i trong b\u1ed9 109 m\u1ea3nh n\u00e0y d\u00e0i h\u01a1n 13 cm (5 in.)<\/p>\n<p><strong>TH\u00d4NG TIN S\u1ea2N PH\u1ea8M<\/strong><\/p>\n<table class=\"table-product-information\" style=\"height: 210px;\" width=\"643\" cellspacing=\"0\" cellpadding=\"0\">\n<tbody>\n<tr>\n<td><strong>Ch\u1ee7 \u0111\u1ec1<\/strong><\/td>\n<td><strong>LEGO CITY GREAT VEHICLES<\/strong><\/td>\n<\/tr>\n<tr>\n<td>Tu\u1ed5i<\/td>\n<td>5year-99year<\/td>\n<\/tr>\n<tr>\n<td>Gi\u1edbi t\u00ednh<\/td>\n<td>Boy<\/td>\n<\/tr>\n<tr>\n<td>Th\u01b0\u01a1ng hi\u1ec7u<\/td>\n<td>LEGO CITY<\/td>\n<\/tr>\n<tr>\n<td>Xu\u1ea5t x\u1ee9 th\u01b0\u01a1ng hi\u1ec7u<\/td>\n<td>\u0110an M\u1ea1ch<\/td>\n<\/tr>\n<tr>\n<td>Xu\u1ea5t x\u1ee9<\/td>\n<td>Trung Qu\u1ed1c<\/td>\n<\/tr>\n<\/tbody>\n<\/table>\n<\/div>\n","protected":false},"excerpt":{"rendered":"<p>\u0110\u1ed3 Ch\u01a1i L\u1eafp R\u00e1p Xe Th\u1ec3 Thao M\u00e0u \u0110\u1ecf LEGO CITY 60448 (109 chi ti\u1ebft) N\u00e0o, c\u00f9ng l\u00e1i si\u00eau xe \u0111\u1ecf Lego\u00ae City! Chi\u1ebfc si\u00eau xe b\u00f3ng b\u1ea9y n\u00e0y \u0111i k\u00e8m v\u1edbi h\u1ee3p kim si\u00eau ng\u1ea7u, l\u1ed1p xe th\u1ea5p v\u00e0 m\u1ed9t bu\u1ed3ng l\u00e1i c\u00f3 m\u00e1i che c\u00f3 th\u1ec3 m\u1edf ra \u0111\u1ec3 l\u00e1i xe mui tr\u1ea7n. [&#8230;]\n","protected":false},"featured_media":86,"comment_status":"open","ping_status":"closed","template":"","meta":[],"product_brand":[],"product_cat":[17],"product_tag":[],"class_list":{"0":"post-85","1":"product","2":"type-product","3":"status-publish","4":"has-post-thumbnail","6":"product_cat-lego","8":"first","9":"instock","10":"sale","11":"shipping-taxable","12":"purchasable","13":"product-type-variable"},"yoast_head":"<!-- This site is optimized with the Yoast SEO plugin v27.2 - https:\/\/yoast.com\/product\/yoast-seo-wordpress\/ -->\n<title>\u0110\u1ed3 Ch\u01a1i L\u1eafp R\u00e1p Xe Th\u1ec3 Thao M\u00e0u \u0110\u1ecf LEGO CITY 60448 (109 chi ti\u1ebft) - Shop Lego c\u1ee7a P\u00f4<\/title>\n<meta name=\"description\" content=\"N\u00e0o, c\u00f9ng l\u00e1i si\u00eau xe \u0111\u1ecf Lego\u00ae City! Chi\u1ebfc si\u00eau xe b\u00f3ng b\u1ea9y n\u00e0y \u0111i k\u00e8m v\u1edbi h\u1ee3p kim si\u00eau ng\u1ea7u, l\u1ed1p xe th\u1ea5p v\u00e0 m\u1ed9t bu\u1ed3ng l\u00e1i c\u00f3 m\u00e1i che\" \/>\n<meta name=\"robots\" content=\"index, follow, max-snippet:-1, max-image-preview:large, max-video-preview:-1\" \/>\n<link rel=\"canonical\" href=\"https:\/\/shoplego.azdigi.shop\/index.php\/product\/do-choi-lap-rap-xe-the-thao-mau-do-lego-city-60448-109-chi-tiet\/\" \/>\n<meta property=\"og:locale\" content=\"en_US\" \/>\n<meta property=\"og:type\" content=\"article\" \/>\n<meta property=\"og:title\" content=\"\u0110\u1ed3 Ch\u01a1i L\u1eafp R\u00e1p Xe Th\u1ec3 Thao M\u00e0u \u0110\u1ecf LEGO CITY 60448 (109 chi ti\u1ebft) - Shop Lego c\u1ee7a P\u00f4\" \/>\n<meta property=\"og:description\" content=\"N\u00e0o, c\u00f9ng l\u00e1i si\u00eau xe \u0111\u1ecf Lego\u00ae City! Chi\u1ebfc si\u00eau xe b\u00f3ng b\u1ea9y n\u00e0y \u0111i k\u00e8m v\u1edbi h\u1ee3p kim si\u00eau ng\u1ea7u, l\u1ed1p xe th\u1ea5p v\u00e0 m\u1ed9t bu\u1ed3ng l\u00e1i c\u00f3 m\u00e1i che\" \/>\n<meta property=\"og:url\" content=\"https:\/\/shoplego.azdigi.shop\/index.php\/product\/do-choi-lap-rap-xe-the-thao-mau-do-lego-city-60448-109-chi-tiet\/\" \/>\n<meta property=\"og:site_name\" content=\"Shop Lego c\u1ee7a P\u00f4\" \/>\n<meta property=\"article:modified_time\" content=\"2026-04-11T13:43:16+00:00\" \/>\n<meta property=\"og:image\" content=\"https:\/\/shoplego.azdigi.shop\/wp-content\/uploads\/2026\/04\/Anh-chup-man-hinh-2026-04-11-105650.png\" \/>\n\t<meta property=\"og:image:width\" content=\"844\" \/>\n\t<meta property=\"og:image:height\" content=\"655\" \/>\n\t<meta property=\"og:image:type\" content=\"image\/png\" \/>\n<meta name=\"twitter:card\" content=\"summary_large_image\" \/>\n<meta name=\"twitter:label1\" content=\"Est. reading time\" \/>\n\t<meta name=\"twitter:data1\" content=\"2 minutes\" \/>\n<script type=\"application\/ld+json\" class=\"yoast-schema-graph\">{\"@context\":\"https:\/\/schema.org\",\"@graph\":[{\"@type\":\"WebPage\",\"@id\":\"https:\/\/shoplego.azdigi.shop\/index.php\/product\/do-choi-lap-rap-xe-the-thao-mau-do-lego-city-60448-109-chi-tiet\/\",\"url\":\"https:\/\/shoplego.azdigi.shop\/index.php\/product\/do-choi-lap-rap-xe-the-thao-mau-do-lego-city-60448-109-chi-tiet\/\",\"name\":\"\u0110\u1ed3 Ch\u01a1i L\u1eafp R\u00e1p Xe Th\u1ec3 Thao M\u00e0u \u0110\u1ecf LEGO CITY 60448 (109 chi ti\u1ebft) - Shop Lego c\u1ee7a P\u00f4\",\"isPartOf\":{\"@id\":\"https:\/\/shoplego.azdigi.shop\/#website\"},\"primaryImageOfPage\":{\"@id\":\"https:\/\/shoplego.azdigi.shop\/index.php\/product\/do-choi-lap-rap-xe-the-thao-mau-do-lego-city-60448-109-chi-tiet\/#primaryimage\"},\"image\":{\"@id\":\"https:\/\/shoplego.azdigi.shop\/index.php\/product\/do-choi-lap-rap-xe-the-thao-mau-do-lego-city-60448-109-chi-tiet\/#primaryimage\"},\"thumbnailUrl\":\"https:\/\/shoplego.azdigi.shop\/wp-content\/uploads\/2026\/04\/Anh-chup-man-hinh-2026-04-11-105650.png\",\"datePublished\":\"2026-04-11T04:01:25+00:00\",\"dateModified\":\"2026-04-11T13:43:16+00:00\",\"description\":\"N\u00e0o, c\u00f9ng l\u00e1i si\u00eau xe \u0111\u1ecf Lego\u00ae City! Chi\u1ebfc si\u00eau xe b\u00f3ng b\u1ea9y n\u00e0y \u0111i k\u00e8m v\u1edbi h\u1ee3p kim si\u00eau ng\u1ea7u, l\u1ed1p xe th\u1ea5p v\u00e0 m\u1ed9t bu\u1ed3ng l\u00e1i c\u00f3 m\u00e1i che\",\"breadcrumb\":{\"@id\":\"https:\/\/shoplego.azdigi.shop\/index.php\/product\/do-choi-lap-rap-xe-the-thao-mau-do-lego-city-60448-109-chi-tiet\/#breadcrumb\"},\"inLanguage\":\"en-US\",\"potentialAction\":[{\"@type\":\"ReadAction\",\"target\":[\"https:\/\/shoplego.azdigi.shop\/index.php\/product\/do-choi-lap-rap-xe-the-thao-mau-do-lego-city-60448-109-chi-tiet\/\"]}]},{\"@type\":\"ImageObject\",\"inLanguage\":\"en-US\",\"@id\":\"https:\/\/shoplego.azdigi.shop\/index.php\/product\/do-choi-lap-rap-xe-the-thao-mau-do-lego-city-60448-109-chi-tiet\/#primaryimage\",\"url\":\"https:\/\/shoplego.azdigi.shop\/wp-content\/uploads\/2026\/04\/Anh-chup-man-hinh-2026-04-11-105650.png\",\"contentUrl\":\"https:\/\/shoplego.azdigi.shop\/wp-content\/uploads\/2026\/04\/Anh-chup-man-hinh-2026-04-11-105650.png\",\"width\":844,\"height\":655},{\"@type\":\"BreadcrumbList\",\"@id\":\"https:\/\/shoplego.azdigi.shop\/index.php\/product\/do-choi-lap-rap-xe-the-thao-mau-do-lego-city-60448-109-chi-tiet\/#breadcrumb\",\"itemListElement\":[{\"@type\":\"ListItem\",\"position\":1,\"name\":\"Home\",\"item\":\"https:\/\/shoplego.azdigi.shop\/\"},{\"@type\":\"ListItem\",\"position\":2,\"name\":\"Shop\",\"item\":\"https:\/\/shoplego.azdigi.shop\/index.php\/shop\/\"},{\"@type\":\"ListItem\",\"position\":3,\"name\":\"\u0110\u1ed3 Ch\u01a1i L\u1eafp R\u00e1p Xe Th\u1ec3 Thao M\u00e0u \u0110\u1ecf LEGO CITY 60448 (109 chi ti\u1ebft)\"}]},{\"@type\":\"WebSite\",\"@id\":\"https:\/\/shoplego.azdigi.shop\/#website\",\"url\":\"https:\/\/shoplego.azdigi.shop\/\",\"name\":\"Shop Lego c\u1ee7a P\u00f4\",\"description\":\"\",\"potentialAction\":[{\"@type\":\"SearchAction\",\"target\":{\"@type\":\"EntryPoint\",\"urlTemplate\":\"https:\/\/shoplego.azdigi.shop\/?s={search_term_string}\"},\"query-input\":{\"@type\":\"PropertyValueSpecification\",\"valueRequired\":true,\"valueName\":\"search_term_string\"}}],\"inLanguage\":\"en-US\"}]}<\/script>\n<!-- \/ Yoast SEO plugin. -->","yoast_head_json":{"title":"\u0110\u1ed3 Ch\u01a1i L\u1eafp R\u00e1p Xe Th\u1ec3 Thao M\u00e0u \u0110\u1ecf LEGO CITY 60448 (109 chi ti\u1ebft) - Shop Lego c\u1ee7a P\u00f4","description":"N\u00e0o, c\u00f9ng l\u00e1i si\u00eau xe \u0111\u1ecf Lego\u00ae City! Chi\u1ebfc si\u00eau xe b\u00f3ng b\u1ea9y n\u00e0y \u0111i k\u00e8m v\u1edbi h\u1ee3p kim si\u00eau ng\u1ea7u, l\u1ed1p xe th\u1ea5p v\u00e0 m\u1ed9t bu\u1ed3ng l\u00e1i c\u00f3 m\u00e1i che","robots":{"index":"index","follow":"follow","max-snippet":"max-snippet:-1","max-image-preview":"max-image-preview:large","max-video-preview":"max-video-preview:-1"},"canonical":"https:\/\/shoplego.azdigi.shop\/index.php\/product\/do-choi-lap-rap-xe-the-thao-mau-do-lego-city-60448-109-chi-tiet\/","og_locale":"en_US","og_type":"article","og_title":"\u0110\u1ed3 Ch\u01a1i L\u1eafp R\u00e1p Xe Th\u1ec3 Thao M\u00e0u \u0110\u1ecf LEGO CITY 60448 (109 chi ti\u1ebft) - Shop Lego c\u1ee7a P\u00f4","og_description":"N\u00e0o, c\u00f9ng l\u00e1i si\u00eau xe \u0111\u1ecf Lego\u00ae City! Chi\u1ebfc si\u00eau xe b\u00f3ng b\u1ea9y n\u00e0y \u0111i k\u00e8m v\u1edbi h\u1ee3p kim si\u00eau ng\u1ea7u, l\u1ed1p xe th\u1ea5p v\u00e0 m\u1ed9t bu\u1ed3ng l\u00e1i c\u00f3 m\u00e1i che","og_url":"https:\/\/shoplego.azdigi.shop\/index.php\/product\/do-choi-lap-rap-xe-the-thao-mau-do-lego-city-60448-109-chi-tiet\/","og_site_name":"Shop Lego c\u1ee7a P\u00f4","article_modified_time":"2026-04-11T13:43:16+00:00","og_image":[{"width":844,"height":655,"url":"https:\/\/shoplego.azdigi.shop\/wp-content\/uploads\/2026\/04\/Anh-chup-man-hinh-2026-04-11-105650.png","type":"image\/png"}],"twitter_card":"summary_large_image","twitter_misc":{"Est. reading time":"2 minutes"},"schema":{"@context":"https:\/\/schema.org","@graph":[{"@type":"WebPage","@id":"https:\/\/shoplego.azdigi.shop\/index.php\/product\/do-choi-lap-rap-xe-the-thao-mau-do-lego-city-60448-109-chi-tiet\/","url":"https:\/\/shoplego.azdigi.shop\/index.php\/product\/do-choi-lap-rap-xe-the-thao-mau-do-lego-city-60448-109-chi-tiet\/","name":"\u0110\u1ed3 Ch\u01a1i L\u1eafp R\u00e1p Xe Th\u1ec3 Thao M\u00e0u \u0110\u1ecf LEGO CITY 60448 (109 chi ti\u1ebft) - Shop Lego c\u1ee7a P\u00f4","isPartOf":{"@id":"https:\/\/shoplego.azdigi.shop\/#website"},"primaryImageOfPage":{"@id":"https:\/\/shoplego.azdigi.shop\/index.php\/product\/do-choi-lap-rap-xe-the-thao-mau-do-lego-city-60448-109-chi-tiet\/#primaryimage"},"image":{"@id":"https:\/\/shoplego.azdigi.shop\/index.php\/product\/do-choi-lap-rap-xe-the-thao-mau-do-lego-city-60448-109-chi-tiet\/#primaryimage"},"thumbnailUrl":"https:\/\/shoplego.azdigi.shop\/wp-content\/uploads\/2026\/04\/Anh-chup-man-hinh-2026-04-11-105650.png","datePublished":"2026-04-11T04:01:25+00:00","dateModified":"2026-04-11T13:43:16+00:00","description":"N\u00e0o, c\u00f9ng l\u00e1i si\u00eau xe \u0111\u1ecf Lego\u00ae City! Chi\u1ebfc si\u00eau xe b\u00f3ng b\u1ea9y n\u00e0y \u0111i k\u00e8m v\u1edbi h\u1ee3p kim si\u00eau ng\u1ea7u, l\u1ed1p xe th\u1ea5p v\u00e0 m\u1ed9t bu\u1ed3ng l\u00e1i c\u00f3 m\u00e1i che","breadcrumb":{"@id":"https:\/\/shoplego.azdigi.shop\/index.php\/product\/do-choi-lap-rap-xe-the-thao-mau-do-lego-city-60448-109-chi-tiet\/#breadcrumb"},"inLanguage":"en-US","potentialAction":[{"@type":"ReadAction","target":["https:\/\/shoplego.azdigi.shop\/index.php\/product\/do-choi-lap-rap-xe-the-thao-mau-do-lego-city-60448-109-chi-tiet\/"]}]},{"@type":"ImageObject","inLanguage":"en-US","@id":"https:\/\/shoplego.azdigi.shop\/index.php\/product\/do-choi-lap-rap-xe-the-thao-mau-do-lego-city-60448-109-chi-tiet\/#primaryimage","url":"https:\/\/shoplego.azdigi.shop\/wp-content\/uploads\/2026\/04\/Anh-chup-man-hinh-2026-04-11-105650.png","contentUrl":"https:\/\/shoplego.azdigi.shop\/wp-content\/uploads\/2026\/04\/Anh-chup-man-hinh-2026-04-11-105650.png","width":844,"height":655},{"@type":"BreadcrumbList","@id":"https:\/\/shoplego.azdigi.shop\/index.php\/product\/do-choi-lap-rap-xe-the-thao-mau-do-lego-city-60448-109-chi-tiet\/#breadcrumb","itemListElement":[{"@type":"ListItem","position":1,"name":"Home","item":"https:\/\/shoplego.azdigi.shop\/"},{"@type":"ListItem","position":2,"name":"Shop","item":"https:\/\/shoplego.azdigi.shop\/index.php\/shop\/"},{"@type":"ListItem","position":3,"name":"\u0110\u1ed3 Ch\u01a1i L\u1eafp R\u00e1p Xe Th\u1ec3 Thao M\u00e0u \u0110\u1ecf LEGO CITY 60448 (109 chi ti\u1ebft)"}]},{"@type":"WebSite","@id":"https:\/\/shoplego.azdigi.shop\/#website","url":"https:\/\/shoplego.azdigi.shop\/","name":"Shop Lego c\u1ee7a P\u00f4","description":"","potentialAction":[{"@type":"SearchAction","target":{"@type":"EntryPoint","urlTemplate":"https:\/\/shoplego.azdigi.shop\/?s={search_term_string}"},"query-input":{"@type":"PropertyValueSpecification","valueRequired":true,"valueName":"search_term_string"}}],"inLanguage":"en-US"}]}},"_links":{"self":[{"href":"https:\/\/shoplego.azdigi.shop\/index.php\/wp-json\/wp\/v2\/product\/85","targetHints":{"allow":["GET"]}}],"collection":[{"href":"https:\/\/shoplego.azdigi.shop\/index.php\/wp-json\/wp\/v2\/product"}],"about":[{"href":"https:\/\/shoplego.azdigi.shop\/index.php\/wp-json\/wp\/v2\/types\/product"}],"replies":[{"embeddable":true,"href":"https:\/\/shoplego.azdigi.shop\/index.php\/wp-json\/wp\/v2\/comments?post=85"}],"wp:featuredmedia":[{"embeddable":true,"href":"https:\/\/shoplego.azdigi.shop\/index.php\/wp-json\/wp\/v2\/media\/86"}],"wp:attachment":[{"href":"https:\/\/shoplego.azdigi.shop\/index.php\/wp-json\/wp\/v2\/media?parent=85"}],"wp:term":[{"taxonomy":"product_brand","embeddable":true,"href":"https:\/\/shoplego.azdigi.shop\/index.php\/wp-json\/wp\/v2\/product_brand?post=85"},{"taxonomy":"product_cat","embeddable":true,"href":"https:\/\/shoplego.azdigi.shop\/index.php\/wp-json\/wp\/v2\/product_cat?post=85"},{"taxonomy":"product_tag","embeddable":true,"href":"https:\/\/shoplego.azdigi.shop\/index.php\/wp-json\/wp\/v2\/product_tag?post=85"}],"curies":[{"name":"wp","href":"https:\/\/api.w.org\/{rel}","templated":true}]}}