{"id":165,"date":"2026-04-11T13:04:44","date_gmt":"2026-04-11T13:04:44","guid":{"rendered":"https:\/\/shoplego.azdigi.shop\/?post_type=product&#038;p=165"},"modified":"2026-04-11T13:40:17","modified_gmt":"2026-04-11T13:40:17","slug":"do-choi-lap-rap-dai-ngan-ha-lego-adults-31212","status":"publish","type":"product","link":"https:\/\/shoplego.azdigi.shop\/index.php\/product\/do-choi-lap-rap-dai-ngan-ha-lego-adults-31212\/","title":{"rendered":"\u0110\u1ed3 Ch\u01a1i L\u1eafp R\u00e1p D\u1ea3i Ng\u00e2n H\u00e0 LEGO ADULTS 31212"},"content":{"rendered":"<h2>\u0110\u1ed3 Ch\u01a1i L\u1eafp R\u00e1p D\u1ea3i Ng\u00e2n H\u00e0 LEGO ADULTS 31212 (3091 chi ti\u1ebft)<\/h2>\n<p><img loading=\"lazy\" decoding=\"async\" class=\"aligncenter\" src=\"https:\/\/www.mykingdom.com.vn\/cdn\/shop\/files\/do-choi-lap-rap-dai-ngan-ha-lego-adults-31212_1.jpg?v=1740980784&amp;width=1946\" alt=\"do-choi-lap-rap-dai-ngan-ha-lego-adults-31212-01\" width=\"673\" height=\"673\" \/><\/p>\n<p>Kh\u00e1m ph\u00e1 v\u1ebb \u0111\u1eb9p k\u1ef3 di\u1ec7u c\u1ee7a D\u1ea3i Ng\u00e2n H\u00e0 b\u1eb1ng c\u00e1ch t\u1ea1o ra m\u1ed9t t\u00e1c ph\u1ea9m ngh\u1ec7 thu\u1eadt tuy\u1ec7t \u0111\u1eb9p v\u1edbi b\u1ed9 Lego\u00ae n\u00e0y. L\u1eafp r\u00e1p t\u00e1c ph\u1ea9m c\u1ee7a b\u1ea1n t\u1eeb 3.091 vi\u00ean g\u1ea1ch Lego x\u1ebfp l\u1edbp \u0111\u1ec3 t\u1ea1o hi\u1ec7u \u1ee9ng 3D \u1ea5n t\u01b0\u1ee3ng, mang l\u1ea1i chi\u1ec1u s\u00e2u v\u00e0 k\u1ebft c\u1ea5u \u0111\u00e1ng kinh ng\u1ea1c. Trong khi l\u1eafp r\u00e1p, b\u1ea1n c\u00f3 th\u1ec3 nghe B\u1ea3n nh\u1ea1c \u0111i k\u00e8m, gi\u00fap b\u1ea1n \u0111\u1eafm ch\u00ecm v\u00e0o nh\u1eefng th\u00f4ng tin th\u00fa v\u1ecb v\u1ec1 d\u1ea3i ng\u00e2n h\u00e0 tr\u01b0\u1edbc khi treo ki\u1ec7t t\u00e1c n\u00e0y l\u00ean t\u01b0\u1eddng nh\u01b0 m\u1ed9t m\u00f3n \u0111\u1ed3 trang tr\u00ed \u1ea5n t\u01b0\u1ee3ng.<\/p>\n<p>T\u00e1c ph\u1ea9m ngh\u1ec7 thu\u1eadt \u0111\u01b0\u1ee3c t\u1ea1o n\u00ean t\u1eeb 3.091 vi\u00ean g\u1ea1ch Lego\u00ae x\u1ebfp l\u1edbp, mang l\u1ea1i hi\u1ec7u \u1ee9ng 3D s\u1ed1ng \u0111\u1ed9ng<\/p>\n<p>B\u1ee9c tranh t\u01b0\u1eddng b\u1eb1ng Lego t\u00e1i hi\u1ec7n m\u1ed9t s\u1ed1 ch\u00f2m sao n\u1ed5i ti\u1ebfng nh\u1ea5t c\u1ee7a d\u1ea3i ng\u00e2n h\u00e0<\/p>\n<p>B\u1ed9 l\u1eafp r\u00e1p \u0111i k\u00e8m B\u1ea3n nh\u1ea1c gi\u00fap b\u1ea1n t\u00ecm hi\u1ec3u th\u00eam v\u1ec1 d\u1ea3i ng\u00e2n h\u00e0 trong khi l\u1eafp r\u00e1p<\/p>\n<p>M\u00f3n qu\u00e0 l\u00fd t\u01b0\u1edfng cho ng\u01b0\u1eddi l\u1edbn y\u00eau th\u00edch thi\u00ean v\u0103n h\u1ecdc v\u00e0 nh\u1eefng ho\u1ea1t \u0111\u1ed9ng s\u00e1ng t\u1ea1o \u0111\u1ea7y c\u1ea3m h\u1ee9ng<\/p>\n<p>\u00dd t\u01b0\u1edfng trang tr\u00ed nh\u00e0 \u0111\u1ed9c \u0111\u00e1o v\u1edbi 5 cu\u1ed1n s\u00e1ch h\u01b0\u1edbng d\u1eabn l\u1eafp r\u00e1p, ph\u00f9 h\u1ee3p \u0111\u1ec3 x\u00e2y d\u1ef1ng c\u00f9ng b\u1ea1n b\u00e8 ho\u1eb7c gia \u0111\u00ecnh<\/p>\n<p>D\u00f2ng s\u1ea3n ph\u1ea9m Lego\u00ae Art cho ph\u00e9p ng\u01b0\u1eddi l\u1edbn t\u1ef1 do s\u00e1ng t\u1ea1o c\u00e1c t\u00e1c ph\u1ea9m ngh\u1ec7 thu\u1eadt t\u1eeb g\u1ea1ch Lego<\/p>\n<p>T\u00e1c ph\u1ea9m ngh\u1ec7 thu\u1eadt Lego\u00ae D\u1ea3i Ng\u00e2n H\u00e0 c\u00f3 k\u00edch th\u01b0\u1edbc r\u1ed9ng h\u01a1n 65 cm (25,5 inch)<\/p>\n","protected":false},"excerpt":{"rendered":"<p>\u0110\u1ed3 Ch\u01a1i L\u1eafp R\u00e1p D\u1ea3i Ng\u00e2n H\u00e0 LEGO ADULTS 31212 (3091 chi ti\u1ebft) Kh\u00e1m ph\u00e1 v\u1ebb \u0111\u1eb9p k\u1ef3 di\u1ec7u c\u1ee7a D\u1ea3i Ng\u00e2n H\u00e0 b\u1eb1ng c\u00e1ch t\u1ea1o ra m\u1ed9t t\u00e1c ph\u1ea9m ngh\u1ec7 thu\u1eadt tuy\u1ec7t \u0111\u1eb9p v\u1edbi b\u1ed9 Lego\u00ae n\u00e0y. L\u1eafp r\u00e1p t\u00e1c ph\u1ea9m c\u1ee7a b\u1ea1n t\u1eeb 3.091 vi\u00ean g\u1ea1ch Lego x\u1ebfp l\u1edbp \u0111\u1ec3 t\u1ea1o hi\u1ec7u \u1ee9ng [&#8230;]\n","protected":false},"featured_media":166,"comment_status":"open","ping_status":"closed","template":"","meta":[],"product_brand":[],"product_cat":[17],"product_tag":[],"class_list":{"0":"post-165","1":"product","2":"type-product","3":"status-publish","4":"has-post-thumbnail","6":"product_cat-lego","8":"first","9":"instock","10":"shipping-taxable","11":"product-type-simple"},"yoast_head":"<!-- This site is optimized with the Yoast SEO plugin v27.2 - https:\/\/yoast.com\/product\/yoast-seo-wordpress\/ -->\n<title>\u0110\u1ed3 Ch\u01a1i L\u1eafp R\u00e1p D\u1ea3i Ng\u00e2n H\u00e0 LEGO ADULTS 31212 - Shop Lego c\u1ee7a P\u00f4<\/title>\n<meta name=\"robots\" content=\"index, follow, max-snippet:-1, max-image-preview:large, max-video-preview:-1\" \/>\n<link rel=\"canonical\" href=\"https:\/\/shoplego.azdigi.shop\/index.php\/product\/do-choi-lap-rap-dai-ngan-ha-lego-adults-31212\/\" \/>\n<meta property=\"og:locale\" content=\"en_US\" \/>\n<meta property=\"og:type\" content=\"article\" \/>\n<meta property=\"og:title\" content=\"\u0110\u1ed3 Ch\u01a1i L\u1eafp R\u00e1p D\u1ea3i Ng\u00e2n H\u00e0 LEGO ADULTS 31212 - Shop Lego c\u1ee7a P\u00f4\" \/>\n<meta property=\"og:description\" content=\"\u0110\u1ed3 Ch\u01a1i L\u1eafp R\u00e1p D\u1ea3i Ng\u00e2n H\u00e0 LEGO ADULTS 31212 (3091 chi ti\u1ebft) Kh\u00e1m ph\u00e1 v\u1ebb \u0111\u1eb9p k\u1ef3 di\u1ec7u c\u1ee7a D\u1ea3i Ng\u00e2n H\u00e0 b\u1eb1ng c\u00e1ch t\u1ea1o ra m\u1ed9t t\u00e1c ph\u1ea9m ngh\u1ec7 thu\u1eadt tuy\u1ec7t \u0111\u1eb9p v\u1edbi b\u1ed9 Lego\u00ae n\u00e0y. L\u1eafp r\u00e1p t\u00e1c ph\u1ea9m c\u1ee7a b\u1ea1n t\u1eeb 3.091 vi\u00ean g\u1ea1ch Lego x\u1ebfp l\u1edbp \u0111\u1ec3 t\u1ea1o hi\u1ec7u \u1ee9ng [...]\" \/>\n<meta property=\"og:url\" content=\"https:\/\/shoplego.azdigi.shop\/index.php\/product\/do-choi-lap-rap-dai-ngan-ha-lego-adults-31212\/\" \/>\n<meta property=\"og:site_name\" content=\"Shop Lego c\u1ee7a P\u00f4\" \/>\n<meta property=\"article:modified_time\" content=\"2026-04-11T13:40:17+00:00\" \/>\n<meta property=\"og:image\" content=\"https:\/\/shoplego.azdigi.shop\/wp-content\/uploads\/2026\/04\/Anh-chup-man-hinh-2026-04-11-200327.png\" \/>\n\t<meta property=\"og:image:width\" content=\"841\" \/>\n\t<meta property=\"og:image:height\" content=\"623\" \/>\n\t<meta property=\"og:image:type\" content=\"image\/png\" \/>\n<meta name=\"twitter:card\" content=\"summary_large_image\" \/>\n<meta name=\"twitter:label1\" content=\"Est. reading time\" \/>\n\t<meta name=\"twitter:data1\" content=\"2 minutes\" \/>\n<script type=\"application\/ld+json\" class=\"yoast-schema-graph\">{\"@context\":\"https:\/\/schema.org\",\"@graph\":[{\"@type\":\"WebPage\",\"@id\":\"https:\/\/shoplego.azdigi.shop\/index.php\/product\/do-choi-lap-rap-dai-ngan-ha-lego-adults-31212\/\",\"url\":\"https:\/\/shoplego.azdigi.shop\/index.php\/product\/do-choi-lap-rap-dai-ngan-ha-lego-adults-31212\/\",\"name\":\"\u0110\u1ed3 Ch\u01a1i L\u1eafp R\u00e1p D\u1ea3i Ng\u00e2n H\u00e0 LEGO ADULTS 31212 - Shop Lego c\u1ee7a P\u00f4\",\"isPartOf\":{\"@id\":\"https:\/\/shoplego.azdigi.shop\/#website\"},\"primaryImageOfPage\":{\"@id\":\"https:\/\/shoplego.azdigi.shop\/index.php\/product\/do-choi-lap-rap-dai-ngan-ha-lego-adults-31212\/#primaryimage\"},\"image\":{\"@id\":\"https:\/\/shoplego.azdigi.shop\/index.php\/product\/do-choi-lap-rap-dai-ngan-ha-lego-adults-31212\/#primaryimage\"},\"thumbnailUrl\":\"https:\/\/shoplego.azdigi.shop\/wp-content\/uploads\/2026\/04\/Anh-chup-man-hinh-2026-04-11-200327.png\",\"datePublished\":\"2026-04-11T13:04:44+00:00\",\"dateModified\":\"2026-04-11T13:40:17+00:00\",\"breadcrumb\":{\"@id\":\"https:\/\/shoplego.azdigi.shop\/index.php\/product\/do-choi-lap-rap-dai-ngan-ha-lego-adults-31212\/#breadcrumb\"},\"inLanguage\":\"en-US\",\"potentialAction\":[{\"@type\":\"ReadAction\",\"target\":[\"https:\/\/shoplego.azdigi.shop\/index.php\/product\/do-choi-lap-rap-dai-ngan-ha-lego-adults-31212\/\"]}]},{\"@type\":\"ImageObject\",\"inLanguage\":\"en-US\",\"@id\":\"https:\/\/shoplego.azdigi.shop\/index.php\/product\/do-choi-lap-rap-dai-ngan-ha-lego-adults-31212\/#primaryimage\",\"url\":\"https:\/\/shoplego.azdigi.shop\/wp-content\/uploads\/2026\/04\/Anh-chup-man-hinh-2026-04-11-200327.png\",\"contentUrl\":\"https:\/\/shoplego.azdigi.shop\/wp-content\/uploads\/2026\/04\/Anh-chup-man-hinh-2026-04-11-200327.png\",\"width\":841,\"height\":623},{\"@type\":\"BreadcrumbList\",\"@id\":\"https:\/\/shoplego.azdigi.shop\/index.php\/product\/do-choi-lap-rap-dai-ngan-ha-lego-adults-31212\/#breadcrumb\",\"itemListElement\":[{\"@type\":\"ListItem\",\"position\":1,\"name\":\"Home\",\"item\":\"https:\/\/shoplego.azdigi.shop\/\"},{\"@type\":\"ListItem\",\"position\":2,\"name\":\"Shop\",\"item\":\"https:\/\/shoplego.azdigi.shop\/index.php\/shop\/\"},{\"@type\":\"ListItem\",\"position\":3,\"name\":\"\u0110\u1ed3 Ch\u01a1i L\u1eafp R\u00e1p D\u1ea3i Ng\u00e2n H\u00e0 LEGO ADULTS 31212\"}]},{\"@type\":\"WebSite\",\"@id\":\"https:\/\/shoplego.azdigi.shop\/#website\",\"url\":\"https:\/\/shoplego.azdigi.shop\/\",\"name\":\"Shop Lego c\u1ee7a P\u00f4\",\"description\":\"\",\"potentialAction\":[{\"@type\":\"SearchAction\",\"target\":{\"@type\":\"EntryPoint\",\"urlTemplate\":\"https:\/\/shoplego.azdigi.shop\/?s={search_term_string}\"},\"query-input\":{\"@type\":\"PropertyValueSpecification\",\"valueRequired\":true,\"valueName\":\"search_term_string\"}}],\"inLanguage\":\"en-US\"}]}<\/script>\n<!-- \/ Yoast SEO plugin. -->","yoast_head_json":{"title":"\u0110\u1ed3 Ch\u01a1i L\u1eafp R\u00e1p D\u1ea3i Ng\u00e2n H\u00e0 LEGO ADULTS 31212 - Shop Lego c\u1ee7a P\u00f4","robots":{"index":"index","follow":"follow","max-snippet":"max-snippet:-1","max-image-preview":"max-image-preview:large","max-video-preview":"max-video-preview:-1"},"canonical":"https:\/\/shoplego.azdigi.shop\/index.php\/product\/do-choi-lap-rap-dai-ngan-ha-lego-adults-31212\/","og_locale":"en_US","og_type":"article","og_title":"\u0110\u1ed3 Ch\u01a1i L\u1eafp R\u00e1p D\u1ea3i Ng\u00e2n H\u00e0 LEGO ADULTS 31212 - Shop Lego c\u1ee7a P\u00f4","og_description":"\u0110\u1ed3 Ch\u01a1i L\u1eafp R\u00e1p D\u1ea3i Ng\u00e2n H\u00e0 LEGO ADULTS 31212 (3091 chi ti\u1ebft) Kh\u00e1m ph\u00e1 v\u1ebb \u0111\u1eb9p k\u1ef3 di\u1ec7u c\u1ee7a D\u1ea3i Ng\u00e2n H\u00e0 b\u1eb1ng c\u00e1ch t\u1ea1o ra m\u1ed9t t\u00e1c ph\u1ea9m ngh\u1ec7 thu\u1eadt tuy\u1ec7t \u0111\u1eb9p v\u1edbi b\u1ed9 Lego\u00ae n\u00e0y. L\u1eafp r\u00e1p t\u00e1c ph\u1ea9m c\u1ee7a b\u1ea1n t\u1eeb 3.091 vi\u00ean g\u1ea1ch Lego x\u1ebfp l\u1edbp \u0111\u1ec3 t\u1ea1o hi\u1ec7u \u1ee9ng [...]","og_url":"https:\/\/shoplego.azdigi.shop\/index.php\/product\/do-choi-lap-rap-dai-ngan-ha-lego-adults-31212\/","og_site_name":"Shop Lego c\u1ee7a P\u00f4","article_modified_time":"2026-04-11T13:40:17+00:00","og_image":[{"width":841,"height":623,"url":"https:\/\/shoplego.azdigi.shop\/wp-content\/uploads\/2026\/04\/Anh-chup-man-hinh-2026-04-11-200327.png","type":"image\/png"}],"twitter_card":"summary_large_image","twitter_misc":{"Est. reading time":"2 minutes"},"schema":{"@context":"https:\/\/schema.org","@graph":[{"@type":"WebPage","@id":"https:\/\/shoplego.azdigi.shop\/index.php\/product\/do-choi-lap-rap-dai-ngan-ha-lego-adults-31212\/","url":"https:\/\/shoplego.azdigi.shop\/index.php\/product\/do-choi-lap-rap-dai-ngan-ha-lego-adults-31212\/","name":"\u0110\u1ed3 Ch\u01a1i L\u1eafp R\u00e1p D\u1ea3i Ng\u00e2n H\u00e0 LEGO ADULTS 31212 - Shop Lego c\u1ee7a P\u00f4","isPartOf":{"@id":"https:\/\/shoplego.azdigi.shop\/#website"},"primaryImageOfPage":{"@id":"https:\/\/shoplego.azdigi.shop\/index.php\/product\/do-choi-lap-rap-dai-ngan-ha-lego-adults-31212\/#primaryimage"},"image":{"@id":"https:\/\/shoplego.azdigi.shop\/index.php\/product\/do-choi-lap-rap-dai-ngan-ha-lego-adults-31212\/#primaryimage"},"thumbnailUrl":"https:\/\/shoplego.azdigi.shop\/wp-content\/uploads\/2026\/04\/Anh-chup-man-hinh-2026-04-11-200327.png","datePublished":"2026-04-11T13:04:44+00:00","dateModified":"2026-04-11T13:40:17+00:00","breadcrumb":{"@id":"https:\/\/shoplego.azdigi.shop\/index.php\/product\/do-choi-lap-rap-dai-ngan-ha-lego-adults-31212\/#breadcrumb"},"inLanguage":"en-US","potentialAction":[{"@type":"ReadAction","target":["https:\/\/shoplego.azdigi.shop\/index.php\/product\/do-choi-lap-rap-dai-ngan-ha-lego-adults-31212\/"]}]},{"@type":"ImageObject","inLanguage":"en-US","@id":"https:\/\/shoplego.azdigi.shop\/index.php\/product\/do-choi-lap-rap-dai-ngan-ha-lego-adults-31212\/#primaryimage","url":"https:\/\/shoplego.azdigi.shop\/wp-content\/uploads\/2026\/04\/Anh-chup-man-hinh-2026-04-11-200327.png","contentUrl":"https:\/\/shoplego.azdigi.shop\/wp-content\/uploads\/2026\/04\/Anh-chup-man-hinh-2026-04-11-200327.png","width":841,"height":623},{"@type":"BreadcrumbList","@id":"https:\/\/shoplego.azdigi.shop\/index.php\/product\/do-choi-lap-rap-dai-ngan-ha-lego-adults-31212\/#breadcrumb","itemListElement":[{"@type":"ListItem","position":1,"name":"Home","item":"https:\/\/shoplego.azdigi.shop\/"},{"@type":"ListItem","position":2,"name":"Shop","item":"https:\/\/shoplego.azdigi.shop\/index.php\/shop\/"},{"@type":"ListItem","position":3,"name":"\u0110\u1ed3 Ch\u01a1i L\u1eafp R\u00e1p D\u1ea3i Ng\u00e2n H\u00e0 LEGO ADULTS 31212"}]},{"@type":"WebSite","@id":"https:\/\/shoplego.azdigi.shop\/#website","url":"https:\/\/shoplego.azdigi.shop\/","name":"Shop Lego c\u1ee7a P\u00f4","description":"","potentialAction":[{"@type":"SearchAction","target":{"@type":"EntryPoint","urlTemplate":"https:\/\/shoplego.azdigi.shop\/?s={search_term_string}"},"query-input":{"@type":"PropertyValueSpecification","valueRequired":true,"valueName":"search_term_string"}}],"inLanguage":"en-US"}]}},"_links":{"self":[{"href":"https:\/\/shoplego.azdigi.shop\/index.php\/wp-json\/wp\/v2\/product\/165","targetHints":{"allow":["GET"]}}],"collection":[{"href":"https:\/\/shoplego.azdigi.shop\/index.php\/wp-json\/wp\/v2\/product"}],"about":[{"href":"https:\/\/shoplego.azdigi.shop\/index.php\/wp-json\/wp\/v2\/types\/product"}],"replies":[{"embeddable":true,"href":"https:\/\/shoplego.azdigi.shop\/index.php\/wp-json\/wp\/v2\/comments?post=165"}],"wp:featuredmedia":[{"embeddable":true,"href":"https:\/\/shoplego.azdigi.shop\/index.php\/wp-json\/wp\/v2\/media\/166"}],"wp:attachment":[{"href":"https:\/\/shoplego.azdigi.shop\/index.php\/wp-json\/wp\/v2\/media?parent=165"}],"wp:term":[{"taxonomy":"product_brand","embeddable":true,"href":"https:\/\/shoplego.azdigi.shop\/index.php\/wp-json\/wp\/v2\/product_brand?post=165"},{"taxonomy":"product_cat","embeddable":true,"href":"https:\/\/shoplego.azdigi.shop\/index.php\/wp-json\/wp\/v2\/product_cat?post=165"},{"taxonomy":"product_tag","embeddable":true,"href":"https:\/\/shoplego.azdigi.shop\/index.php\/wp-json\/wp\/v2\/product_tag?post=165"}],"curies":[{"name":"wp","href":"https:\/\/api.w.org\/{rel}","templated":true}]}}