{"id":161,"date":"2026-04-11T12:59:39","date_gmt":"2026-04-11T12:59:39","guid":{"rendered":"https:\/\/shoplego.azdigi.shop\/?post_type=product&#038;p=161"},"modified":"2026-04-11T13:40:29","modified_gmt":"2026-04-11T13:40:29","slug":"do-choi-lap-rap-tranh-mona-lisa-lego-adults-31213","status":"publish","type":"product","link":"https:\/\/shoplego.azdigi.shop\/index.php\/product\/do-choi-lap-rap-tranh-mona-lisa-lego-adults-31213\/","title":{"rendered":"\u0110\u1ed3 Ch\u01a1i L\u1eafp R\u00e1p Tranh Mona Lisa LEGO ADULTS 31213"},"content":{"rendered":"<h2>\u0110\u1ed3 Ch\u01a1i L\u1eafp R\u00e1p Tranh Mona Lisa LEGO ADULTS 31213 (1503 chi ti\u1ebft)<\/h2>\n<p><img loading=\"lazy\" decoding=\"async\" class=\"aligncenter\" src=\"https:\/\/www.mykingdom.com.vn\/cdn\/shop\/files\/tranh-mona-lisa-lego-adults-31213.png?v=1741233382&amp;width=1946\" alt=\"tranh-mona-lisa-lego-adults-31213-01\" width=\"665\" height=\"665\" \/><\/p>\n<p>T\u1ea1o n\u00ean ki\u1ec7t t\u00e1c ngh\u1ec7 thu\u1eadt c\u1ee7a ri\u00eang b\u1ea1n v\u1edbi b\u1ed9 l\u1eafp r\u00e1p tranh Lego Art Mona Lisa (31213).<\/p>\n<p>B\u1ed9 \u0111\u1ed3 ch\u01a1i \u0111\u1ed9c \u0111\u00e1o n\u00e0y l\u00e0 s\u1ef1 k\u1ebft h\u1ee3p gi\u1eefa ngh\u1ec7 thu\u1eadt v\u00e0 s\u00e1ng t\u1ea1o, ho\u00e0n h\u1ea3o cho nh\u1eefng ng\u01b0\u1eddi y\u00eau ngh\u1ec7 thu\u1eadt ho\u1eb7c mong mu\u1ed1n m\u1ed9t tr\u1ea3i nghi\u1ec7m th\u00fa v\u1ecb, th\u01b0 gi\u00e3n. B\u1ea1n c\u00f3 th\u1ec3 t\u1ef1 m\u00ecnh th\u1ef1c hi\u1ec7n d\u1ef1 \u00e1n l\u1eafp r\u00e1p phi\u00ean b\u1ea3n \u0111\u1eb7c bi\u1ec7t c\u1ee7a b\u1ee9c tranh Leonardo da Vinci, ho\u1eb7c m\u1eddi b\u1ea1n b\u00e8 c\u00f9ng tham gia.<\/p>\n<p>V\u1edbi t\u00f4ng m\u00e0u xanh lam \u0111\u1eadm l\u1ea5y c\u1ea3m h\u1ee9ng t\u1eeb m\u00e0u s\u1eafc nguy\u00ean b\u1ea3n m\u00e0 da Vinci \u0111\u00e3 s\u1eed d\u1ee5ng h\u01a1n 500 n\u0103m tr\u01b0\u1edbc khi t\u00e1c ph\u1ea9m thay \u0111\u1ed5i theo th\u1eddi gian, b\u1ed9 l\u1eafp r\u00e1p mang \u0111\u1ebfn m\u1ed9t c\u00e1i nh\u00ecn t\u00e1o b\u1ea1o v\u00e0 m\u1edbi l\u1ea1 v\u1ec1 b\u1ee9c h\u1ecda n\u1ed5i ti\u1ebfng. \u0110\u1eb7c bi\u1ec7t, b\u1ea1n c\u00f3 th\u1ec3 thay th\u1ebf \u0111\u00f4i m\u1eaft n\u1ed5i ti\u1ebfng c\u1ee7a Mona Lisa b\u1eb1ng c\u00e1c m\u1ea3nh tr\u1ed1ng \u0111\u1ec3 t\u1ea1o ra m\u1ed9t t\u00e1c ph\u1ea9m tr\u1eebu t\u01b0\u1ee3ng theo phong c\u00e1ch ri\u00eang c\u1ee7a m\u00ecnh.<\/p>\n<p>\u0110\u01b0\u1ee3c \u0111\u1eb7t trong khung v\u00e0ng sang tr\u1ecdng v\u00e0 c\u00f3 th\u1ec3 th\u00e1o r\u1eddi, b\u1ee9c tranh kh\u00f4ng ch\u1ec9 l\u00e0 m\u1ed9t m\u00f3n qu\u00e0 \u0111\u1ed9c \u0111\u00e1o d\u00e0nh cho b\u1ea3n th\u00e2n m\u00e0 c\u00f2n l\u00e0 m\u1ed9t \u00fd t\u01b0\u1edfng qu\u00e0 t\u1eb7ng trang tr\u00ed nh\u00e0 ho\u00e0n h\u1ea3o cho b\u1ea5t k\u1ef3 ai y\u00eau ngh\u1ec7 thu\u1eadt. B\u1ed9 Lego Art n\u00e0y \u0111\u01b0\u1ee3c thi\u1ebft k\u1ebf \u0111\u1ec3 d\u1ec5 d\u00e0ng treo tr\u00ean t\u01b0\u1eddng v\u00e0 c\u00f3 th\u1ec3 k\u1ebft h\u1ee3p v\u1edbi c\u00e1c t\u00e1c ph\u1ea9m Lego Art kh\u00e1c t\u1eeb b\u1ed9 s\u01b0u t\u1eadp.<\/p>\n<p>\u0110i k\u00e8m v\u1edbi s\u00e1ch h\u01b0\u1edbng d\u1eabn chi ti\u1ebft, b\u1ed9 Lego c\u0169ng cung c\u1ea5p m\u1ed9t b\u1ea3n Soundtrack th\u00fa v\u1ecb v\u1ec1 s\u1ee9c h\u1ea5p d\u1eabn v\u01b0\u1ee3t th\u1eddi gian c\u1ee7a Mona Lisa khi b\u1ea1n qu\u00e9t m\u00e3 QR, gi\u00fap b\u1ea1n t\u1eadn h\u01b0\u1edfng tr\u1ecdn v\u1eb9n tr\u1ea3i nghi\u1ec7m l\u1eafp r\u00e1p ngh\u1ec7 thu\u1eadt.<\/p>\n<p>Th\u00f4ng tin s\u1ea3n ph\u1ea9m<\/p>\n<table class=\"table-product-information\" style=\"height: 221px;\" width=\"625\" cellspacing=\"0\" cellpadding=\"0\">\n<tbody>\n<tr>\n<td>Ch\u1ee7 \u0111\u1ec1<\/td>\n<td>LEGO ART ADULT<\/td>\n<\/tr>\n<tr>\n<td>Tu\u1ed5i<\/td>\n<td>18year-99year<\/td>\n<\/tr>\n<tr>\n<td>Gi\u1edbi t\u00ednh<\/td>\n<td>Boy<\/td>\n<\/tr>\n<tr>\n<td>Th\u01b0\u01a1ng hi\u1ec7u<\/td>\n<td>LEGO ART<\/td>\n<\/tr>\n<tr>\n<td>Xu\u1ea5t x\u1ee9 th\u01b0\u01a1ng hi\u1ec7u<\/td>\n<td>\u0110an M\u1ea1ch<\/td>\n<\/tr>\n<tr>\n<td>Xu\u1ea5t x\u1ee9<\/td>\n<td>Trung Qu\u1ed1c<\/td>\n<\/tr>\n<\/tbody>\n<\/table>\n","protected":false},"excerpt":{"rendered":"<p>\u0110\u1ed3 Ch\u01a1i L\u1eafp R\u00e1p Tranh Mona Lisa LEGO ADULTS 31213 (1503 chi ti\u1ebft) T\u1ea1o n\u00ean ki\u1ec7t t\u00e1c ngh\u1ec7 thu\u1eadt c\u1ee7a ri\u00eang b\u1ea1n v\u1edbi b\u1ed9 l\u1eafp r\u00e1p tranh Lego Art Mona Lisa (31213). B\u1ed9 \u0111\u1ed3 ch\u01a1i \u0111\u1ed9c \u0111\u00e1o n\u00e0y l\u00e0 s\u1ef1 k\u1ebft h\u1ee3p gi\u1eefa ngh\u1ec7 thu\u1eadt v\u00e0 s\u00e1ng t\u1ea1o, ho\u00e0n h\u1ea3o cho nh\u1eefng ng\u01b0\u1eddi y\u00eau ngh\u1ec7 [&#8230;]\n","protected":false},"featured_media":162,"comment_status":"open","ping_status":"closed","template":"","meta":[],"product_brand":[],"product_cat":[17],"product_tag":[],"class_list":{"0":"post-161","1":"product","2":"type-product","3":"status-publish","4":"has-post-thumbnail","6":"product_cat-lego","8":"first","9":"instock","10":"shipping-taxable","11":"purchasable","12":"product-type-simple"},"yoast_head":"<!-- This site is optimized with the Yoast SEO plugin v27.2 - https:\/\/yoast.com\/product\/yoast-seo-wordpress\/ -->\n<title>\u0110\u1ed3 Ch\u01a1i L\u1eafp R\u00e1p Tranh Mona Lisa LEGO ADULTS 31213 - Shop Lego c\u1ee7a P\u00f4<\/title>\n<meta name=\"robots\" content=\"index, follow, max-snippet:-1, max-image-preview:large, max-video-preview:-1\" \/>\n<link rel=\"canonical\" href=\"https:\/\/shoplego.azdigi.shop\/index.php\/product\/do-choi-lap-rap-tranh-mona-lisa-lego-adults-31213\/\" \/>\n<meta property=\"og:locale\" content=\"en_US\" \/>\n<meta property=\"og:type\" content=\"article\" \/>\n<meta property=\"og:title\" content=\"\u0110\u1ed3 Ch\u01a1i L\u1eafp R\u00e1p Tranh Mona Lisa LEGO ADULTS 31213 - Shop Lego c\u1ee7a P\u00f4\" \/>\n<meta property=\"og:description\" content=\"\u0110\u1ed3 Ch\u01a1i L\u1eafp R\u00e1p Tranh Mona Lisa LEGO ADULTS 31213 (1503 chi ti\u1ebft) T\u1ea1o n\u00ean ki\u1ec7t t\u00e1c ngh\u1ec7 thu\u1eadt c\u1ee7a ri\u00eang b\u1ea1n v\u1edbi b\u1ed9 l\u1eafp r\u00e1p tranh Lego Art Mona Lisa (31213). B\u1ed9 \u0111\u1ed3 ch\u01a1i \u0111\u1ed9c \u0111\u00e1o n\u00e0y l\u00e0 s\u1ef1 k\u1ebft h\u1ee3p gi\u1eefa ngh\u1ec7 thu\u1eadt v\u00e0 s\u00e1ng t\u1ea1o, ho\u00e0n h\u1ea3o cho nh\u1eefng ng\u01b0\u1eddi y\u00eau ngh\u1ec7 [...]\" \/>\n<meta property=\"og:url\" content=\"https:\/\/shoplego.azdigi.shop\/index.php\/product\/do-choi-lap-rap-tranh-mona-lisa-lego-adults-31213\/\" \/>\n<meta property=\"og:site_name\" content=\"Shop Lego c\u1ee7a P\u00f4\" \/>\n<meta property=\"article:modified_time\" content=\"2026-04-11T13:40:29+00:00\" \/>\n<meta property=\"og:image\" content=\"https:\/\/shoplego.azdigi.shop\/wp-content\/uploads\/2026\/04\/Anh-chup-man-hinh-2026-04-11-195817.png\" \/>\n\t<meta property=\"og:image:width\" content=\"844\" \/>\n\t<meta property=\"og:image:height\" content=\"616\" \/>\n\t<meta property=\"og:image:type\" content=\"image\/png\" \/>\n<meta name=\"twitter:card\" content=\"summary_large_image\" \/>\n<meta name=\"twitter:label1\" content=\"Est. reading time\" \/>\n\t<meta name=\"twitter:data1\" content=\"2 minutes\" \/>\n<script type=\"application\/ld+json\" class=\"yoast-schema-graph\">{\"@context\":\"https:\/\/schema.org\",\"@graph\":[{\"@type\":\"WebPage\",\"@id\":\"https:\/\/shoplego.azdigi.shop\/index.php\/product\/do-choi-lap-rap-tranh-mona-lisa-lego-adults-31213\/\",\"url\":\"https:\/\/shoplego.azdigi.shop\/index.php\/product\/do-choi-lap-rap-tranh-mona-lisa-lego-adults-31213\/\",\"name\":\"\u0110\u1ed3 Ch\u01a1i L\u1eafp R\u00e1p Tranh Mona Lisa LEGO ADULTS 31213 - Shop Lego c\u1ee7a P\u00f4\",\"isPartOf\":{\"@id\":\"https:\/\/shoplego.azdigi.shop\/#website\"},\"primaryImageOfPage\":{\"@id\":\"https:\/\/shoplego.azdigi.shop\/index.php\/product\/do-choi-lap-rap-tranh-mona-lisa-lego-adults-31213\/#primaryimage\"},\"image\":{\"@id\":\"https:\/\/shoplego.azdigi.shop\/index.php\/product\/do-choi-lap-rap-tranh-mona-lisa-lego-adults-31213\/#primaryimage\"},\"thumbnailUrl\":\"https:\/\/shoplego.azdigi.shop\/wp-content\/uploads\/2026\/04\/Anh-chup-man-hinh-2026-04-11-195817.png\",\"datePublished\":\"2026-04-11T12:59:39+00:00\",\"dateModified\":\"2026-04-11T13:40:29+00:00\",\"breadcrumb\":{\"@id\":\"https:\/\/shoplego.azdigi.shop\/index.php\/product\/do-choi-lap-rap-tranh-mona-lisa-lego-adults-31213\/#breadcrumb\"},\"inLanguage\":\"en-US\",\"potentialAction\":[{\"@type\":\"ReadAction\",\"target\":[\"https:\/\/shoplego.azdigi.shop\/index.php\/product\/do-choi-lap-rap-tranh-mona-lisa-lego-adults-31213\/\"]}]},{\"@type\":\"ImageObject\",\"inLanguage\":\"en-US\",\"@id\":\"https:\/\/shoplego.azdigi.shop\/index.php\/product\/do-choi-lap-rap-tranh-mona-lisa-lego-adults-31213\/#primaryimage\",\"url\":\"https:\/\/shoplego.azdigi.shop\/wp-content\/uploads\/2026\/04\/Anh-chup-man-hinh-2026-04-11-195817.png\",\"contentUrl\":\"https:\/\/shoplego.azdigi.shop\/wp-content\/uploads\/2026\/04\/Anh-chup-man-hinh-2026-04-11-195817.png\",\"width\":844,\"height\":616},{\"@type\":\"BreadcrumbList\",\"@id\":\"https:\/\/shoplego.azdigi.shop\/index.php\/product\/do-choi-lap-rap-tranh-mona-lisa-lego-adults-31213\/#breadcrumb\",\"itemListElement\":[{\"@type\":\"ListItem\",\"position\":1,\"name\":\"Home\",\"item\":\"https:\/\/shoplego.azdigi.shop\/\"},{\"@type\":\"ListItem\",\"position\":2,\"name\":\"Shop\",\"item\":\"https:\/\/shoplego.azdigi.shop\/index.php\/shop\/\"},{\"@type\":\"ListItem\",\"position\":3,\"name\":\"\u0110\u1ed3 Ch\u01a1i L\u1eafp R\u00e1p Tranh Mona Lisa LEGO ADULTS 31213\"}]},{\"@type\":\"WebSite\",\"@id\":\"https:\/\/shoplego.azdigi.shop\/#website\",\"url\":\"https:\/\/shoplego.azdigi.shop\/\",\"name\":\"Shop Lego c\u1ee7a P\u00f4\",\"description\":\"\",\"potentialAction\":[{\"@type\":\"SearchAction\",\"target\":{\"@type\":\"EntryPoint\",\"urlTemplate\":\"https:\/\/shoplego.azdigi.shop\/?s={search_term_string}\"},\"query-input\":{\"@type\":\"PropertyValueSpecification\",\"valueRequired\":true,\"valueName\":\"search_term_string\"}}],\"inLanguage\":\"en-US\"}]}<\/script>\n<!-- \/ Yoast SEO plugin. -->","yoast_head_json":{"title":"\u0110\u1ed3 Ch\u01a1i L\u1eafp R\u00e1p Tranh Mona Lisa LEGO ADULTS 31213 - Shop Lego c\u1ee7a P\u00f4","robots":{"index":"index","follow":"follow","max-snippet":"max-snippet:-1","max-image-preview":"max-image-preview:large","max-video-preview":"max-video-preview:-1"},"canonical":"https:\/\/shoplego.azdigi.shop\/index.php\/product\/do-choi-lap-rap-tranh-mona-lisa-lego-adults-31213\/","og_locale":"en_US","og_type":"article","og_title":"\u0110\u1ed3 Ch\u01a1i L\u1eafp R\u00e1p Tranh Mona Lisa LEGO ADULTS 31213 - Shop Lego c\u1ee7a P\u00f4","og_description":"\u0110\u1ed3 Ch\u01a1i L\u1eafp R\u00e1p Tranh Mona Lisa LEGO ADULTS 31213 (1503 chi ti\u1ebft) T\u1ea1o n\u00ean ki\u1ec7t t\u00e1c ngh\u1ec7 thu\u1eadt c\u1ee7a ri\u00eang b\u1ea1n v\u1edbi b\u1ed9 l\u1eafp r\u00e1p tranh Lego Art Mona Lisa (31213). B\u1ed9 \u0111\u1ed3 ch\u01a1i \u0111\u1ed9c \u0111\u00e1o n\u00e0y l\u00e0 s\u1ef1 k\u1ebft h\u1ee3p gi\u1eefa ngh\u1ec7 thu\u1eadt v\u00e0 s\u00e1ng t\u1ea1o, ho\u00e0n h\u1ea3o cho nh\u1eefng ng\u01b0\u1eddi y\u00eau ngh\u1ec7 [...]","og_url":"https:\/\/shoplego.azdigi.shop\/index.php\/product\/do-choi-lap-rap-tranh-mona-lisa-lego-adults-31213\/","og_site_name":"Shop Lego c\u1ee7a P\u00f4","article_modified_time":"2026-04-11T13:40:29+00:00","og_image":[{"width":844,"height":616,"url":"https:\/\/shoplego.azdigi.shop\/wp-content\/uploads\/2026\/04\/Anh-chup-man-hinh-2026-04-11-195817.png","type":"image\/png"}],"twitter_card":"summary_large_image","twitter_misc":{"Est. reading time":"2 minutes"},"schema":{"@context":"https:\/\/schema.org","@graph":[{"@type":"WebPage","@id":"https:\/\/shoplego.azdigi.shop\/index.php\/product\/do-choi-lap-rap-tranh-mona-lisa-lego-adults-31213\/","url":"https:\/\/shoplego.azdigi.shop\/index.php\/product\/do-choi-lap-rap-tranh-mona-lisa-lego-adults-31213\/","name":"\u0110\u1ed3 Ch\u01a1i L\u1eafp R\u00e1p Tranh Mona Lisa LEGO ADULTS 31213 - Shop Lego c\u1ee7a P\u00f4","isPartOf":{"@id":"https:\/\/shoplego.azdigi.shop\/#website"},"primaryImageOfPage":{"@id":"https:\/\/shoplego.azdigi.shop\/index.php\/product\/do-choi-lap-rap-tranh-mona-lisa-lego-adults-31213\/#primaryimage"},"image":{"@id":"https:\/\/shoplego.azdigi.shop\/index.php\/product\/do-choi-lap-rap-tranh-mona-lisa-lego-adults-31213\/#primaryimage"},"thumbnailUrl":"https:\/\/shoplego.azdigi.shop\/wp-content\/uploads\/2026\/04\/Anh-chup-man-hinh-2026-04-11-195817.png","datePublished":"2026-04-11T12:59:39+00:00","dateModified":"2026-04-11T13:40:29+00:00","breadcrumb":{"@id":"https:\/\/shoplego.azdigi.shop\/index.php\/product\/do-choi-lap-rap-tranh-mona-lisa-lego-adults-31213\/#breadcrumb"},"inLanguage":"en-US","potentialAction":[{"@type":"ReadAction","target":["https:\/\/shoplego.azdigi.shop\/index.php\/product\/do-choi-lap-rap-tranh-mona-lisa-lego-adults-31213\/"]}]},{"@type":"ImageObject","inLanguage":"en-US","@id":"https:\/\/shoplego.azdigi.shop\/index.php\/product\/do-choi-lap-rap-tranh-mona-lisa-lego-adults-31213\/#primaryimage","url":"https:\/\/shoplego.azdigi.shop\/wp-content\/uploads\/2026\/04\/Anh-chup-man-hinh-2026-04-11-195817.png","contentUrl":"https:\/\/shoplego.azdigi.shop\/wp-content\/uploads\/2026\/04\/Anh-chup-man-hinh-2026-04-11-195817.png","width":844,"height":616},{"@type":"BreadcrumbList","@id":"https:\/\/shoplego.azdigi.shop\/index.php\/product\/do-choi-lap-rap-tranh-mona-lisa-lego-adults-31213\/#breadcrumb","itemListElement":[{"@type":"ListItem","position":1,"name":"Home","item":"https:\/\/shoplego.azdigi.shop\/"},{"@type":"ListItem","position":2,"name":"Shop","item":"https:\/\/shoplego.azdigi.shop\/index.php\/shop\/"},{"@type":"ListItem","position":3,"name":"\u0110\u1ed3 Ch\u01a1i L\u1eafp R\u00e1p Tranh Mona Lisa LEGO ADULTS 31213"}]},{"@type":"WebSite","@id":"https:\/\/shoplego.azdigi.shop\/#website","url":"https:\/\/shoplego.azdigi.shop\/","name":"Shop Lego c\u1ee7a P\u00f4","description":"","potentialAction":[{"@type":"SearchAction","target":{"@type":"EntryPoint","urlTemplate":"https:\/\/shoplego.azdigi.shop\/?s={search_term_string}"},"query-input":{"@type":"PropertyValueSpecification","valueRequired":true,"valueName":"search_term_string"}}],"inLanguage":"en-US"}]}},"_links":{"self":[{"href":"https:\/\/shoplego.azdigi.shop\/index.php\/wp-json\/wp\/v2\/product\/161","targetHints":{"allow":["GET"]}}],"collection":[{"href":"https:\/\/shoplego.azdigi.shop\/index.php\/wp-json\/wp\/v2\/product"}],"about":[{"href":"https:\/\/shoplego.azdigi.shop\/index.php\/wp-json\/wp\/v2\/types\/product"}],"replies":[{"embeddable":true,"href":"https:\/\/shoplego.azdigi.shop\/index.php\/wp-json\/wp\/v2\/comments?post=161"}],"wp:featuredmedia":[{"embeddable":true,"href":"https:\/\/shoplego.azdigi.shop\/index.php\/wp-json\/wp\/v2\/media\/162"}],"wp:attachment":[{"href":"https:\/\/shoplego.azdigi.shop\/index.php\/wp-json\/wp\/v2\/media?parent=161"}],"wp:term":[{"taxonomy":"product_brand","embeddable":true,"href":"https:\/\/shoplego.azdigi.shop\/index.php\/wp-json\/wp\/v2\/product_brand?post=161"},{"taxonomy":"product_cat","embeddable":true,"href":"https:\/\/shoplego.azdigi.shop\/index.php\/wp-json\/wp\/v2\/product_cat?post=161"},{"taxonomy":"product_tag","embeddable":true,"href":"https:\/\/shoplego.azdigi.shop\/index.php\/wp-json\/wp\/v2\/product_tag?post=161"}],"curies":[{"name":"wp","href":"https:\/\/api.w.org\/{rel}","templated":true}]}}