{"id":157,"date":"2026-04-11T12:55:50","date_gmt":"2026-04-11T12:55:50","guid":{"rendered":"https:\/\/shoplego.azdigi.shop\/?post_type=product&#038;p=157"},"modified":"2026-04-11T13:40:36","modified_gmt":"2026-04-11T13:40:36","slug":"do-choi-lap-rap-dem-day-sao-cua-danh-hoa-vincent-van-gogh-lego-ideas-21333","status":"publish","type":"product","link":"https:\/\/shoplego.azdigi.shop\/index.php\/product\/do-choi-lap-rap-dem-day-sao-cua-danh-hoa-vincent-van-gogh-lego-ideas-21333\/","title":{"rendered":"\u0110\u1ed3 Ch\u01a1i L\u1eafp R\u00e1p \u0110\u00eam \u0110\u1ea7y Sao C\u1ee7a Danh H\u1ecda Vincent Van Gogh LEGO IDEAS 21333"},"content":{"rendered":"<h2>\u0110\u1ed3 Ch\u01a1i L\u1eafp R\u00e1p \u0110\u00eam \u0110\u1ea7y Sao C\u1ee7a Danh H\u1ecda Vincent Van Gogh LEGO IDEAS 21333 (2316 chi ti\u1ebft)<\/h2>\n<p><img loading=\"lazy\" decoding=\"async\" class=\"aligncenter\" src=\"https:\/\/www.mykingdom.com.vn\/cdn\/shop\/files\/do-choi-lap-rap-dem-day-sao-cua-danh-hoa-vincent-van-gogh-lego-ideas-21333_1_48f25bb1-0baa-4632-b9a7-d0f1d1baa9ec.jpg?v=1740977971&amp;width=1946\" alt=\"do-choi-lap-rap-dem-day-sao-cua-danh-hoa-vincent-van-gogh-lego-ideas-21333-01\" width=\"672\" height=\"672\" \/><\/p>\n<p>S\u1eb5n s\u00e0ng t\u1ea1o n\u00ean m\u1ed9t ki\u1ec7t t\u00e1c? H\u00e3y h\u00f3a th\u00e2n th\u00e0nh Vincent van Gogh \u0111\u1ec3 t\u1ea1o n\u00ean m\u1ed9t phi\u00ean b\u1ea3n t\u00f4n vinh b\u1eb1ng g\u1ea1ch Lego\u00ae 3D d\u00e0nh cho m\u1ed9t trong nh\u1eefng b\u1ee9c tranh n\u1ed5i ti\u1ebfng nh\u1ea5t c\u1ee7a \u00f4ng: \u0110\u00eam \u0111\u1ea7y sao. \u0110\u1eafm ch\u00ecm trong khung c\u1ea3nh m\u1ed9ng m\u01a1 c\u1ee7a Van Gogh, t\u00e1i hi\u1ec7n m\u1eb7t tr\u0103ng v\u00e0 nh\u1eefng v\u00ec sao, nh\u1eefng \u0111\u00e1m m\u00e2y xo\u00e1y, \u0111\u1ed3i n\u00fai tr\u1eadp tr\u00f9ng v\u00e0 ng\u00f4i l\u00e0ng b\u00ean d\u01b0\u1edbi. Ho\u00e0n thi\u1ec7n t\u00e1c ph\u1ea9m tr\u01b0ng b\u00e0y tuy\u1ec7t \u0111\u1eb9p n\u00e0y b\u1eb1ng m\u1ed9t m\u00f4 h\u00ecnh nh\u1ecf m\u00f4 ph\u1ecfng Van Gogh \u0111ang s\u00e1ng t\u00e1c.<\/p>\n<p>T\u00e1i hi\u1ec7n ngh\u1ec7 thu\u1eadt 3D Lego\u00ae t\u1eeb b\u1ee9c tranh \u0110\u00eam \u0111\u1ea7y sao c\u1ee7a Van Gogh<\/p>\n<p>T\u00e1i t\u1ea1o m\u00e0u s\u1eafc v\u00e0 n\u00e9t c\u1ecd \u0111\u1eb7c tr\u01b0ng c\u1ee7a Van Gogh<\/p>\n<p>C\u00e1nh tay tr\u01b0ng b\u00e0y c\u00f3 th\u1ec3 \u0111i\u1ec1u ch\u1ec9nh \u0111\u1ec3 \u0111\u1eb7t nh\u00e2n v\u1eadt Vincent van Gogh \u0111ang v\u1ebd<\/p>\n<p>M\u1ed9t m\u00f3n qu\u00e0 l\u00fd t\u01b0\u1edfng cho ng\u01b0\u1eddi y\u00eau th\u00edch trang tr\u00ed nh\u00e0 c\u1eeda ho\u1eb7c tranh ngh\u1ec7 thu\u1eadt c\u1ed5 \u0111i\u1ec3n<\/p>\n<p>Tr\u01b0ng b\u00e0y d\u01b0\u1edbi d\u1ea1ng \u0111\u1ec3 b\u00e0n ho\u1eb7c treo t\u01b0\u1eddng v\u1edbi m\u00f3c \u0111i k\u00e8m<\/p>\n<p>\u0110\u01b0\u1ee3c h\u1ee3p t\u00e1c ph\u00e1t tri\u1ec3n v\u1edbi B\u1ea3o t\u00e0ng Ngh\u1ec7 thu\u1eadt Hi\u1ec7n \u0111\u1ea1i (MoMa) t\u1ea1i New York<\/p>\n<p>Quy\u1ec3n s\u00e1ch h\u01b0\u1edbng d\u1eabn \u0111i k\u00e8m c\u00f3 minh h\u1ecda, gi\u1edbi thi\u1ec7u v\u1ec1 c\u00e1c nh\u00e0 thi\u1ebft k\u1ebf c\u1ee7a b\u1ed9 s\u1ea3n ph\u1ea9m<\/p>\n<p>B\u1ed9 Lego\u00ae Ideas \u0111\u01b0\u1ee3c s\u00e1ng t\u1ea1o b\u1edfi c\u00e1c nh\u00e0 thi\u1ebft k\u1ebf l\u00e0 fan h\u00e2m m\u1ed9 v\u00e0 \u0111\u01b0\u1ee3c b\u00ecnh ch\u1ecdn b\u1edfi c\u1ed9ng \u0111\u1ed3ng Lego<\/p>\n<p>G\u1ea1ch Lego\u00ae ch\u1ea5t l\u01b0\u1ee3ng cao k\u1ebft n\u1ed1i ch\u1eafc ch\u1eafn, \u0111\u1ea3m b\u1ea3o \u0111\u1ed9 b\u1ec1n cho m\u00f4 h\u00ecnh<\/p>\n<p>C\u00e1c th\u00e0nh ph\u1ea7n Lego\u00ae tu\u00e2n th\u1ee7 c\u00e1c ti\u00eau chu\u1ea9n an to\u00e0n nghi\u00eam ng\u1eb7t tr\u00ean to\u00e0n c\u1ea7u<\/p>\n","protected":false},"excerpt":{"rendered":"<p>\u0110\u1ed3 Ch\u01a1i L\u1eafp R\u00e1p \u0110\u00eam \u0110\u1ea7y Sao C\u1ee7a Danh H\u1ecda Vincent Van Gogh LEGO IDEAS 21333 (2316 chi ti\u1ebft) S\u1eb5n s\u00e0ng t\u1ea1o n\u00ean m\u1ed9t ki\u1ec7t t\u00e1c? H\u00e3y h\u00f3a th\u00e2n th\u00e0nh Vincent van Gogh \u0111\u1ec3 t\u1ea1o n\u00ean m\u1ed9t phi\u00ean b\u1ea3n t\u00f4n vinh b\u1eb1ng g\u1ea1ch Lego\u00ae 3D d\u00e0nh cho m\u1ed9t trong nh\u1eefng b\u1ee9c tranh n\u1ed5i ti\u1ebfng nh\u1ea5t [&#8230;]\n","protected":false},"featured_media":158,"comment_status":"open","ping_status":"closed","template":"","meta":[],"product_brand":[],"product_cat":[17],"product_tag":[],"class_list":{"0":"post-157","1":"product","2":"type-product","3":"status-publish","4":"has-post-thumbnail","6":"product_cat-lego","8":"first","9":"instock","10":"shipping-taxable","11":"purchasable","12":"product-type-simple"},"yoast_head":"<!-- This site is optimized with the Yoast SEO plugin v27.2 - https:\/\/yoast.com\/product\/yoast-seo-wordpress\/ -->\n<title>\u0110\u1ed3 Ch\u01a1i L\u1eafp R\u00e1p \u0110\u00eam \u0110\u1ea7y Sao C\u1ee7a Danh H\u1ecda Vincent Van Gogh LEGO IDEAS 21333 - Shop Lego c\u1ee7a P\u00f4<\/title>\n<meta name=\"description\" content=\"S\u1eb5n s\u00e0ng t\u1ea1o n\u00ean m\u1ed9t ki\u1ec7t t\u00e1c? H\u00e3y h\u00f3a th\u00e2n th\u00e0nh Vincent van Gogh \u0111\u1ec3 t\u1ea1o n\u00ean m\u1ed9t phi\u00ean b\u1ea3n t\u00f4n vinh b\u1eb1ng g\u1ea1ch Lego\u00ae 3D:\u0110\u00eam \u0111\u1ea7y sao\" \/>\n<meta name=\"robots\" content=\"index, follow, max-snippet:-1, max-image-preview:large, max-video-preview:-1\" \/>\n<link rel=\"canonical\" href=\"https:\/\/shoplego.azdigi.shop\/index.php\/product\/do-choi-lap-rap-dem-day-sao-cua-danh-hoa-vincent-van-gogh-lego-ideas-21333\/\" \/>\n<meta property=\"og:locale\" content=\"en_US\" \/>\n<meta property=\"og:type\" content=\"article\" \/>\n<meta property=\"og:title\" content=\"\u0110\u1ed3 Ch\u01a1i L\u1eafp R\u00e1p \u0110\u00eam \u0110\u1ea7y Sao C\u1ee7a Danh H\u1ecda Vincent Van Gogh LEGO IDEAS 21333 - Shop Lego c\u1ee7a P\u00f4\" \/>\n<meta property=\"og:description\" content=\"S\u1eb5n s\u00e0ng t\u1ea1o n\u00ean m\u1ed9t ki\u1ec7t t\u00e1c? H\u00e3y h\u00f3a th\u00e2n th\u00e0nh Vincent van Gogh \u0111\u1ec3 t\u1ea1o n\u00ean m\u1ed9t phi\u00ean b\u1ea3n t\u00f4n vinh b\u1eb1ng g\u1ea1ch Lego\u00ae 3D:\u0110\u00eam \u0111\u1ea7y sao\" \/>\n<meta property=\"og:url\" content=\"https:\/\/shoplego.azdigi.shop\/index.php\/product\/do-choi-lap-rap-dem-day-sao-cua-danh-hoa-vincent-van-gogh-lego-ideas-21333\/\" \/>\n<meta property=\"og:site_name\" content=\"Shop Lego c\u1ee7a P\u00f4\" \/>\n<meta property=\"article:modified_time\" content=\"2026-04-11T13:40:36+00:00\" \/>\n<meta property=\"og:image\" content=\"https:\/\/shoplego.azdigi.shop\/wp-content\/uploads\/2026\/04\/Anh-chup-man-hinh-2026-04-11-195425.png\" \/>\n\t<meta property=\"og:image:width\" content=\"810\" \/>\n\t<meta property=\"og:image:height\" content=\"619\" \/>\n\t<meta property=\"og:image:type\" content=\"image\/png\" \/>\n<meta name=\"twitter:card\" content=\"summary_large_image\" \/>\n<meta name=\"twitter:label1\" content=\"Est. reading time\" \/>\n\t<meta name=\"twitter:data1\" content=\"2 minutes\" \/>\n<script type=\"application\/ld+json\" class=\"yoast-schema-graph\">{\"@context\":\"https:\/\/schema.org\",\"@graph\":[{\"@type\":\"WebPage\",\"@id\":\"https:\/\/shoplego.azdigi.shop\/index.php\/product\/do-choi-lap-rap-dem-day-sao-cua-danh-hoa-vincent-van-gogh-lego-ideas-21333\/\",\"url\":\"https:\/\/shoplego.azdigi.shop\/index.php\/product\/do-choi-lap-rap-dem-day-sao-cua-danh-hoa-vincent-van-gogh-lego-ideas-21333\/\",\"name\":\"\u0110\u1ed3 Ch\u01a1i L\u1eafp R\u00e1p \u0110\u00eam \u0110\u1ea7y Sao C\u1ee7a Danh H\u1ecda Vincent Van Gogh LEGO IDEAS 21333 - Shop Lego c\u1ee7a P\u00f4\",\"isPartOf\":{\"@id\":\"https:\/\/shoplego.azdigi.shop\/#website\"},\"primaryImageOfPage\":{\"@id\":\"https:\/\/shoplego.azdigi.shop\/index.php\/product\/do-choi-lap-rap-dem-day-sao-cua-danh-hoa-vincent-van-gogh-lego-ideas-21333\/#primaryimage\"},\"image\":{\"@id\":\"https:\/\/shoplego.azdigi.shop\/index.php\/product\/do-choi-lap-rap-dem-day-sao-cua-danh-hoa-vincent-van-gogh-lego-ideas-21333\/#primaryimage\"},\"thumbnailUrl\":\"https:\/\/shoplego.azdigi.shop\/wp-content\/uploads\/2026\/04\/Anh-chup-man-hinh-2026-04-11-195425.png\",\"datePublished\":\"2026-04-11T12:55:50+00:00\",\"dateModified\":\"2026-04-11T13:40:36+00:00\",\"description\":\"S\u1eb5n s\u00e0ng t\u1ea1o n\u00ean m\u1ed9t ki\u1ec7t t\u00e1c? H\u00e3y h\u00f3a th\u00e2n th\u00e0nh Vincent van Gogh \u0111\u1ec3 t\u1ea1o n\u00ean m\u1ed9t phi\u00ean b\u1ea3n t\u00f4n vinh b\u1eb1ng g\u1ea1ch Lego\u00ae 3D:\u0110\u00eam \u0111\u1ea7y sao\",\"breadcrumb\":{\"@id\":\"https:\/\/shoplego.azdigi.shop\/index.php\/product\/do-choi-lap-rap-dem-day-sao-cua-danh-hoa-vincent-van-gogh-lego-ideas-21333\/#breadcrumb\"},\"inLanguage\":\"en-US\",\"potentialAction\":[{\"@type\":\"ReadAction\",\"target\":[\"https:\/\/shoplego.azdigi.shop\/index.php\/product\/do-choi-lap-rap-dem-day-sao-cua-danh-hoa-vincent-van-gogh-lego-ideas-21333\/\"]}]},{\"@type\":\"ImageObject\",\"inLanguage\":\"en-US\",\"@id\":\"https:\/\/shoplego.azdigi.shop\/index.php\/product\/do-choi-lap-rap-dem-day-sao-cua-danh-hoa-vincent-van-gogh-lego-ideas-21333\/#primaryimage\",\"url\":\"https:\/\/shoplego.azdigi.shop\/wp-content\/uploads\/2026\/04\/Anh-chup-man-hinh-2026-04-11-195425.png\",\"contentUrl\":\"https:\/\/shoplego.azdigi.shop\/wp-content\/uploads\/2026\/04\/Anh-chup-man-hinh-2026-04-11-195425.png\",\"width\":810,\"height\":619},{\"@type\":\"BreadcrumbList\",\"@id\":\"https:\/\/shoplego.azdigi.shop\/index.php\/product\/do-choi-lap-rap-dem-day-sao-cua-danh-hoa-vincent-van-gogh-lego-ideas-21333\/#breadcrumb\",\"itemListElement\":[{\"@type\":\"ListItem\",\"position\":1,\"name\":\"Home\",\"item\":\"https:\/\/shoplego.azdigi.shop\/\"},{\"@type\":\"ListItem\",\"position\":2,\"name\":\"Shop\",\"item\":\"https:\/\/shoplego.azdigi.shop\/index.php\/shop\/\"},{\"@type\":\"ListItem\",\"position\":3,\"name\":\"\u0110\u1ed3 Ch\u01a1i L\u1eafp R\u00e1p \u0110\u00eam \u0110\u1ea7y Sao C\u1ee7a Danh H\u1ecda Vincent Van Gogh LEGO IDEAS 21333\"}]},{\"@type\":\"WebSite\",\"@id\":\"https:\/\/shoplego.azdigi.shop\/#website\",\"url\":\"https:\/\/shoplego.azdigi.shop\/\",\"name\":\"Shop Lego c\u1ee7a P\u00f4\",\"description\":\"\",\"potentialAction\":[{\"@type\":\"SearchAction\",\"target\":{\"@type\":\"EntryPoint\",\"urlTemplate\":\"https:\/\/shoplego.azdigi.shop\/?s={search_term_string}\"},\"query-input\":{\"@type\":\"PropertyValueSpecification\",\"valueRequired\":true,\"valueName\":\"search_term_string\"}}],\"inLanguage\":\"en-US\"}]}<\/script>\n<!-- \/ Yoast SEO plugin. -->","yoast_head_json":{"title":"\u0110\u1ed3 Ch\u01a1i L\u1eafp R\u00e1p \u0110\u00eam \u0110\u1ea7y Sao C\u1ee7a Danh H\u1ecda Vincent Van Gogh LEGO IDEAS 21333 - Shop Lego c\u1ee7a P\u00f4","description":"S\u1eb5n s\u00e0ng t\u1ea1o n\u00ean m\u1ed9t ki\u1ec7t t\u00e1c? H\u00e3y h\u00f3a th\u00e2n th\u00e0nh Vincent van Gogh \u0111\u1ec3 t\u1ea1o n\u00ean m\u1ed9t phi\u00ean b\u1ea3n t\u00f4n vinh b\u1eb1ng g\u1ea1ch Lego\u00ae 3D:\u0110\u00eam \u0111\u1ea7y sao","robots":{"index":"index","follow":"follow","max-snippet":"max-snippet:-1","max-image-preview":"max-image-preview:large","max-video-preview":"max-video-preview:-1"},"canonical":"https:\/\/shoplego.azdigi.shop\/index.php\/product\/do-choi-lap-rap-dem-day-sao-cua-danh-hoa-vincent-van-gogh-lego-ideas-21333\/","og_locale":"en_US","og_type":"article","og_title":"\u0110\u1ed3 Ch\u01a1i L\u1eafp R\u00e1p \u0110\u00eam \u0110\u1ea7y Sao C\u1ee7a Danh H\u1ecda Vincent Van Gogh LEGO IDEAS 21333 - Shop Lego c\u1ee7a P\u00f4","og_description":"S\u1eb5n s\u00e0ng t\u1ea1o n\u00ean m\u1ed9t ki\u1ec7t t\u00e1c? H\u00e3y h\u00f3a th\u00e2n th\u00e0nh Vincent van Gogh \u0111\u1ec3 t\u1ea1o n\u00ean m\u1ed9t phi\u00ean b\u1ea3n t\u00f4n vinh b\u1eb1ng g\u1ea1ch Lego\u00ae 3D:\u0110\u00eam \u0111\u1ea7y sao","og_url":"https:\/\/shoplego.azdigi.shop\/index.php\/product\/do-choi-lap-rap-dem-day-sao-cua-danh-hoa-vincent-van-gogh-lego-ideas-21333\/","og_site_name":"Shop Lego c\u1ee7a P\u00f4","article_modified_time":"2026-04-11T13:40:36+00:00","og_image":[{"width":810,"height":619,"url":"https:\/\/shoplego.azdigi.shop\/wp-content\/uploads\/2026\/04\/Anh-chup-man-hinh-2026-04-11-195425.png","type":"image\/png"}],"twitter_card":"summary_large_image","twitter_misc":{"Est. reading time":"2 minutes"},"schema":{"@context":"https:\/\/schema.org","@graph":[{"@type":"WebPage","@id":"https:\/\/shoplego.azdigi.shop\/index.php\/product\/do-choi-lap-rap-dem-day-sao-cua-danh-hoa-vincent-van-gogh-lego-ideas-21333\/","url":"https:\/\/shoplego.azdigi.shop\/index.php\/product\/do-choi-lap-rap-dem-day-sao-cua-danh-hoa-vincent-van-gogh-lego-ideas-21333\/","name":"\u0110\u1ed3 Ch\u01a1i L\u1eafp R\u00e1p \u0110\u00eam \u0110\u1ea7y Sao C\u1ee7a Danh H\u1ecda Vincent Van Gogh LEGO IDEAS 21333 - Shop Lego c\u1ee7a P\u00f4","isPartOf":{"@id":"https:\/\/shoplego.azdigi.shop\/#website"},"primaryImageOfPage":{"@id":"https:\/\/shoplego.azdigi.shop\/index.php\/product\/do-choi-lap-rap-dem-day-sao-cua-danh-hoa-vincent-van-gogh-lego-ideas-21333\/#primaryimage"},"image":{"@id":"https:\/\/shoplego.azdigi.shop\/index.php\/product\/do-choi-lap-rap-dem-day-sao-cua-danh-hoa-vincent-van-gogh-lego-ideas-21333\/#primaryimage"},"thumbnailUrl":"https:\/\/shoplego.azdigi.shop\/wp-content\/uploads\/2026\/04\/Anh-chup-man-hinh-2026-04-11-195425.png","datePublished":"2026-04-11T12:55:50+00:00","dateModified":"2026-04-11T13:40:36+00:00","description":"S\u1eb5n s\u00e0ng t\u1ea1o n\u00ean m\u1ed9t ki\u1ec7t t\u00e1c? H\u00e3y h\u00f3a th\u00e2n th\u00e0nh Vincent van Gogh \u0111\u1ec3 t\u1ea1o n\u00ean m\u1ed9t phi\u00ean b\u1ea3n t\u00f4n vinh b\u1eb1ng g\u1ea1ch Lego\u00ae 3D:\u0110\u00eam \u0111\u1ea7y sao","breadcrumb":{"@id":"https:\/\/shoplego.azdigi.shop\/index.php\/product\/do-choi-lap-rap-dem-day-sao-cua-danh-hoa-vincent-van-gogh-lego-ideas-21333\/#breadcrumb"},"inLanguage":"en-US","potentialAction":[{"@type":"ReadAction","target":["https:\/\/shoplego.azdigi.shop\/index.php\/product\/do-choi-lap-rap-dem-day-sao-cua-danh-hoa-vincent-van-gogh-lego-ideas-21333\/"]}]},{"@type":"ImageObject","inLanguage":"en-US","@id":"https:\/\/shoplego.azdigi.shop\/index.php\/product\/do-choi-lap-rap-dem-day-sao-cua-danh-hoa-vincent-van-gogh-lego-ideas-21333\/#primaryimage","url":"https:\/\/shoplego.azdigi.shop\/wp-content\/uploads\/2026\/04\/Anh-chup-man-hinh-2026-04-11-195425.png","contentUrl":"https:\/\/shoplego.azdigi.shop\/wp-content\/uploads\/2026\/04\/Anh-chup-man-hinh-2026-04-11-195425.png","width":810,"height":619},{"@type":"BreadcrumbList","@id":"https:\/\/shoplego.azdigi.shop\/index.php\/product\/do-choi-lap-rap-dem-day-sao-cua-danh-hoa-vincent-van-gogh-lego-ideas-21333\/#breadcrumb","itemListElement":[{"@type":"ListItem","position":1,"name":"Home","item":"https:\/\/shoplego.azdigi.shop\/"},{"@type":"ListItem","position":2,"name":"Shop","item":"https:\/\/shoplego.azdigi.shop\/index.php\/shop\/"},{"@type":"ListItem","position":3,"name":"\u0110\u1ed3 Ch\u01a1i L\u1eafp R\u00e1p \u0110\u00eam \u0110\u1ea7y Sao C\u1ee7a Danh H\u1ecda Vincent Van Gogh LEGO IDEAS 21333"}]},{"@type":"WebSite","@id":"https:\/\/shoplego.azdigi.shop\/#website","url":"https:\/\/shoplego.azdigi.shop\/","name":"Shop Lego c\u1ee7a P\u00f4","description":"","potentialAction":[{"@type":"SearchAction","target":{"@type":"EntryPoint","urlTemplate":"https:\/\/shoplego.azdigi.shop\/?s={search_term_string}"},"query-input":{"@type":"PropertyValueSpecification","valueRequired":true,"valueName":"search_term_string"}}],"inLanguage":"en-US"}]}},"_links":{"self":[{"href":"https:\/\/shoplego.azdigi.shop\/index.php\/wp-json\/wp\/v2\/product\/157","targetHints":{"allow":["GET"]}}],"collection":[{"href":"https:\/\/shoplego.azdigi.shop\/index.php\/wp-json\/wp\/v2\/product"}],"about":[{"href":"https:\/\/shoplego.azdigi.shop\/index.php\/wp-json\/wp\/v2\/types\/product"}],"replies":[{"embeddable":true,"href":"https:\/\/shoplego.azdigi.shop\/index.php\/wp-json\/wp\/v2\/comments?post=157"}],"wp:featuredmedia":[{"embeddable":true,"href":"https:\/\/shoplego.azdigi.shop\/index.php\/wp-json\/wp\/v2\/media\/158"}],"wp:attachment":[{"href":"https:\/\/shoplego.azdigi.shop\/index.php\/wp-json\/wp\/v2\/media?parent=157"}],"wp:term":[{"taxonomy":"product_brand","embeddable":true,"href":"https:\/\/shoplego.azdigi.shop\/index.php\/wp-json\/wp\/v2\/product_brand?post=157"},{"taxonomy":"product_cat","embeddable":true,"href":"https:\/\/shoplego.azdigi.shop\/index.php\/wp-json\/wp\/v2\/product_cat?post=157"},{"taxonomy":"product_tag","embeddable":true,"href":"https:\/\/shoplego.azdigi.shop\/index.php\/wp-json\/wp\/v2\/product_tag?post=157"}],"curies":[{"name":"wp","href":"https:\/\/api.w.org\/{rel}","templated":true}]}}