{"id":152,"date":"2026-04-11T12:52:31","date_gmt":"2026-04-11T12:52:31","guid":{"rendered":"https:\/\/shoplego.azdigi.shop\/?post_type=product&#038;p=152"},"modified":"2026-04-11T13:39:27","modified_gmt":"2026-04-11T13:39:27","slug":"chuyen-den-thong-tin-san-pham-do-choi-lap-rap-tranh-hoa-huong-duong-cua-vincent-van-gogh-lego-art-31215-01-do-choi-lap-rap-tranh-hoa-huong-duong-cua-vincent-van-gogh-lego-art-31215-01-do-choi-lap-rap","status":"publish","type":"product","link":"https:\/\/shoplego.azdigi.shop\/index.php\/product\/chuyen-den-thong-tin-san-pham-do-choi-lap-rap-tranh-hoa-huong-duong-cua-vincent-van-gogh-lego-art-31215-01-do-choi-lap-rap-tranh-hoa-huong-duong-cua-vincent-van-gogh-lego-art-31215-01-do-choi-lap-rap\/","title":{"rendered":"\u0110\u1ed3 Ch\u01a1i L\u1eafp R\u00e1p Tranh Hoa H\u01b0\u1edbng D\u01b0\u01a1ng C\u1ee7a Vincent Van Gogh LEGO ART 31215"},"content":{"rendered":"<h2>\u0110\u1ed3 Ch\u01a1i L\u1eafp R\u00e1p Tranh Hoa H\u01b0\u1edbng D\u01b0\u01a1ng C\u1ee7a Vincent Van Gogh LEGO ART 31215 (2615 chi ti\u1ebft)<\/h2>\n<p><img loading=\"lazy\" decoding=\"async\" class=\"aligncenter\" src=\"https:\/\/www.mykingdom.com.vn\/cdn\/shop\/files\/do-choi-lap-rap-tranh-hoa-huong-duong-cua-vincent-van-gogh-lego-art-31215_4.jpg?v=1749191736&amp;width=1946\" alt=\"do-choi-lap-rap-tranh-hoa-huong-duong-cua-vincent-van-gogh-lego-art-31215-01\" width=\"621\" height=\"621\" \/><\/p>\n<p>H\u00e3y \u0111\u1eafm ch\u00ecm trong s\u1eafc m\u00e0u n\u1ed5i b\u1eadt, v\u1ebb \u0111\u1eb9p \u0111\u1ed9c \u0111\u00e1o v\u00e0 t\u00e0i n\u0103ng r\u1ef1c r\u1ee1 c\u1ee7a Vincent van Gogh v\u1edbi t\u00e1c ph\u1ea9m LEGO\u00ae Art Tranh hoa h\u01b0\u1edbng d\u01b0\u01a1ng c\u1ee7a Vincent van Gogh t\u00e1i hi\u1ec7n m\u1ed9t trong nh\u1eefng b\u1ee9c tranh \u0111\u01b0\u1ee3c y\u00eau th\u00edch nh\u1ea5t c\u1ee7a \u00f4ng: \u201cSunflowers\u201d (Hoa H\u01b0\u1edbng D\u01b0\u01a1ng). \u0110\u01b0\u1ee3c s\u00e1ng t\u1ea1o ph\u1ed1i h\u1ee3p c\u00f9ng B\u1ea3o t\u00e0ng Van Gogh t\u1ea1i Amsterdam, t\u00e1c ph\u1ea9m gh\u00e9p g\u1ea1ch n\u00e0y t\u00e1i hi\u1ec7n nh\u1eefng n\u00e9t c\u1ecd \u0111\u1eb7c tr\u01b0ng c\u1ee7a ki\u1ec7t t\u00e1c. B\u1ed9 c\u00f2n bao g\u1ed3m c\u00e1nh hoa c\u00f3 th\u1ec3 \u0111i\u1ec1u ch\u1ec9nh v\u00e0 m\u1ed9t m\u1ea3nh g\u1ea1ch kh\u1eafc ch\u1eef k\u00fd c\u1ee7a Van Gogh. T\u1ea1o phi\u00ean b\u1ea3n LEGO\u00ael\u1eafp r\u00e1p b\u1eb1ng g\u1ea1ch c\u1ee7a b\u1ee9c tranh Hoa h\u01b0\u1edbng d\u01b0\u01a1ng c\u1ee7a Vincent van Gogh<\/p>\n<p>T\u1ea1o n\u00ean phi\u00ean b\u1ea3n tranh 3D \u201cSunflowers\u201d theo phong c\u00e1ch LEGO\u00ae Art<\/p>\n<p>C\u00f3 m\u00f3c treo gi\u00fap b\u1ea1n d\u1ec5 d\u00e0ng tr\u01b0ng b\u00e0y t\u00e1c ph\u1ea9m tr\u00ean t\u01b0\u1eddng<\/p>\n<p>C\u00e1nh hoa h\u01b0\u1edbng d\u01b0\u01a1ng trong b\u1ed9 m\u00f4 h\u00ecnh c\u00f3 th\u1ec3 \u0111i\u1ec1u ch\u1ec9nh \u0111\u1ec3 t\u1ea1o hi\u1ec7u \u1ee9ng \u0111\u1ed9ng<\/p>\n<p>Qu\u00e9t m\u00e3 QR \u0111\u1ec3 nghe podcast h\u1ea5p d\u1eabn v\u1ec1 Van Gogh v\u00e0 h\u00e0nh tr\u00ecnh ngh\u1ec7 thu\u1eadt c\u1ee7a \u00f4ng<\/p>\n<p>T\u01b0\u1edfng nh\u1edb Van Gogh v\u1edbi d\u1ea3i ngang \u0111\u1eb7c tr\u01b0ng tr\u00ean \u201cv\u1ea3i\u201d tran<\/p>\n<p>\u00dd t\u01b0\u1edfng qu\u00e0 t\u1eb7ng s\u00e1ng t\u1ea1o cho ng\u01b0\u1eddi l\u1edbn v\u00e0 nh\u1eefng ng\u01b0\u1eddi y\u00eau ngh\u1ec7 thu\u1eadt<\/p>\n<p>B\u1ed9 g\u1ed3m 2.615 m\u1ea3nh, ho\u00e0n thi\u1ec7n cao h\u01a1n 54 cm v\u00e0 r\u1ed9ng 41 cm<\/p>\n<p><strong>Th\u00f4ng tin s\u1ea3n ph\u1ea9m<\/strong><\/p>\n<table class=\"table-product-information\" style=\"height: 268px;\" width=\"490\" cellspacing=\"0\" cellpadding=\"0\">\n<tbody>\n<tr>\n<td>Ch\u1ee7 \u0111\u1ec1<\/td>\n<td>LEGO ART ADULT<\/td>\n<\/tr>\n<tr>\n<td>Tu\u1ed5i<\/td>\n<td>18 tu\u1ed5i tr\u1edf l\u00ean<\/td>\n<\/tr>\n<tr>\n<td>Gi\u1edbi t\u00ednh<\/td>\n<td>Unisex<\/td>\n<\/tr>\n<tr>\n<td>Th\u01b0\u01a1ng hi\u1ec7u<\/td>\n<td>LEGO ART<\/td>\n<\/tr>\n<tr>\n<td>Xu\u1ea5t x\u1ee9 th\u01b0\u01a1ng hi\u1ec7u<\/td>\n<td>Trung Qu\u1ed1c<\/td>\n<\/tr>\n<tr>\n<td>Xu\u1ea5t x\u1ee9<\/td>\n<td>\u0110an M\u1ea1ch<\/td>\n<\/tr>\n<\/tbody>\n<\/table>\n","protected":false},"excerpt":{"rendered":"<p>\u0110\u1ed3 Ch\u01a1i L\u1eafp R\u00e1p Tranh Hoa H\u01b0\u1edbng D\u01b0\u01a1ng C\u1ee7a Vincent Van Gogh LEGO ART 31215 (2615 chi ti\u1ebft) H\u00e3y \u0111\u1eafm ch\u00ecm trong s\u1eafc m\u00e0u n\u1ed5i b\u1eadt, v\u1ebb \u0111\u1eb9p \u0111\u1ed9c \u0111\u00e1o v\u00e0 t\u00e0i n\u0103ng r\u1ef1c r\u1ee1 c\u1ee7a Vincent van Gogh v\u1edbi t\u00e1c ph\u1ea9m LEGO\u00ae Art Tranh hoa h\u01b0\u1edbng d\u01b0\u01a1ng c\u1ee7a Vincent van Gogh t\u00e1i hi\u1ec7n m\u1ed9t [&#8230;]\n","protected":false},"featured_media":153,"comment_status":"open","ping_status":"closed","template":"","meta":[],"product_brand":[],"product_cat":[17],"product_tag":[],"class_list":{"0":"post-152","1":"product","2":"type-product","3":"status-publish","4":"has-post-thumbnail","6":"product_cat-lego","8":"first","9":"instock","10":"shipping-taxable","11":"product-type-simple"},"yoast_head":"<!-- This site is optimized with the Yoast SEO plugin v27.2 - https:\/\/yoast.com\/product\/yoast-seo-wordpress\/ -->\n<title>\u0110\u1ed3 Ch\u01a1i L\u1eafp R\u00e1p Tranh Hoa H\u01b0\u1edbng D\u01b0\u01a1ng C\u1ee7a Vincent Van Gogh LEGO ART 31215 - Shop Lego c\u1ee7a P\u00f4<\/title>\n<meta name=\"description\" content=\"H\u00e3y \u0111\u1eafm ch\u00ecm trong s\u1eafc m\u00e0u n\u1ed5i b\u1eadt, v\u1ebb \u0111\u1eb9p \u0111\u1ed9c \u0111\u00e1o v\u00e0 t\u00e0i n\u0103ng r\u1ef1c r\u1ee1 c\u1ee7a Vincent van Gogh v\u1edbi t\u00e1c ph\u1ea9m LEGO\u00ae Art Tranh hoa h\u01b0\u1edbng d\u01b0\u01a1ng c\u1ee7a Vincent van Gogh\" \/>\n<meta name=\"robots\" content=\"index, follow, max-snippet:-1, max-image-preview:large, max-video-preview:-1\" \/>\n<link rel=\"canonical\" href=\"https:\/\/shoplego.azdigi.shop\/index.php\/product\/chuyen-den-thong-tin-san-pham-do-choi-lap-rap-tranh-hoa-huong-duong-cua-vincent-van-gogh-lego-art-31215-01-do-choi-lap-rap-tranh-hoa-huong-duong-cua-vincent-van-gogh-lego-art-31215-01-do-choi-lap-rap\/\" \/>\n<meta property=\"og:locale\" content=\"en_US\" \/>\n<meta property=\"og:type\" content=\"article\" \/>\n<meta property=\"og:title\" content=\"\u0110\u1ed3 Ch\u01a1i L\u1eafp R\u00e1p Tranh Hoa H\u01b0\u1edbng D\u01b0\u01a1ng C\u1ee7a Vincent Van Gogh LEGO ART 31215 - Shop Lego c\u1ee7a P\u00f4\" \/>\n<meta property=\"og:description\" content=\"H\u00e3y \u0111\u1eafm ch\u00ecm trong s\u1eafc m\u00e0u n\u1ed5i b\u1eadt, v\u1ebb \u0111\u1eb9p \u0111\u1ed9c \u0111\u00e1o v\u00e0 t\u00e0i n\u0103ng r\u1ef1c r\u1ee1 c\u1ee7a Vincent van Gogh v\u1edbi t\u00e1c ph\u1ea9m LEGO\u00ae Art Tranh hoa h\u01b0\u1edbng d\u01b0\u01a1ng c\u1ee7a Vincent van Gogh\" \/>\n<meta property=\"og:url\" content=\"https:\/\/shoplego.azdigi.shop\/index.php\/product\/chuyen-den-thong-tin-san-pham-do-choi-lap-rap-tranh-hoa-huong-duong-cua-vincent-van-gogh-lego-art-31215-01-do-choi-lap-rap-tranh-hoa-huong-duong-cua-vincent-van-gogh-lego-art-31215-01-do-choi-lap-rap\/\" \/>\n<meta property=\"og:site_name\" content=\"Shop Lego c\u1ee7a P\u00f4\" \/>\n<meta property=\"article:modified_time\" content=\"2026-04-11T13:39:27+00:00\" \/>\n<meta property=\"og:image\" content=\"https:\/\/shoplego.azdigi.shop\/wp-content\/uploads\/2026\/04\/Anh-chup-man-hinh-2026-04-11-195106.png\" \/>\n\t<meta property=\"og:image:width\" content=\"808\" \/>\n\t<meta property=\"og:image:height\" content=\"748\" \/>\n\t<meta property=\"og:image:type\" content=\"image\/png\" \/>\n<meta name=\"twitter:card\" content=\"summary_large_image\" \/>\n<meta name=\"twitter:label1\" content=\"Est. reading time\" \/>\n\t<meta name=\"twitter:data1\" content=\"2 minutes\" \/>\n<script type=\"application\/ld+json\" class=\"yoast-schema-graph\">{\"@context\":\"https:\/\/schema.org\",\"@graph\":[{\"@type\":\"WebPage\",\"@id\":\"https:\/\/shoplego.azdigi.shop\/index.php\/product\/chuyen-den-thong-tin-san-pham-do-choi-lap-rap-tranh-hoa-huong-duong-cua-vincent-van-gogh-lego-art-31215-01-do-choi-lap-rap-tranh-hoa-huong-duong-cua-vincent-van-gogh-lego-art-31215-01-do-choi-lap-rap\/\",\"url\":\"https:\/\/shoplego.azdigi.shop\/index.php\/product\/chuyen-den-thong-tin-san-pham-do-choi-lap-rap-tranh-hoa-huong-duong-cua-vincent-van-gogh-lego-art-31215-01-do-choi-lap-rap-tranh-hoa-huong-duong-cua-vincent-van-gogh-lego-art-31215-01-do-choi-lap-rap\/\",\"name\":\"\u0110\u1ed3 Ch\u01a1i L\u1eafp R\u00e1p Tranh Hoa H\u01b0\u1edbng D\u01b0\u01a1ng C\u1ee7a Vincent Van Gogh LEGO ART 31215 - Shop Lego c\u1ee7a P\u00f4\",\"isPartOf\":{\"@id\":\"https:\/\/shoplego.azdigi.shop\/#website\"},\"primaryImageOfPage\":{\"@id\":\"https:\/\/shoplego.azdigi.shop\/index.php\/product\/chuyen-den-thong-tin-san-pham-do-choi-lap-rap-tranh-hoa-huong-duong-cua-vincent-van-gogh-lego-art-31215-01-do-choi-lap-rap-tranh-hoa-huong-duong-cua-vincent-van-gogh-lego-art-31215-01-do-choi-lap-rap\/#primaryimage\"},\"image\":{\"@id\":\"https:\/\/shoplego.azdigi.shop\/index.php\/product\/chuyen-den-thong-tin-san-pham-do-choi-lap-rap-tranh-hoa-huong-duong-cua-vincent-van-gogh-lego-art-31215-01-do-choi-lap-rap-tranh-hoa-huong-duong-cua-vincent-van-gogh-lego-art-31215-01-do-choi-lap-rap\/#primaryimage\"},\"thumbnailUrl\":\"https:\/\/shoplego.azdigi.shop\/wp-content\/uploads\/2026\/04\/Anh-chup-man-hinh-2026-04-11-195106.png\",\"datePublished\":\"2026-04-11T12:52:31+00:00\",\"dateModified\":\"2026-04-11T13:39:27+00:00\",\"description\":\"H\u00e3y \u0111\u1eafm ch\u00ecm trong s\u1eafc m\u00e0u n\u1ed5i b\u1eadt, v\u1ebb \u0111\u1eb9p \u0111\u1ed9c \u0111\u00e1o v\u00e0 t\u00e0i n\u0103ng r\u1ef1c r\u1ee1 c\u1ee7a Vincent van Gogh v\u1edbi t\u00e1c ph\u1ea9m LEGO\u00ae Art Tranh hoa h\u01b0\u1edbng d\u01b0\u01a1ng c\u1ee7a Vincent van Gogh\",\"breadcrumb\":{\"@id\":\"https:\/\/shoplego.azdigi.shop\/index.php\/product\/chuyen-den-thong-tin-san-pham-do-choi-lap-rap-tranh-hoa-huong-duong-cua-vincent-van-gogh-lego-art-31215-01-do-choi-lap-rap-tranh-hoa-huong-duong-cua-vincent-van-gogh-lego-art-31215-01-do-choi-lap-rap\/#breadcrumb\"},\"inLanguage\":\"en-US\",\"potentialAction\":[{\"@type\":\"ReadAction\",\"target\":[\"https:\/\/shoplego.azdigi.shop\/index.php\/product\/chuyen-den-thong-tin-san-pham-do-choi-lap-rap-tranh-hoa-huong-duong-cua-vincent-van-gogh-lego-art-31215-01-do-choi-lap-rap-tranh-hoa-huong-duong-cua-vincent-van-gogh-lego-art-31215-01-do-choi-lap-rap\/\"]}]},{\"@type\":\"ImageObject\",\"inLanguage\":\"en-US\",\"@id\":\"https:\/\/shoplego.azdigi.shop\/index.php\/product\/chuyen-den-thong-tin-san-pham-do-choi-lap-rap-tranh-hoa-huong-duong-cua-vincent-van-gogh-lego-art-31215-01-do-choi-lap-rap-tranh-hoa-huong-duong-cua-vincent-van-gogh-lego-art-31215-01-do-choi-lap-rap\/#primaryimage\",\"url\":\"https:\/\/shoplego.azdigi.shop\/wp-content\/uploads\/2026\/04\/Anh-chup-man-hinh-2026-04-11-195106.png\",\"contentUrl\":\"https:\/\/shoplego.azdigi.shop\/wp-content\/uploads\/2026\/04\/Anh-chup-man-hinh-2026-04-11-195106.png\",\"width\":808,\"height\":748},{\"@type\":\"BreadcrumbList\",\"@id\":\"https:\/\/shoplego.azdigi.shop\/index.php\/product\/chuyen-den-thong-tin-san-pham-do-choi-lap-rap-tranh-hoa-huong-duong-cua-vincent-van-gogh-lego-art-31215-01-do-choi-lap-rap-tranh-hoa-huong-duong-cua-vincent-van-gogh-lego-art-31215-01-do-choi-lap-rap\/#breadcrumb\",\"itemListElement\":[{\"@type\":\"ListItem\",\"position\":1,\"name\":\"Home\",\"item\":\"https:\/\/shoplego.azdigi.shop\/\"},{\"@type\":\"ListItem\",\"position\":2,\"name\":\"Shop\",\"item\":\"https:\/\/shoplego.azdigi.shop\/index.php\/shop\/\"},{\"@type\":\"ListItem\",\"position\":3,\"name\":\"\u0110\u1ed3 Ch\u01a1i L\u1eafp R\u00e1p Tranh Hoa H\u01b0\u1edbng D\u01b0\u01a1ng C\u1ee7a Vincent Van Gogh LEGO ART 31215\"}]},{\"@type\":\"WebSite\",\"@id\":\"https:\/\/shoplego.azdigi.shop\/#website\",\"url\":\"https:\/\/shoplego.azdigi.shop\/\",\"name\":\"Shop Lego c\u1ee7a P\u00f4\",\"description\":\"\",\"potentialAction\":[{\"@type\":\"SearchAction\",\"target\":{\"@type\":\"EntryPoint\",\"urlTemplate\":\"https:\/\/shoplego.azdigi.shop\/?s={search_term_string}\"},\"query-input\":{\"@type\":\"PropertyValueSpecification\",\"valueRequired\":true,\"valueName\":\"search_term_string\"}}],\"inLanguage\":\"en-US\"}]}<\/script>\n<!-- \/ Yoast SEO plugin. -->","yoast_head_json":{"title":"\u0110\u1ed3 Ch\u01a1i L\u1eafp R\u00e1p Tranh Hoa H\u01b0\u1edbng D\u01b0\u01a1ng C\u1ee7a Vincent Van Gogh LEGO ART 31215 - Shop Lego c\u1ee7a P\u00f4","description":"H\u00e3y \u0111\u1eafm ch\u00ecm trong s\u1eafc m\u00e0u n\u1ed5i b\u1eadt, v\u1ebb \u0111\u1eb9p \u0111\u1ed9c \u0111\u00e1o v\u00e0 t\u00e0i n\u0103ng r\u1ef1c r\u1ee1 c\u1ee7a Vincent van Gogh v\u1edbi t\u00e1c ph\u1ea9m LEGO\u00ae Art Tranh hoa h\u01b0\u1edbng d\u01b0\u01a1ng c\u1ee7a Vincent van Gogh","robots":{"index":"index","follow":"follow","max-snippet":"max-snippet:-1","max-image-preview":"max-image-preview:large","max-video-preview":"max-video-preview:-1"},"canonical":"https:\/\/shoplego.azdigi.shop\/index.php\/product\/chuyen-den-thong-tin-san-pham-do-choi-lap-rap-tranh-hoa-huong-duong-cua-vincent-van-gogh-lego-art-31215-01-do-choi-lap-rap-tranh-hoa-huong-duong-cua-vincent-van-gogh-lego-art-31215-01-do-choi-lap-rap\/","og_locale":"en_US","og_type":"article","og_title":"\u0110\u1ed3 Ch\u01a1i L\u1eafp R\u00e1p Tranh Hoa H\u01b0\u1edbng D\u01b0\u01a1ng C\u1ee7a Vincent Van Gogh LEGO ART 31215 - Shop Lego c\u1ee7a P\u00f4","og_description":"H\u00e3y \u0111\u1eafm ch\u00ecm trong s\u1eafc m\u00e0u n\u1ed5i b\u1eadt, v\u1ebb \u0111\u1eb9p \u0111\u1ed9c \u0111\u00e1o v\u00e0 t\u00e0i n\u0103ng r\u1ef1c r\u1ee1 c\u1ee7a Vincent van Gogh v\u1edbi t\u00e1c ph\u1ea9m LEGO\u00ae Art Tranh hoa h\u01b0\u1edbng d\u01b0\u01a1ng c\u1ee7a Vincent van Gogh","og_url":"https:\/\/shoplego.azdigi.shop\/index.php\/product\/chuyen-den-thong-tin-san-pham-do-choi-lap-rap-tranh-hoa-huong-duong-cua-vincent-van-gogh-lego-art-31215-01-do-choi-lap-rap-tranh-hoa-huong-duong-cua-vincent-van-gogh-lego-art-31215-01-do-choi-lap-rap\/","og_site_name":"Shop Lego c\u1ee7a P\u00f4","article_modified_time":"2026-04-11T13:39:27+00:00","og_image":[{"width":808,"height":748,"url":"https:\/\/shoplego.azdigi.shop\/wp-content\/uploads\/2026\/04\/Anh-chup-man-hinh-2026-04-11-195106.png","type":"image\/png"}],"twitter_card":"summary_large_image","twitter_misc":{"Est. reading time":"2 minutes"},"schema":{"@context":"https:\/\/schema.org","@graph":[{"@type":"WebPage","@id":"https:\/\/shoplego.azdigi.shop\/index.php\/product\/chuyen-den-thong-tin-san-pham-do-choi-lap-rap-tranh-hoa-huong-duong-cua-vincent-van-gogh-lego-art-31215-01-do-choi-lap-rap-tranh-hoa-huong-duong-cua-vincent-van-gogh-lego-art-31215-01-do-choi-lap-rap\/","url":"https:\/\/shoplego.azdigi.shop\/index.php\/product\/chuyen-den-thong-tin-san-pham-do-choi-lap-rap-tranh-hoa-huong-duong-cua-vincent-van-gogh-lego-art-31215-01-do-choi-lap-rap-tranh-hoa-huong-duong-cua-vincent-van-gogh-lego-art-31215-01-do-choi-lap-rap\/","name":"\u0110\u1ed3 Ch\u01a1i L\u1eafp R\u00e1p Tranh Hoa H\u01b0\u1edbng D\u01b0\u01a1ng C\u1ee7a Vincent Van Gogh LEGO ART 31215 - Shop Lego c\u1ee7a P\u00f4","isPartOf":{"@id":"https:\/\/shoplego.azdigi.shop\/#website"},"primaryImageOfPage":{"@id":"https:\/\/shoplego.azdigi.shop\/index.php\/product\/chuyen-den-thong-tin-san-pham-do-choi-lap-rap-tranh-hoa-huong-duong-cua-vincent-van-gogh-lego-art-31215-01-do-choi-lap-rap-tranh-hoa-huong-duong-cua-vincent-van-gogh-lego-art-31215-01-do-choi-lap-rap\/#primaryimage"},"image":{"@id":"https:\/\/shoplego.azdigi.shop\/index.php\/product\/chuyen-den-thong-tin-san-pham-do-choi-lap-rap-tranh-hoa-huong-duong-cua-vincent-van-gogh-lego-art-31215-01-do-choi-lap-rap-tranh-hoa-huong-duong-cua-vincent-van-gogh-lego-art-31215-01-do-choi-lap-rap\/#primaryimage"},"thumbnailUrl":"https:\/\/shoplego.azdigi.shop\/wp-content\/uploads\/2026\/04\/Anh-chup-man-hinh-2026-04-11-195106.png","datePublished":"2026-04-11T12:52:31+00:00","dateModified":"2026-04-11T13:39:27+00:00","description":"H\u00e3y \u0111\u1eafm ch\u00ecm trong s\u1eafc m\u00e0u n\u1ed5i b\u1eadt, v\u1ebb \u0111\u1eb9p \u0111\u1ed9c \u0111\u00e1o v\u00e0 t\u00e0i n\u0103ng r\u1ef1c r\u1ee1 c\u1ee7a Vincent van Gogh v\u1edbi t\u00e1c ph\u1ea9m LEGO\u00ae Art Tranh hoa h\u01b0\u1edbng d\u01b0\u01a1ng c\u1ee7a Vincent van Gogh","breadcrumb":{"@id":"https:\/\/shoplego.azdigi.shop\/index.php\/product\/chuyen-den-thong-tin-san-pham-do-choi-lap-rap-tranh-hoa-huong-duong-cua-vincent-van-gogh-lego-art-31215-01-do-choi-lap-rap-tranh-hoa-huong-duong-cua-vincent-van-gogh-lego-art-31215-01-do-choi-lap-rap\/#breadcrumb"},"inLanguage":"en-US","potentialAction":[{"@type":"ReadAction","target":["https:\/\/shoplego.azdigi.shop\/index.php\/product\/chuyen-den-thong-tin-san-pham-do-choi-lap-rap-tranh-hoa-huong-duong-cua-vincent-van-gogh-lego-art-31215-01-do-choi-lap-rap-tranh-hoa-huong-duong-cua-vincent-van-gogh-lego-art-31215-01-do-choi-lap-rap\/"]}]},{"@type":"ImageObject","inLanguage":"en-US","@id":"https:\/\/shoplego.azdigi.shop\/index.php\/product\/chuyen-den-thong-tin-san-pham-do-choi-lap-rap-tranh-hoa-huong-duong-cua-vincent-van-gogh-lego-art-31215-01-do-choi-lap-rap-tranh-hoa-huong-duong-cua-vincent-van-gogh-lego-art-31215-01-do-choi-lap-rap\/#primaryimage","url":"https:\/\/shoplego.azdigi.shop\/wp-content\/uploads\/2026\/04\/Anh-chup-man-hinh-2026-04-11-195106.png","contentUrl":"https:\/\/shoplego.azdigi.shop\/wp-content\/uploads\/2026\/04\/Anh-chup-man-hinh-2026-04-11-195106.png","width":808,"height":748},{"@type":"BreadcrumbList","@id":"https:\/\/shoplego.azdigi.shop\/index.php\/product\/chuyen-den-thong-tin-san-pham-do-choi-lap-rap-tranh-hoa-huong-duong-cua-vincent-van-gogh-lego-art-31215-01-do-choi-lap-rap-tranh-hoa-huong-duong-cua-vincent-van-gogh-lego-art-31215-01-do-choi-lap-rap\/#breadcrumb","itemListElement":[{"@type":"ListItem","position":1,"name":"Home","item":"https:\/\/shoplego.azdigi.shop\/"},{"@type":"ListItem","position":2,"name":"Shop","item":"https:\/\/shoplego.azdigi.shop\/index.php\/shop\/"},{"@type":"ListItem","position":3,"name":"\u0110\u1ed3 Ch\u01a1i L\u1eafp R\u00e1p Tranh Hoa H\u01b0\u1edbng D\u01b0\u01a1ng C\u1ee7a Vincent Van Gogh LEGO ART 31215"}]},{"@type":"WebSite","@id":"https:\/\/shoplego.azdigi.shop\/#website","url":"https:\/\/shoplego.azdigi.shop\/","name":"Shop Lego c\u1ee7a P\u00f4","description":"","potentialAction":[{"@type":"SearchAction","target":{"@type":"EntryPoint","urlTemplate":"https:\/\/shoplego.azdigi.shop\/?s={search_term_string}"},"query-input":{"@type":"PropertyValueSpecification","valueRequired":true,"valueName":"search_term_string"}}],"inLanguage":"en-US"}]}},"_links":{"self":[{"href":"https:\/\/shoplego.azdigi.shop\/index.php\/wp-json\/wp\/v2\/product\/152","targetHints":{"allow":["GET"]}}],"collection":[{"href":"https:\/\/shoplego.azdigi.shop\/index.php\/wp-json\/wp\/v2\/product"}],"about":[{"href":"https:\/\/shoplego.azdigi.shop\/index.php\/wp-json\/wp\/v2\/types\/product"}],"replies":[{"embeddable":true,"href":"https:\/\/shoplego.azdigi.shop\/index.php\/wp-json\/wp\/v2\/comments?post=152"}],"wp:featuredmedia":[{"embeddable":true,"href":"https:\/\/shoplego.azdigi.shop\/index.php\/wp-json\/wp\/v2\/media\/153"}],"wp:attachment":[{"href":"https:\/\/shoplego.azdigi.shop\/index.php\/wp-json\/wp\/v2\/media?parent=152"}],"wp:term":[{"taxonomy":"product_brand","embeddable":true,"href":"https:\/\/shoplego.azdigi.shop\/index.php\/wp-json\/wp\/v2\/product_brand?post=152"},{"taxonomy":"product_cat","embeddable":true,"href":"https:\/\/shoplego.azdigi.shop\/index.php\/wp-json\/wp\/v2\/product_cat?post=152"},{"taxonomy":"product_tag","embeddable":true,"href":"https:\/\/shoplego.azdigi.shop\/index.php\/wp-json\/wp\/v2\/product_tag?post=152"}],"curies":[{"name":"wp","href":"https:\/\/api.w.org\/{rel}","templated":true}]}}