{"id":148,"date":"2026-04-11T12:46:35","date_gmt":"2026-04-11T12:46:35","guid":{"rendered":"https:\/\/shoplego.azdigi.shop\/?post_type=product&#038;p=148"},"modified":"2026-04-11T13:40:49","modified_gmt":"2026-04-11T13:40:49","slug":"do-choi-lap-rap-chu-cao-lego-minecraft-21588","status":"publish","type":"product","link":"https:\/\/shoplego.azdigi.shop\/index.php\/product\/do-choi-lap-rap-chu-cao-lego-minecraft-21588\/","title":{"rendered":"\u0110\u1ed3 Ch\u01a1i L\u1eafp R\u00e1p Ch\u00fa C\u00e1o LEGO MINECRAFT 21588"},"content":{"rendered":"<h2>\u0110\u1ed3 Ch\u01a1i L\u1eafp R\u00e1p Ch\u00fa C\u00e1o LEGO MINECRAFT 21588 (497 chi ti\u1ebft)<\/h2>\n<p><img loading=\"lazy\" decoding=\"async\" class=\"aligncenter\" src=\"https:\/\/www.mykingdom.com.vn\/cdn\/shop\/files\/do-choi-lap-rap-chu-cao-lego-minecraft-21588_7.jpg?v=1765445124&amp;width=1946\" alt=\"do-choi-lap-rap-chu-cao-lego-minecraft-21588-01\" width=\"726\" height=\"726\" \/><\/p>\n<p>S\u1eb5n s\u00e0ng cho ni\u1ec1m vui Minecraft\u00ae l\u1edbn v\u1edbi ch\u00fa c\u00e1o kh\u1ed5ng l\u1ed3 c\u1ee7a ri\u00eang b\u1ea1n! B\u1ea1n c\u00f3 th\u1ec3 \u0111\u1ec3 n\u00f3 \u0111\u1ee9ng, ng\u1ed3i ho\u1eb7c n\u1eb1m, gi\u1ed1ng h\u1ec7t trong tr\u00f2 ch\u01a1i. Xoay \u0111\u1ea7u, di chuy\u1ec3n ch\u00e2n v\u00e0 th\u1eadm ch\u00ed l\u1eadt m\u1eaft \u0111\u1ec3 th\u1ec3 hi\u1ec7n \u0111ang th\u1ee9c hay \u0111ang ng\u1ee7. Th\u1eadt nh\u01b0 mang mob c\u00e1o y\u00eau th\u00edch c\u1ee7a b\u1ea1n v\u00e0o \u0111\u1eddi th\u1ef1c!<\/p>\n<p>\u0110\u1eb7c \u0111i\u1ec3m n\u1ed5i b\u1eadt:<\/p>\n<p>L\u1eafp r\u00e1p, ch\u01a1i, t\u00f9y ch\u1ec9nh v\u00e0 t\u1ea1o d\u00e1ng v\u1edbi b\u1ed9 LEGO\u00ae Minecraft\u00ae Ch\u00fa C\u00e1o<\/p>\n<p>T\u00e1i hi\u1ec7n m\u1ed9t nh\u00e2n v\u1eadt \u0111\u1ed9ng v\u1eadt c\u1ed5 \u0111i\u1ec3n trong Minecraft\u00ae<\/p>\n<p>Ch\u00fa c\u00e1o c\u00f3 th\u1ec3 ch\u01a1i v\u00e0 tr\u01b0ng b\u00e0y v\u1edbi ch\u00e2n, c\u1ed5, \u0111\u1ea7u c\u00f3 th\u1ec3 di chuy\u1ec3n v\u00e0 m\u1eaft thay \u0111\u1ed5i \u0111\u01b0\u1ee3c<\/p>\n<p>Bao g\u1ed3m m\u00f3n \u0103n y\u00eau th\u00edch c\u1ee7a c\u00e1o: qu\u1ea3 m\u1ecdng v\u00e0 tr\u1ee9ng<\/p>\n<p>Qu\u00e0 t\u1eb7ng sinh nh\u1eadt, l\u1ec5 h\u1ed9i ho\u1eb7c b\u1ea5t k\u1ef3 ng\u00e0y n\u00e0o cho c\u00e1c game th\u1ee7 nh\u00ed<\/p>\n<p>T\u0103ng tr\u1ea3i nghi\u1ec7m s\u00e1ng t\u1ea1o v\u1edbi \u1ee9ng d\u1ee5ng LEGO\u00ae Builder<\/p>\n<p>LEGO\u00ae Minecraft\u00ae cung c\u1ea5p nhi\u1ec1u c\u1ea3nh v\u00e0 nh\u00e2n v\u1eadt phong ph\u00fa t\u1eeb tr\u00f2 ch\u01a1i<\/p>\n<p>B\u1ed9 g\u1ed3m 497 chi ti\u1ebft, s\u00e2u h\u01a1n 24 cm (9.5 in.)<\/p>\n<p><strong>Th\u00f4ng tin s\u1ea3n ph\u1ea9m<\/strong><\/p>\n<table class=\"table-product-information\" style=\"height: 221px;\" width=\"424\" cellspacing=\"0\" cellpadding=\"0\">\n<tbody>\n<tr>\n<td>Ch\u1ee7 \u0111\u1ec1<\/td>\n<td>LEGO MINECRAFT ALL<\/td>\n<\/tr>\n<tr>\n<td>Tu\u1ed5i<\/td>\n<td>10year-99year<\/td>\n<\/tr>\n<tr>\n<td>Gi\u1edbi t\u00ednh<\/td>\n<td>Boy<\/td>\n<\/tr>\n<tr>\n<td>Th\u01b0\u01a1ng hi\u1ec7u<\/td>\n<td>LEGO MINECRAFT<\/td>\n<\/tr>\n<tr>\n<td>Xu\u1ea5t x\u1ee9 th\u01b0\u01a1ng hi\u1ec7u<\/td>\n<td>\u0110an M\u1ea1ch<\/td>\n<\/tr>\n<tr>\n<td>Xu\u1ea5t x\u1ee9<\/td>\n<td>Trung Qu\u1ed1c<\/td>\n<\/tr>\n<\/tbody>\n<\/table>\n","protected":false},"excerpt":{"rendered":"<p>\u0110\u1ed3 Ch\u01a1i L\u1eafp R\u00e1p Ch\u00fa C\u00e1o LEGO MINECRAFT 21588 (497 chi ti\u1ebft) S\u1eb5n s\u00e0ng cho ni\u1ec1m vui Minecraft\u00ae l\u1edbn v\u1edbi ch\u00fa c\u00e1o kh\u1ed5ng l\u1ed3 c\u1ee7a ri\u00eang b\u1ea1n! B\u1ea1n c\u00f3 th\u1ec3 \u0111\u1ec3 n\u00f3 \u0111\u1ee9ng, ng\u1ed3i ho\u1eb7c n\u1eb1m, gi\u1ed1ng h\u1ec7t trong tr\u00f2 ch\u01a1i. Xoay \u0111\u1ea7u, di chuy\u1ec3n ch\u00e2n v\u00e0 th\u1eadm ch\u00ed l\u1eadt m\u1eaft \u0111\u1ec3 th\u1ec3 hi\u1ec7n \u0111ang [&#8230;]\n","protected":false},"featured_media":149,"comment_status":"open","ping_status":"closed","template":"","meta":[],"product_brand":[],"product_cat":[17],"product_tag":[],"class_list":{"0":"post-148","1":"product","2":"type-product","3":"status-publish","4":"has-post-thumbnail","6":"product_cat-lego","8":"first","9":"instock","10":"shipping-taxable","11":"purchasable","12":"product-type-simple"},"yoast_head":"<!-- This site is optimized with the Yoast SEO plugin v27.2 - https:\/\/yoast.com\/product\/yoast-seo-wordpress\/ -->\n<title>\u0110\u1ed3 Ch\u01a1i L\u1eafp R\u00e1p Ch\u00fa C\u00e1o LEGO MINECRAFT 21588 - Shop Lego c\u1ee7a P\u00f4<\/title>\n<meta name=\"description\" content=\"S\u1eb5n s\u00e0ng cho ni\u1ec1m vui Minecraft\u00ae l\u1edbn v\u1edbi ch\u00fa c\u00e1o kh\u1ed5ng l\u1ed3 c\u1ee7a ri\u00eang b\u1ea1n! B\u1ea1n c\u00f3 th\u1ec3 \u0111\u1ec3 n\u00f3 \u0111\u1ee9ng, ng\u1ed3i ho\u1eb7c n\u1eb1m, gi\u1ed1ng h\u1ec7t trong tr\u00f2 ch\u01a1i.\" \/>\n<meta name=\"robots\" content=\"index, follow, max-snippet:-1, max-image-preview:large, max-video-preview:-1\" \/>\n<link rel=\"canonical\" href=\"https:\/\/shoplego.azdigi.shop\/index.php\/product\/do-choi-lap-rap-chu-cao-lego-minecraft-21588\/\" \/>\n<meta property=\"og:locale\" content=\"en_US\" \/>\n<meta property=\"og:type\" content=\"article\" \/>\n<meta property=\"og:title\" content=\"\u0110\u1ed3 Ch\u01a1i L\u1eafp R\u00e1p Ch\u00fa C\u00e1o LEGO MINECRAFT 21588 - Shop Lego c\u1ee7a P\u00f4\" \/>\n<meta property=\"og:description\" content=\"S\u1eb5n s\u00e0ng cho ni\u1ec1m vui Minecraft\u00ae l\u1edbn v\u1edbi ch\u00fa c\u00e1o kh\u1ed5ng l\u1ed3 c\u1ee7a ri\u00eang b\u1ea1n! B\u1ea1n c\u00f3 th\u1ec3 \u0111\u1ec3 n\u00f3 \u0111\u1ee9ng, ng\u1ed3i ho\u1eb7c n\u1eb1m, gi\u1ed1ng h\u1ec7t trong tr\u00f2 ch\u01a1i.\" \/>\n<meta property=\"og:url\" content=\"https:\/\/shoplego.azdigi.shop\/index.php\/product\/do-choi-lap-rap-chu-cao-lego-minecraft-21588\/\" \/>\n<meta property=\"og:site_name\" content=\"Shop Lego c\u1ee7a P\u00f4\" \/>\n<meta property=\"article:modified_time\" content=\"2026-04-11T13:40:49+00:00\" \/>\n<meta property=\"og:image\" content=\"https:\/\/shoplego.azdigi.shop\/wp-content\/uploads\/2026\/04\/Anh-chup-man-hinh-2026-04-11-194510.png\" \/>\n\t<meta property=\"og:image:width\" content=\"878\" \/>\n\t<meta property=\"og:image:height\" content=\"655\" \/>\n\t<meta property=\"og:image:type\" content=\"image\/png\" \/>\n<meta name=\"twitter:card\" content=\"summary_large_image\" \/>\n<meta name=\"twitter:label1\" content=\"Est. reading time\" \/>\n\t<meta name=\"twitter:data1\" content=\"2 minutes\" \/>\n<script type=\"application\/ld+json\" class=\"yoast-schema-graph\">{\"@context\":\"https:\/\/schema.org\",\"@graph\":[{\"@type\":\"WebPage\",\"@id\":\"https:\/\/shoplego.azdigi.shop\/index.php\/product\/do-choi-lap-rap-chu-cao-lego-minecraft-21588\/\",\"url\":\"https:\/\/shoplego.azdigi.shop\/index.php\/product\/do-choi-lap-rap-chu-cao-lego-minecraft-21588\/\",\"name\":\"\u0110\u1ed3 Ch\u01a1i L\u1eafp R\u00e1p Ch\u00fa C\u00e1o LEGO MINECRAFT 21588 - Shop Lego c\u1ee7a P\u00f4\",\"isPartOf\":{\"@id\":\"https:\/\/shoplego.azdigi.shop\/#website\"},\"primaryImageOfPage\":{\"@id\":\"https:\/\/shoplego.azdigi.shop\/index.php\/product\/do-choi-lap-rap-chu-cao-lego-minecraft-21588\/#primaryimage\"},\"image\":{\"@id\":\"https:\/\/shoplego.azdigi.shop\/index.php\/product\/do-choi-lap-rap-chu-cao-lego-minecraft-21588\/#primaryimage\"},\"thumbnailUrl\":\"https:\/\/shoplego.azdigi.shop\/wp-content\/uploads\/2026\/04\/Anh-chup-man-hinh-2026-04-11-194510.png\",\"datePublished\":\"2026-04-11T12:46:35+00:00\",\"dateModified\":\"2026-04-11T13:40:49+00:00\",\"description\":\"S\u1eb5n s\u00e0ng cho ni\u1ec1m vui Minecraft\u00ae l\u1edbn v\u1edbi ch\u00fa c\u00e1o kh\u1ed5ng l\u1ed3 c\u1ee7a ri\u00eang b\u1ea1n! B\u1ea1n c\u00f3 th\u1ec3 \u0111\u1ec3 n\u00f3 \u0111\u1ee9ng, ng\u1ed3i ho\u1eb7c n\u1eb1m, gi\u1ed1ng h\u1ec7t trong tr\u00f2 ch\u01a1i.\",\"breadcrumb\":{\"@id\":\"https:\/\/shoplego.azdigi.shop\/index.php\/product\/do-choi-lap-rap-chu-cao-lego-minecraft-21588\/#breadcrumb\"},\"inLanguage\":\"en-US\",\"potentialAction\":[{\"@type\":\"ReadAction\",\"target\":[\"https:\/\/shoplego.azdigi.shop\/index.php\/product\/do-choi-lap-rap-chu-cao-lego-minecraft-21588\/\"]}]},{\"@type\":\"ImageObject\",\"inLanguage\":\"en-US\",\"@id\":\"https:\/\/shoplego.azdigi.shop\/index.php\/product\/do-choi-lap-rap-chu-cao-lego-minecraft-21588\/#primaryimage\",\"url\":\"https:\/\/shoplego.azdigi.shop\/wp-content\/uploads\/2026\/04\/Anh-chup-man-hinh-2026-04-11-194510.png\",\"contentUrl\":\"https:\/\/shoplego.azdigi.shop\/wp-content\/uploads\/2026\/04\/Anh-chup-man-hinh-2026-04-11-194510.png\",\"width\":878,\"height\":655},{\"@type\":\"BreadcrumbList\",\"@id\":\"https:\/\/shoplego.azdigi.shop\/index.php\/product\/do-choi-lap-rap-chu-cao-lego-minecraft-21588\/#breadcrumb\",\"itemListElement\":[{\"@type\":\"ListItem\",\"position\":1,\"name\":\"Home\",\"item\":\"https:\/\/shoplego.azdigi.shop\/\"},{\"@type\":\"ListItem\",\"position\":2,\"name\":\"Shop\",\"item\":\"https:\/\/shoplego.azdigi.shop\/index.php\/shop\/\"},{\"@type\":\"ListItem\",\"position\":3,\"name\":\"\u0110\u1ed3 Ch\u01a1i L\u1eafp R\u00e1p Ch\u00fa C\u00e1o LEGO MINECRAFT 21588\"}]},{\"@type\":\"WebSite\",\"@id\":\"https:\/\/shoplego.azdigi.shop\/#website\",\"url\":\"https:\/\/shoplego.azdigi.shop\/\",\"name\":\"Shop Lego c\u1ee7a P\u00f4\",\"description\":\"\",\"potentialAction\":[{\"@type\":\"SearchAction\",\"target\":{\"@type\":\"EntryPoint\",\"urlTemplate\":\"https:\/\/shoplego.azdigi.shop\/?s={search_term_string}\"},\"query-input\":{\"@type\":\"PropertyValueSpecification\",\"valueRequired\":true,\"valueName\":\"search_term_string\"}}],\"inLanguage\":\"en-US\"}]}<\/script>\n<!-- \/ Yoast SEO plugin. -->","yoast_head_json":{"title":"\u0110\u1ed3 Ch\u01a1i L\u1eafp R\u00e1p Ch\u00fa C\u00e1o LEGO MINECRAFT 21588 - Shop Lego c\u1ee7a P\u00f4","description":"S\u1eb5n s\u00e0ng cho ni\u1ec1m vui Minecraft\u00ae l\u1edbn v\u1edbi ch\u00fa c\u00e1o kh\u1ed5ng l\u1ed3 c\u1ee7a ri\u00eang b\u1ea1n! B\u1ea1n c\u00f3 th\u1ec3 \u0111\u1ec3 n\u00f3 \u0111\u1ee9ng, ng\u1ed3i ho\u1eb7c n\u1eb1m, gi\u1ed1ng h\u1ec7t trong tr\u00f2 ch\u01a1i.","robots":{"index":"index","follow":"follow","max-snippet":"max-snippet:-1","max-image-preview":"max-image-preview:large","max-video-preview":"max-video-preview:-1"},"canonical":"https:\/\/shoplego.azdigi.shop\/index.php\/product\/do-choi-lap-rap-chu-cao-lego-minecraft-21588\/","og_locale":"en_US","og_type":"article","og_title":"\u0110\u1ed3 Ch\u01a1i L\u1eafp R\u00e1p Ch\u00fa C\u00e1o LEGO MINECRAFT 21588 - Shop Lego c\u1ee7a P\u00f4","og_description":"S\u1eb5n s\u00e0ng cho ni\u1ec1m vui Minecraft\u00ae l\u1edbn v\u1edbi ch\u00fa c\u00e1o kh\u1ed5ng l\u1ed3 c\u1ee7a ri\u00eang b\u1ea1n! B\u1ea1n c\u00f3 th\u1ec3 \u0111\u1ec3 n\u00f3 \u0111\u1ee9ng, ng\u1ed3i ho\u1eb7c n\u1eb1m, gi\u1ed1ng h\u1ec7t trong tr\u00f2 ch\u01a1i.","og_url":"https:\/\/shoplego.azdigi.shop\/index.php\/product\/do-choi-lap-rap-chu-cao-lego-minecraft-21588\/","og_site_name":"Shop Lego c\u1ee7a P\u00f4","article_modified_time":"2026-04-11T13:40:49+00:00","og_image":[{"width":878,"height":655,"url":"https:\/\/shoplego.azdigi.shop\/wp-content\/uploads\/2026\/04\/Anh-chup-man-hinh-2026-04-11-194510.png","type":"image\/png"}],"twitter_card":"summary_large_image","twitter_misc":{"Est. reading time":"2 minutes"},"schema":{"@context":"https:\/\/schema.org","@graph":[{"@type":"WebPage","@id":"https:\/\/shoplego.azdigi.shop\/index.php\/product\/do-choi-lap-rap-chu-cao-lego-minecraft-21588\/","url":"https:\/\/shoplego.azdigi.shop\/index.php\/product\/do-choi-lap-rap-chu-cao-lego-minecraft-21588\/","name":"\u0110\u1ed3 Ch\u01a1i L\u1eafp R\u00e1p Ch\u00fa C\u00e1o LEGO MINECRAFT 21588 - Shop Lego c\u1ee7a P\u00f4","isPartOf":{"@id":"https:\/\/shoplego.azdigi.shop\/#website"},"primaryImageOfPage":{"@id":"https:\/\/shoplego.azdigi.shop\/index.php\/product\/do-choi-lap-rap-chu-cao-lego-minecraft-21588\/#primaryimage"},"image":{"@id":"https:\/\/shoplego.azdigi.shop\/index.php\/product\/do-choi-lap-rap-chu-cao-lego-minecraft-21588\/#primaryimage"},"thumbnailUrl":"https:\/\/shoplego.azdigi.shop\/wp-content\/uploads\/2026\/04\/Anh-chup-man-hinh-2026-04-11-194510.png","datePublished":"2026-04-11T12:46:35+00:00","dateModified":"2026-04-11T13:40:49+00:00","description":"S\u1eb5n s\u00e0ng cho ni\u1ec1m vui Minecraft\u00ae l\u1edbn v\u1edbi ch\u00fa c\u00e1o kh\u1ed5ng l\u1ed3 c\u1ee7a ri\u00eang b\u1ea1n! B\u1ea1n c\u00f3 th\u1ec3 \u0111\u1ec3 n\u00f3 \u0111\u1ee9ng, ng\u1ed3i ho\u1eb7c n\u1eb1m, gi\u1ed1ng h\u1ec7t trong tr\u00f2 ch\u01a1i.","breadcrumb":{"@id":"https:\/\/shoplego.azdigi.shop\/index.php\/product\/do-choi-lap-rap-chu-cao-lego-minecraft-21588\/#breadcrumb"},"inLanguage":"en-US","potentialAction":[{"@type":"ReadAction","target":["https:\/\/shoplego.azdigi.shop\/index.php\/product\/do-choi-lap-rap-chu-cao-lego-minecraft-21588\/"]}]},{"@type":"ImageObject","inLanguage":"en-US","@id":"https:\/\/shoplego.azdigi.shop\/index.php\/product\/do-choi-lap-rap-chu-cao-lego-minecraft-21588\/#primaryimage","url":"https:\/\/shoplego.azdigi.shop\/wp-content\/uploads\/2026\/04\/Anh-chup-man-hinh-2026-04-11-194510.png","contentUrl":"https:\/\/shoplego.azdigi.shop\/wp-content\/uploads\/2026\/04\/Anh-chup-man-hinh-2026-04-11-194510.png","width":878,"height":655},{"@type":"BreadcrumbList","@id":"https:\/\/shoplego.azdigi.shop\/index.php\/product\/do-choi-lap-rap-chu-cao-lego-minecraft-21588\/#breadcrumb","itemListElement":[{"@type":"ListItem","position":1,"name":"Home","item":"https:\/\/shoplego.azdigi.shop\/"},{"@type":"ListItem","position":2,"name":"Shop","item":"https:\/\/shoplego.azdigi.shop\/index.php\/shop\/"},{"@type":"ListItem","position":3,"name":"\u0110\u1ed3 Ch\u01a1i L\u1eafp R\u00e1p Ch\u00fa C\u00e1o LEGO MINECRAFT 21588"}]},{"@type":"WebSite","@id":"https:\/\/shoplego.azdigi.shop\/#website","url":"https:\/\/shoplego.azdigi.shop\/","name":"Shop Lego c\u1ee7a P\u00f4","description":"","potentialAction":[{"@type":"SearchAction","target":{"@type":"EntryPoint","urlTemplate":"https:\/\/shoplego.azdigi.shop\/?s={search_term_string}"},"query-input":{"@type":"PropertyValueSpecification","valueRequired":true,"valueName":"search_term_string"}}],"inLanguage":"en-US"}]}},"_links":{"self":[{"href":"https:\/\/shoplego.azdigi.shop\/index.php\/wp-json\/wp\/v2\/product\/148","targetHints":{"allow":["GET"]}}],"collection":[{"href":"https:\/\/shoplego.azdigi.shop\/index.php\/wp-json\/wp\/v2\/product"}],"about":[{"href":"https:\/\/shoplego.azdigi.shop\/index.php\/wp-json\/wp\/v2\/types\/product"}],"replies":[{"embeddable":true,"href":"https:\/\/shoplego.azdigi.shop\/index.php\/wp-json\/wp\/v2\/comments?post=148"}],"wp:featuredmedia":[{"embeddable":true,"href":"https:\/\/shoplego.azdigi.shop\/index.php\/wp-json\/wp\/v2\/media\/149"}],"wp:attachment":[{"href":"https:\/\/shoplego.azdigi.shop\/index.php\/wp-json\/wp\/v2\/media?parent=148"}],"wp:term":[{"taxonomy":"product_brand","embeddable":true,"href":"https:\/\/shoplego.azdigi.shop\/index.php\/wp-json\/wp\/v2\/product_brand?post=148"},{"taxonomy":"product_cat","embeddable":true,"href":"https:\/\/shoplego.azdigi.shop\/index.php\/wp-json\/wp\/v2\/product_cat?post=148"},{"taxonomy":"product_tag","embeddable":true,"href":"https:\/\/shoplego.azdigi.shop\/index.php\/wp-json\/wp\/v2\/product_tag?post=148"}],"curies":[{"name":"wp","href":"https:\/\/api.w.org\/{rel}","templated":true}]}}