{"id":144,"date":"2026-04-11T12:40:06","date_gmt":"2026-04-11T12:40:06","guid":{"rendered":"https:\/\/shoplego.azdigi.shop\/?post_type=product&#038;p=144"},"modified":"2026-04-11T13:41:05","modified_gmt":"2026-04-11T13:41:05","slug":"do-choi-lap-rap-tram-canh-cua-ke-cuop-va-quai-thu-ravager-lego-minecraft-21278","status":"publish","type":"product","link":"https:\/\/shoplego.azdigi.shop\/index.php\/product\/do-choi-lap-rap-tram-canh-cua-ke-cuop-va-quai-thu-ravager-lego-minecraft-21278\/","title":{"rendered":"\u0110\u1ed3 Ch\u01a1i L\u1eafp R\u00e1p Tr\u1ea1m Canh C\u1ee7a K\u1ebb C\u01b0\u1edbp V\u00e0 Qu\u00e1i Th\u00fa Ravager LEGO MINECRAFT 21278"},"content":{"rendered":"<div class=\"product-detail__product-description-content expanded\" data-expanded=\"true\">\n<h2>\u0110\u1ed3 Ch\u01a1i L\u1eafp R\u00e1p Tr\u1ea1m Canh C\u1ee7a K\u1ebb C\u01b0\u1edbp V\u00e0 Qu\u00e1i Th\u00fa Ravager LEGO MINECRAFT 21278 (665 chi ti\u1ebft)<\/h2>\n<p><img loading=\"lazy\" decoding=\"async\" class=\"aligncenter\" src=\"https:\/\/www.mykingdom.com.vn\/cdn\/shop\/files\/do-choi-lap-rap-tram-canh-cua-ke-cuop-va-quai-thu-ravager-lego-minecraft-21278_2.jpg?v=1746980845&amp;width=1946\" alt=\"do-choi-lap-rap-tram-canh-cua-ke-cuop-va-quai-thu-ravager-lego-minecraft-21278-01\" width=\"605\" height=\"605\" \/><\/p>\n<p>Chu\u1ea9n b\u1ecb cho tr\u1eadn chi\u1ebfn k\u1ecbch t\u00ednh t\u1ea1i v\u00f9ng th\u1ea3o nguy\u00ean! T\u00ean \u0110\u1ed9i tr\u01b0\u1edfng Cu\u1ed9c T\u1ea5n c\u00f4ng gi\u01b0\u01a1ng n\u1ecf s\u1eb5n s\u00e0ng, c\u00f2n T\u00ean C\u1ea7m R\u00ecu lao t\u1edbi tr\u00ean l\u01b0ng con qu\u00e1i th\u00fa hung h\u00e3n \u2013 n\u00f3 h\u00e1 to mi\u1ec7ng v\u00e0 h\u00fac tung m\u1ecdi th\u1ee9 c\u1ea3n \u0111\u01b0\u1eddng! H\u00e3y c\u00f9ng d\u00e2n l\u00e0ng b\u1ea3o v\u1ec7 ng\u00f4i nh\u00e0 c\u1ee7a h\u1ecd, r\u1ed3i leo l\u00ean th\u00e1p canh \u0111\u1ec3 gi\u00e0nh chi\u1ebfn l\u1ee3i ph\u1ea9m v\u00e0 quan s\u00e1t to\u00e0n c\u1ea3nh t\u1eeb tr\u00ean cao. B\u00e9 s\u1ebd c\u1ea7n v\u1eadn d\u1ee5ng m\u1ecdi k\u1ef9 n\u0103ng Minecraft\u00ae \u0111\u1ec3 b\u1ea3o v\u1ec7 ng\u00f4i l\u00e0ng kh\u1ecfi b\u1ecb t\u00e0n ph\u00e1 b\u1edfi Qu\u00e1i Th\u00fa Ravager !<\/p>\n<p>Tr\u1eadn chi\u1ebfn trong l\u00e0ng \u2013 b\u1ed9 LEGO\u00ae Minecraft\u00ae \u0111\u1ea7y k\u1ecbch t\u00ednh cho c\u00e1c b\u00e9 m\u00ea phi\u00eau l\u01b0u<\/p>\n<p>G\u1ed3m 4 nh\u00e2n v\u1eadt LEGO\u00ae Minecraft\u00ae v\u00e0 2 m\u00f4 h\u00ecnh c\u00f3 th\u1ec3 l\u1eafp r\u00e1p, t\u1ea1o d\u00e1ng linh ho\u1ea1t<\/p>\n<p>M\u00f4 h\u00ecnh qu\u00e1i th\u00fa c\u00f3 ch\u1ee9c n\u0103ng h\u00e1 mi\u1ec7ng v\u00e0 h\u00fac \u0111\u1ea7u sinh \u0111\u1ed9ng<\/p>\n<p>Trang b\u1ecb v\u0169 kh\u00ed: m\u0169 kim c\u01b0\u01a1ng, ki\u1ebfm kim c\u01b0\u01a1ng, n\u1ecf v\u00e0 r\u00ecu<\/p>\n<p>B\u1ed9 \u0111\u1ed3 ch\u01a1i l\u1eafp r\u00e1p s\u00e1ng t\u1ea1o, m\u00f3n qu\u00e0 tuy\u1ec7t v\u1eddi cho c\u00e1c fan nh\u00ed c\u1ee7a Minecraft\u00ae<\/p>\n<p>C\u00f9ng b\u1ea1n b\u00e8 v\u00e0 gia \u0111\u00ecnh l\u1eafp r\u00e1p qua \u1ee9ng d\u1ee5ng LEGO\u00ae Builder ti\u1ec7n l\u1ee3i<\/p>\n<p>LEGO\u00ae Minecraft\u00ae mang \u0111\u1ebfn m\u1ed9t c\u00e1ch ch\u01a1i m\u1edbi \u2013 k\u1ebft h\u1ee3p gi\u1eefa l\u1eafp r\u00e1p v\u00e0 phi\u00eau l\u01b0u s\u00e1ng t\u1ea1o<\/p>\n<p>B\u1ed9 g\u1ed3m 665 m\u1ea3nh, cao h\u01a1n 24 cm (9 inch) v\u00e0 r\u1ed9ng h\u01a1n 16 cm (16 inch)<\/p>\n<p><strong>Th\u00f4ng tin s\u1ea3n ph\u1ea9m<\/strong><\/p>\n<table class=\"table-product-information\" style=\"height: 267px;\" width=\"631\" cellspacing=\"0\" cellpadding=\"0\">\n<tbody>\n<tr>\n<td>Ch\u1ee7 \u0111\u1ec1<\/td>\n<td>LEGO MINECRAFT ALL<\/td>\n<\/tr>\n<tr>\n<td>Tu\u1ed5i<\/td>\n<td>9 tu\u1ed5i tr\u1edf l\u00ean<\/td>\n<\/tr>\n<tr>\n<td>Gi\u1edbi t\u00ednh<\/td>\n<td>Boy<\/td>\n<\/tr>\n<tr>\n<td>Th\u01b0\u01a1ng hi\u1ec7u<\/td>\n<td>LEGO MINECRAFT<\/td>\n<\/tr>\n<tr>\n<td>Xu\u1ea5t x\u1ee9 th\u01b0\u01a1ng hi\u1ec7u<\/td>\n<td>Trung Qu\u1ed1c<\/td>\n<\/tr>\n<tr>\n<td>Xu\u1ea5t x\u1ee9<\/td>\n<td>\u0110an M\u1ea1ch<\/td>\n<\/tr>\n<\/tbody>\n<\/table>\n<\/div>\n","protected":false},"excerpt":{"rendered":"<p>\u0110\u1ed3 Ch\u01a1i L\u1eafp R\u00e1p Tr\u1ea1m Canh C\u1ee7a K\u1ebb C\u01b0\u1edbp V\u00e0 Qu\u00e1i Th\u00fa Ravager LEGO MINECRAFT 21278 (665 chi ti\u1ebft) Chu\u1ea9n b\u1ecb cho tr\u1eadn chi\u1ebfn k\u1ecbch t\u00ednh t\u1ea1i v\u00f9ng th\u1ea3o nguy\u00ean! T\u00ean \u0110\u1ed9i tr\u01b0\u1edfng Cu\u1ed9c T\u1ea5n c\u00f4ng gi\u01b0\u01a1ng n\u1ecf s\u1eb5n s\u00e0ng, c\u00f2n T\u00ean C\u1ea7m R\u00ecu lao t\u1edbi tr\u00ean l\u01b0ng con qu\u00e1i th\u00fa hung h\u00e3n \u2013 n\u00f3 [&#8230;]\n","protected":false},"featured_media":145,"comment_status":"open","ping_status":"closed","template":"","meta":[],"product_brand":[],"product_cat":[17],"product_tag":[],"class_list":{"0":"post-144","1":"product","2":"type-product","3":"status-publish","4":"has-post-thumbnail","6":"product_cat-lego","8":"first","9":"instock","10":"shipping-taxable","11":"purchasable","12":"product-type-simple"},"yoast_head":"<!-- This site is optimized with the Yoast SEO plugin v27.2 - https:\/\/yoast.com\/product\/yoast-seo-wordpress\/ -->\n<title>\u0110\u1ed3 Ch\u01a1i L\u1eafp R\u00e1p Tr\u1ea1m Canh C\u1ee7a K\u1ebb C\u01b0\u1edbp V\u00e0 Qu\u00e1i Th\u00fa Ravager LEGO MINECRAFT 21278 - Shop Lego c\u1ee7a P\u00f4<\/title>\n<meta name=\"description\" content=\"H\u00e3y c\u00f9ng d\u00e2n l\u00e0ng b\u1ea3o v\u1ec7 ng\u00f4i nh\u00e0 c\u1ee7a h\u1ecd, r\u1ed3i leo l\u00ean th\u00e1p canh \u0111\u1ec3 gi\u00e0nh chi\u1ebfn l\u1ee3i ph\u1ea9m v\u00e0 quan s\u00e1t to\u00e0n c\u1ea3nh t\u1eeb tr\u00ean cao.\" \/>\n<meta name=\"robots\" content=\"index, follow, max-snippet:-1, max-image-preview:large, max-video-preview:-1\" \/>\n<link rel=\"canonical\" href=\"https:\/\/shoplego.azdigi.shop\/index.php\/product\/do-choi-lap-rap-tram-canh-cua-ke-cuop-va-quai-thu-ravager-lego-minecraft-21278\/\" \/>\n<meta property=\"og:locale\" content=\"en_US\" \/>\n<meta property=\"og:type\" content=\"article\" \/>\n<meta property=\"og:title\" content=\"\u0110\u1ed3 Ch\u01a1i L\u1eafp R\u00e1p Tr\u1ea1m Canh C\u1ee7a K\u1ebb C\u01b0\u1edbp V\u00e0 Qu\u00e1i Th\u00fa Ravager LEGO MINECRAFT 21278 - Shop Lego c\u1ee7a P\u00f4\" \/>\n<meta property=\"og:description\" content=\"H\u00e3y c\u00f9ng d\u00e2n l\u00e0ng b\u1ea3o v\u1ec7 ng\u00f4i nh\u00e0 c\u1ee7a h\u1ecd, r\u1ed3i leo l\u00ean th\u00e1p canh \u0111\u1ec3 gi\u00e0nh chi\u1ebfn l\u1ee3i ph\u1ea9m v\u00e0 quan s\u00e1t to\u00e0n c\u1ea3nh t\u1eeb tr\u00ean cao.\" \/>\n<meta property=\"og:url\" content=\"https:\/\/shoplego.azdigi.shop\/index.php\/product\/do-choi-lap-rap-tram-canh-cua-ke-cuop-va-quai-thu-ravager-lego-minecraft-21278\/\" \/>\n<meta property=\"og:site_name\" content=\"Shop Lego c\u1ee7a P\u00f4\" \/>\n<meta property=\"article:modified_time\" content=\"2026-04-11T13:41:05+00:00\" \/>\n<meta property=\"og:image\" content=\"https:\/\/shoplego.azdigi.shop\/wp-content\/uploads\/2026\/04\/Anh-chup-man-hinh-2026-04-11-193858.png\" \/>\n\t<meta property=\"og:image:width\" content=\"838\" \/>\n\t<meta property=\"og:image:height\" content=\"682\" \/>\n\t<meta property=\"og:image:type\" content=\"image\/png\" \/>\n<meta name=\"twitter:card\" content=\"summary_large_image\" \/>\n<meta name=\"twitter:label1\" content=\"Est. reading time\" \/>\n\t<meta name=\"twitter:data1\" content=\"2 minutes\" \/>\n<script type=\"application\/ld+json\" class=\"yoast-schema-graph\">{\"@context\":\"https:\/\/schema.org\",\"@graph\":[{\"@type\":\"WebPage\",\"@id\":\"https:\/\/shoplego.azdigi.shop\/index.php\/product\/do-choi-lap-rap-tram-canh-cua-ke-cuop-va-quai-thu-ravager-lego-minecraft-21278\/\",\"url\":\"https:\/\/shoplego.azdigi.shop\/index.php\/product\/do-choi-lap-rap-tram-canh-cua-ke-cuop-va-quai-thu-ravager-lego-minecraft-21278\/\",\"name\":\"\u0110\u1ed3 Ch\u01a1i L\u1eafp R\u00e1p Tr\u1ea1m Canh C\u1ee7a K\u1ebb C\u01b0\u1edbp V\u00e0 Qu\u00e1i Th\u00fa Ravager LEGO MINECRAFT 21278 - Shop Lego c\u1ee7a P\u00f4\",\"isPartOf\":{\"@id\":\"https:\/\/shoplego.azdigi.shop\/#website\"},\"primaryImageOfPage\":{\"@id\":\"https:\/\/shoplego.azdigi.shop\/index.php\/product\/do-choi-lap-rap-tram-canh-cua-ke-cuop-va-quai-thu-ravager-lego-minecraft-21278\/#primaryimage\"},\"image\":{\"@id\":\"https:\/\/shoplego.azdigi.shop\/index.php\/product\/do-choi-lap-rap-tram-canh-cua-ke-cuop-va-quai-thu-ravager-lego-minecraft-21278\/#primaryimage\"},\"thumbnailUrl\":\"https:\/\/shoplego.azdigi.shop\/wp-content\/uploads\/2026\/04\/Anh-chup-man-hinh-2026-04-11-193858.png\",\"datePublished\":\"2026-04-11T12:40:06+00:00\",\"dateModified\":\"2026-04-11T13:41:05+00:00\",\"description\":\"H\u00e3y c\u00f9ng d\u00e2n l\u00e0ng b\u1ea3o v\u1ec7 ng\u00f4i nh\u00e0 c\u1ee7a h\u1ecd, r\u1ed3i leo l\u00ean th\u00e1p canh \u0111\u1ec3 gi\u00e0nh chi\u1ebfn l\u1ee3i ph\u1ea9m v\u00e0 quan s\u00e1t to\u00e0n c\u1ea3nh t\u1eeb tr\u00ean cao.\",\"breadcrumb\":{\"@id\":\"https:\/\/shoplego.azdigi.shop\/index.php\/product\/do-choi-lap-rap-tram-canh-cua-ke-cuop-va-quai-thu-ravager-lego-minecraft-21278\/#breadcrumb\"},\"inLanguage\":\"en-US\",\"potentialAction\":[{\"@type\":\"ReadAction\",\"target\":[\"https:\/\/shoplego.azdigi.shop\/index.php\/product\/do-choi-lap-rap-tram-canh-cua-ke-cuop-va-quai-thu-ravager-lego-minecraft-21278\/\"]}]},{\"@type\":\"ImageObject\",\"inLanguage\":\"en-US\",\"@id\":\"https:\/\/shoplego.azdigi.shop\/index.php\/product\/do-choi-lap-rap-tram-canh-cua-ke-cuop-va-quai-thu-ravager-lego-minecraft-21278\/#primaryimage\",\"url\":\"https:\/\/shoplego.azdigi.shop\/wp-content\/uploads\/2026\/04\/Anh-chup-man-hinh-2026-04-11-193858.png\",\"contentUrl\":\"https:\/\/shoplego.azdigi.shop\/wp-content\/uploads\/2026\/04\/Anh-chup-man-hinh-2026-04-11-193858.png\",\"width\":838,\"height\":682},{\"@type\":\"BreadcrumbList\",\"@id\":\"https:\/\/shoplego.azdigi.shop\/index.php\/product\/do-choi-lap-rap-tram-canh-cua-ke-cuop-va-quai-thu-ravager-lego-minecraft-21278\/#breadcrumb\",\"itemListElement\":[{\"@type\":\"ListItem\",\"position\":1,\"name\":\"Home\",\"item\":\"https:\/\/shoplego.azdigi.shop\/\"},{\"@type\":\"ListItem\",\"position\":2,\"name\":\"Shop\",\"item\":\"https:\/\/shoplego.azdigi.shop\/index.php\/shop\/\"},{\"@type\":\"ListItem\",\"position\":3,\"name\":\"\u0110\u1ed3 Ch\u01a1i L\u1eafp R\u00e1p Tr\u1ea1m Canh C\u1ee7a K\u1ebb C\u01b0\u1edbp V\u00e0 Qu\u00e1i Th\u00fa Ravager LEGO MINECRAFT 21278\"}]},{\"@type\":\"WebSite\",\"@id\":\"https:\/\/shoplego.azdigi.shop\/#website\",\"url\":\"https:\/\/shoplego.azdigi.shop\/\",\"name\":\"Shop Lego c\u1ee7a P\u00f4\",\"description\":\"\",\"potentialAction\":[{\"@type\":\"SearchAction\",\"target\":{\"@type\":\"EntryPoint\",\"urlTemplate\":\"https:\/\/shoplego.azdigi.shop\/?s={search_term_string}\"},\"query-input\":{\"@type\":\"PropertyValueSpecification\",\"valueRequired\":true,\"valueName\":\"search_term_string\"}}],\"inLanguage\":\"en-US\"}]}<\/script>\n<!-- \/ Yoast SEO plugin. -->","yoast_head_json":{"title":"\u0110\u1ed3 Ch\u01a1i L\u1eafp R\u00e1p Tr\u1ea1m Canh C\u1ee7a K\u1ebb C\u01b0\u1edbp V\u00e0 Qu\u00e1i Th\u00fa Ravager LEGO MINECRAFT 21278 - Shop Lego c\u1ee7a P\u00f4","description":"H\u00e3y c\u00f9ng d\u00e2n l\u00e0ng b\u1ea3o v\u1ec7 ng\u00f4i nh\u00e0 c\u1ee7a h\u1ecd, r\u1ed3i leo l\u00ean th\u00e1p canh \u0111\u1ec3 gi\u00e0nh chi\u1ebfn l\u1ee3i ph\u1ea9m v\u00e0 quan s\u00e1t to\u00e0n c\u1ea3nh t\u1eeb tr\u00ean cao.","robots":{"index":"index","follow":"follow","max-snippet":"max-snippet:-1","max-image-preview":"max-image-preview:large","max-video-preview":"max-video-preview:-1"},"canonical":"https:\/\/shoplego.azdigi.shop\/index.php\/product\/do-choi-lap-rap-tram-canh-cua-ke-cuop-va-quai-thu-ravager-lego-minecraft-21278\/","og_locale":"en_US","og_type":"article","og_title":"\u0110\u1ed3 Ch\u01a1i L\u1eafp R\u00e1p Tr\u1ea1m Canh C\u1ee7a K\u1ebb C\u01b0\u1edbp V\u00e0 Qu\u00e1i Th\u00fa Ravager LEGO MINECRAFT 21278 - Shop Lego c\u1ee7a P\u00f4","og_description":"H\u00e3y c\u00f9ng d\u00e2n l\u00e0ng b\u1ea3o v\u1ec7 ng\u00f4i nh\u00e0 c\u1ee7a h\u1ecd, r\u1ed3i leo l\u00ean th\u00e1p canh \u0111\u1ec3 gi\u00e0nh chi\u1ebfn l\u1ee3i ph\u1ea9m v\u00e0 quan s\u00e1t to\u00e0n c\u1ea3nh t\u1eeb tr\u00ean cao.","og_url":"https:\/\/shoplego.azdigi.shop\/index.php\/product\/do-choi-lap-rap-tram-canh-cua-ke-cuop-va-quai-thu-ravager-lego-minecraft-21278\/","og_site_name":"Shop Lego c\u1ee7a P\u00f4","article_modified_time":"2026-04-11T13:41:05+00:00","og_image":[{"width":838,"height":682,"url":"https:\/\/shoplego.azdigi.shop\/wp-content\/uploads\/2026\/04\/Anh-chup-man-hinh-2026-04-11-193858.png","type":"image\/png"}],"twitter_card":"summary_large_image","twitter_misc":{"Est. reading time":"2 minutes"},"schema":{"@context":"https:\/\/schema.org","@graph":[{"@type":"WebPage","@id":"https:\/\/shoplego.azdigi.shop\/index.php\/product\/do-choi-lap-rap-tram-canh-cua-ke-cuop-va-quai-thu-ravager-lego-minecraft-21278\/","url":"https:\/\/shoplego.azdigi.shop\/index.php\/product\/do-choi-lap-rap-tram-canh-cua-ke-cuop-va-quai-thu-ravager-lego-minecraft-21278\/","name":"\u0110\u1ed3 Ch\u01a1i L\u1eafp R\u00e1p Tr\u1ea1m Canh C\u1ee7a K\u1ebb C\u01b0\u1edbp V\u00e0 Qu\u00e1i Th\u00fa Ravager LEGO MINECRAFT 21278 - Shop Lego c\u1ee7a P\u00f4","isPartOf":{"@id":"https:\/\/shoplego.azdigi.shop\/#website"},"primaryImageOfPage":{"@id":"https:\/\/shoplego.azdigi.shop\/index.php\/product\/do-choi-lap-rap-tram-canh-cua-ke-cuop-va-quai-thu-ravager-lego-minecraft-21278\/#primaryimage"},"image":{"@id":"https:\/\/shoplego.azdigi.shop\/index.php\/product\/do-choi-lap-rap-tram-canh-cua-ke-cuop-va-quai-thu-ravager-lego-minecraft-21278\/#primaryimage"},"thumbnailUrl":"https:\/\/shoplego.azdigi.shop\/wp-content\/uploads\/2026\/04\/Anh-chup-man-hinh-2026-04-11-193858.png","datePublished":"2026-04-11T12:40:06+00:00","dateModified":"2026-04-11T13:41:05+00:00","description":"H\u00e3y c\u00f9ng d\u00e2n l\u00e0ng b\u1ea3o v\u1ec7 ng\u00f4i nh\u00e0 c\u1ee7a h\u1ecd, r\u1ed3i leo l\u00ean th\u00e1p canh \u0111\u1ec3 gi\u00e0nh chi\u1ebfn l\u1ee3i ph\u1ea9m v\u00e0 quan s\u00e1t to\u00e0n c\u1ea3nh t\u1eeb tr\u00ean cao.","breadcrumb":{"@id":"https:\/\/shoplego.azdigi.shop\/index.php\/product\/do-choi-lap-rap-tram-canh-cua-ke-cuop-va-quai-thu-ravager-lego-minecraft-21278\/#breadcrumb"},"inLanguage":"en-US","potentialAction":[{"@type":"ReadAction","target":["https:\/\/shoplego.azdigi.shop\/index.php\/product\/do-choi-lap-rap-tram-canh-cua-ke-cuop-va-quai-thu-ravager-lego-minecraft-21278\/"]}]},{"@type":"ImageObject","inLanguage":"en-US","@id":"https:\/\/shoplego.azdigi.shop\/index.php\/product\/do-choi-lap-rap-tram-canh-cua-ke-cuop-va-quai-thu-ravager-lego-minecraft-21278\/#primaryimage","url":"https:\/\/shoplego.azdigi.shop\/wp-content\/uploads\/2026\/04\/Anh-chup-man-hinh-2026-04-11-193858.png","contentUrl":"https:\/\/shoplego.azdigi.shop\/wp-content\/uploads\/2026\/04\/Anh-chup-man-hinh-2026-04-11-193858.png","width":838,"height":682},{"@type":"BreadcrumbList","@id":"https:\/\/shoplego.azdigi.shop\/index.php\/product\/do-choi-lap-rap-tram-canh-cua-ke-cuop-va-quai-thu-ravager-lego-minecraft-21278\/#breadcrumb","itemListElement":[{"@type":"ListItem","position":1,"name":"Home","item":"https:\/\/shoplego.azdigi.shop\/"},{"@type":"ListItem","position":2,"name":"Shop","item":"https:\/\/shoplego.azdigi.shop\/index.php\/shop\/"},{"@type":"ListItem","position":3,"name":"\u0110\u1ed3 Ch\u01a1i L\u1eafp R\u00e1p Tr\u1ea1m Canh C\u1ee7a K\u1ebb C\u01b0\u1edbp V\u00e0 Qu\u00e1i Th\u00fa Ravager LEGO MINECRAFT 21278"}]},{"@type":"WebSite","@id":"https:\/\/shoplego.azdigi.shop\/#website","url":"https:\/\/shoplego.azdigi.shop\/","name":"Shop Lego c\u1ee7a P\u00f4","description":"","potentialAction":[{"@type":"SearchAction","target":{"@type":"EntryPoint","urlTemplate":"https:\/\/shoplego.azdigi.shop\/?s={search_term_string}"},"query-input":{"@type":"PropertyValueSpecification","valueRequired":true,"valueName":"search_term_string"}}],"inLanguage":"en-US"}]}},"_links":{"self":[{"href":"https:\/\/shoplego.azdigi.shop\/index.php\/wp-json\/wp\/v2\/product\/144","targetHints":{"allow":["GET"]}}],"collection":[{"href":"https:\/\/shoplego.azdigi.shop\/index.php\/wp-json\/wp\/v2\/product"}],"about":[{"href":"https:\/\/shoplego.azdigi.shop\/index.php\/wp-json\/wp\/v2\/types\/product"}],"replies":[{"embeddable":true,"href":"https:\/\/shoplego.azdigi.shop\/index.php\/wp-json\/wp\/v2\/comments?post=144"}],"wp:featuredmedia":[{"embeddable":true,"href":"https:\/\/shoplego.azdigi.shop\/index.php\/wp-json\/wp\/v2\/media\/145"}],"wp:attachment":[{"href":"https:\/\/shoplego.azdigi.shop\/index.php\/wp-json\/wp\/v2\/media?parent=144"}],"wp:term":[{"taxonomy":"product_brand","embeddable":true,"href":"https:\/\/shoplego.azdigi.shop\/index.php\/wp-json\/wp\/v2\/product_brand?post=144"},{"taxonomy":"product_cat","embeddable":true,"href":"https:\/\/shoplego.azdigi.shop\/index.php\/wp-json\/wp\/v2\/product_cat?post=144"},{"taxonomy":"product_tag","embeddable":true,"href":"https:\/\/shoplego.azdigi.shop\/index.php\/wp-json\/wp\/v2\/product_tag?post=144"}],"curies":[{"name":"wp","href":"https:\/\/api.w.org\/{rel}","templated":true}]}}