{"id":140,"date":"2026-04-11T12:34:04","date_gmt":"2026-04-11T12:34:04","guid":{"rendered":"https:\/\/shoplego.azdigi.shop\/?post_type=product&#038;p=140"},"modified":"2026-04-11T13:41:17","modified_gmt":"2026-04-11T13:41:17","slug":"do-choi-lap-rap-mo-cup-lego-minecraft-21277","status":"publish","type":"product","link":"https:\/\/shoplego.azdigi.shop\/index.php\/product\/do-choi-lap-rap-mo-cup-lego-minecraft-21277\/","title":{"rendered":"\u0110\u1ed3 Ch\u01a1i L\u1eafp R\u00e1p M\u1ecf C\u00fap LEGO MINECRAFT 21277"},"content":{"rendered":"<h2>\u0110\u1ed3 Ch\u01a1i L\u1eafp R\u00e1p M\u1ecf C\u00fap LEGO MINECRAFT 21277 (530 chi ti\u1ebft)<\/h2>\n<p><img loading=\"lazy\" decoding=\"async\" class=\"aligncenter\" src=\"https:\/\/www.mykingdom.com.vn\/cdn\/shop\/files\/do-choi-lap-rap-mo-cup-lego-minecraft-21277_2.jpg?v=1746980924&amp;width=1946\" alt=\"do-choi-lap-rap-mo-cup-lego-minecraft-21277-01\" width=\"618\" height=\"618\" \/><\/p>\n<p>Tham gia c\u00f9ng Alex trong chuy\u1ebfn phi\u00eau l\u01b0u \u0111\u1eb7c bi\u1ec7t n\u01a1i m\u00e0 Chi\u1ebfc M\u1ecf C\u00fap Kh\u1ed5ng L\u1ed3 t\u1ed3n t\u1ea1i. Tr\u00edch xu\u1ea5t qu\u1eb7ng qu\u00fd \u0111\u1ec3 l\u01b0u tr\u1eef trong r\u01b0\u01a1ng kho b\u00e1u c\u1ee7a b\u1ea1n. Nh\u01b0ng h\u00e3y c\u1ea9n th\u1eadn \u2013 m\u1ed9t b\u1ed9 x\u01b0\u01a1ng c\u01b0\u1ee1i nh\u1ec7n \u0111ang \u1ea9n n\u1ea5p trong b\u00f3ng t\u1ed1i! Th\u1eddi gian \u0111\u1ec3 tr\u1ed1n tho\u00e1t s\u1eafp h\u1ebft. H\u00e3y ch\u1ea5t TNT l\u00ean toa xe v\u00e0 ph\u00f3ng n\u00f3 v\u00e0o v\u00e1ch n\u00fai. Tr\u00ean \u0111\u01b0\u1eddng m\u1edf l\u1ed1i tho\u00e1t, \u0111\u1eebng qu\u00ean v\u1eaby tay ch\u00e0o t\u1ea1m bi\u1ec7t g\u1ea5u B\u1eafc C\u1ef1c con nh\u00e9!<\/p>\n<p>B\u1ed9 \u0111\u1ed3 ch\u01a1i M\u1ecf C\u00fap k\u1ebft h\u1ee3p gi\u1eefa l\u1eafp r\u00e1p, nh\u1eadp vai v\u00e0 trang tr\u00ed g\u00f3c ch\u01a1i game c\u1ef1c ch\u1ea5t<\/p>\n<p>Bao g\u1ed3m nh\u00e2n v\u1eadt Alex, Th\u1ee3 m\u1ecf, b\u1ed9 x\u01b0\u01a1ng lang thang c\u00f9ng c\u00e1c m\u00f4 h\u00ecnh nh\u1ec7n v\u00e0 g\u1ea5u B\u1eafc C\u1ef1c<\/p>\n<p>B\u00e9 s\u1ebd khai th\u00e1c qu\u1eb7ng, v\u1eadn chuy\u1ec3n b\u1eb1ng toa xe tr\u00ean \u0111\u01b0\u1eddng ray v\u00e0 \u0111\u1ed1i \u0111\u1ea7u v\u1edbi b\u1ed9 x\u01b0\u01a1ng c\u01b0\u1ee1i nh\u1ec7n<\/p>\n<p>Toa xe ch\u1ee9a TNT c\u00f3 th\u1ec3 \u0111\u01b0\u1ee3c ph\u00f3ng d\u1ecdc \u0111\u01b0\u1eddng ray \u0111\u1ec3 ph\u00e1 v\u1ee1 v\u00e1ch \u0111\u00e1<\/p>\n<p>M\u00f3n qu\u00e0 tuy\u1ec7t v\u1eddi d\u00e0nh cho c\u00e1c b\u1ea1n nh\u1ecf t\u1eeb 8 tu\u1ed5i tr\u1edf l\u00ean y\u00eau th\u00edch Minecraft\u00ae v\u00e0 l\u1eafp r\u00e1p s\u00e1ng t\u1ea1o<\/p>\n<p>B\u00e9 c\u00f3 th\u1ec3 ph\u00f3ng to, xoay v\u00e0 kh\u00e1m ph\u00e1 b\u1ed9 l\u1eafp r\u00e1p d\u01b0\u1edbi d\u1ea1ng 3D b\u1eb1ng \u1ee9ng d\u1ee5ng LEGO\u00ae Builder tr\u1ef1c quan<\/p>\n<p>B\u1ed9 \u0111\u1ed3 ch\u01a1i l\u1eafp r\u00e1p LEGO\u00ae Minecraft\u00ae mang \u0111\u1ebfn m\u1ed9t c\u00e1ch ch\u01a1i s\u00e1ng t\u1ea1o ngo\u00e0i m\u00e0n h\u00ecnh<\/p>\n<p>B\u1ed9 s\u1ea3n ph\u1ea9m g\u1ed3m 530 chi ti\u1ebft, c\u00f3 chi\u1ec1u cao h\u01a1n 22 cm (8 inch)<\/p>\n","protected":false},"excerpt":{"rendered":"<p>\u0110\u1ed3 Ch\u01a1i L\u1eafp R\u00e1p M\u1ecf C\u00fap LEGO MINECRAFT 21277 (530 chi ti\u1ebft) Tham gia c\u00f9ng Alex trong chuy\u1ebfn phi\u00eau l\u01b0u \u0111\u1eb7c bi\u1ec7t n\u01a1i m\u00e0 Chi\u1ebfc M\u1ecf C\u00fap Kh\u1ed5ng L\u1ed3 t\u1ed3n t\u1ea1i. Tr\u00edch xu\u1ea5t qu\u1eb7ng qu\u00fd \u0111\u1ec3 l\u01b0u tr\u1eef trong r\u01b0\u01a1ng kho b\u00e1u c\u1ee7a b\u1ea1n. Nh\u01b0ng h\u00e3y c\u1ea9n th\u1eadn \u2013 m\u1ed9t b\u1ed9 x\u01b0\u01a1ng c\u01b0\u1ee1i nh\u1ec7n \u0111ang [&#8230;]\n","protected":false},"featured_media":141,"comment_status":"open","ping_status":"closed","template":"","meta":[],"product_brand":[],"product_cat":[17],"product_tag":[],"class_list":{"0":"post-140","1":"product","2":"type-product","3":"status-publish","4":"has-post-thumbnail","6":"product_cat-lego","8":"first","9":"instock","10":"shipping-taxable","11":"purchasable","12":"product-type-simple"},"yoast_head":"<!-- This site is optimized with the Yoast SEO plugin v27.2 - https:\/\/yoast.com\/product\/yoast-seo-wordpress\/ -->\n<title>\u0110\u1ed3 Ch\u01a1i L\u1eafp R\u00e1p M\u1ecf C\u00fap LEGO MINECRAFT 21277 - Shop Lego c\u1ee7a P\u00f4<\/title>\n<meta name=\"description\" content=\"Tham gia c\u00f9ng Alex trong chuy\u1ebfn phi\u00eau l\u01b0u \u0111\u1eb7c bi\u1ec7t n\u01a1i m\u00e0 Chi\u1ebfc M\u1ecf C\u00fap Kh\u1ed5ng L\u1ed3 t\u1ed3n t\u1ea1i. Tr\u00edch xu\u1ea5t qu\u1eb7ng qu\u00fd \u0111\u1ec3 l\u01b0u tr\u1eef trong r\u01b0\u01a1ng kho b\u00e1u c\u1ee7a b\u1ea1n.\" \/>\n<meta name=\"robots\" content=\"index, follow, max-snippet:-1, max-image-preview:large, max-video-preview:-1\" \/>\n<link rel=\"canonical\" href=\"https:\/\/shoplego.azdigi.shop\/index.php\/product\/do-choi-lap-rap-mo-cup-lego-minecraft-21277\/\" \/>\n<meta property=\"og:locale\" content=\"en_US\" \/>\n<meta property=\"og:type\" content=\"article\" \/>\n<meta property=\"og:title\" content=\"\u0110\u1ed3 Ch\u01a1i L\u1eafp R\u00e1p M\u1ecf C\u00fap LEGO MINECRAFT 21277 - Shop Lego c\u1ee7a P\u00f4\" \/>\n<meta property=\"og:description\" content=\"Tham gia c\u00f9ng Alex trong chuy\u1ebfn phi\u00eau l\u01b0u \u0111\u1eb7c bi\u1ec7t n\u01a1i m\u00e0 Chi\u1ebfc M\u1ecf C\u00fap Kh\u1ed5ng L\u1ed3 t\u1ed3n t\u1ea1i. Tr\u00edch xu\u1ea5t qu\u1eb7ng qu\u00fd \u0111\u1ec3 l\u01b0u tr\u1eef trong r\u01b0\u01a1ng kho b\u00e1u c\u1ee7a b\u1ea1n.\" \/>\n<meta property=\"og:url\" content=\"https:\/\/shoplego.azdigi.shop\/index.php\/product\/do-choi-lap-rap-mo-cup-lego-minecraft-21277\/\" \/>\n<meta property=\"og:site_name\" content=\"Shop Lego c\u1ee7a P\u00f4\" \/>\n<meta property=\"article:modified_time\" content=\"2026-04-11T13:41:17+00:00\" \/>\n<meta property=\"og:image\" content=\"https:\/\/shoplego.azdigi.shop\/wp-content\/uploads\/2026\/04\/Anh-chup-man-hinh-2026-04-11-193251.png\" \/>\n\t<meta property=\"og:image:width\" content=\"840\" \/>\n\t<meta property=\"og:image:height\" content=\"679\" \/>\n\t<meta property=\"og:image:type\" content=\"image\/png\" \/>\n<meta name=\"twitter:card\" content=\"summary_large_image\" \/>\n<meta name=\"twitter:label1\" content=\"Est. reading time\" \/>\n\t<meta name=\"twitter:data1\" content=\"2 minutes\" \/>\n<script type=\"application\/ld+json\" class=\"yoast-schema-graph\">{\"@context\":\"https:\/\/schema.org\",\"@graph\":[{\"@type\":\"WebPage\",\"@id\":\"https:\/\/shoplego.azdigi.shop\/index.php\/product\/do-choi-lap-rap-mo-cup-lego-minecraft-21277\/\",\"url\":\"https:\/\/shoplego.azdigi.shop\/index.php\/product\/do-choi-lap-rap-mo-cup-lego-minecraft-21277\/\",\"name\":\"\u0110\u1ed3 Ch\u01a1i L\u1eafp R\u00e1p M\u1ecf C\u00fap LEGO MINECRAFT 21277 - Shop Lego c\u1ee7a P\u00f4\",\"isPartOf\":{\"@id\":\"https:\/\/shoplego.azdigi.shop\/#website\"},\"primaryImageOfPage\":{\"@id\":\"https:\/\/shoplego.azdigi.shop\/index.php\/product\/do-choi-lap-rap-mo-cup-lego-minecraft-21277\/#primaryimage\"},\"image\":{\"@id\":\"https:\/\/shoplego.azdigi.shop\/index.php\/product\/do-choi-lap-rap-mo-cup-lego-minecraft-21277\/#primaryimage\"},\"thumbnailUrl\":\"https:\/\/shoplego.azdigi.shop\/wp-content\/uploads\/2026\/04\/Anh-chup-man-hinh-2026-04-11-193251.png\",\"datePublished\":\"2026-04-11T12:34:04+00:00\",\"dateModified\":\"2026-04-11T13:41:17+00:00\",\"description\":\"Tham gia c\u00f9ng Alex trong chuy\u1ebfn phi\u00eau l\u01b0u \u0111\u1eb7c bi\u1ec7t n\u01a1i m\u00e0 Chi\u1ebfc M\u1ecf C\u00fap Kh\u1ed5ng L\u1ed3 t\u1ed3n t\u1ea1i. Tr\u00edch xu\u1ea5t qu\u1eb7ng qu\u00fd \u0111\u1ec3 l\u01b0u tr\u1eef trong r\u01b0\u01a1ng kho b\u00e1u c\u1ee7a b\u1ea1n.\",\"breadcrumb\":{\"@id\":\"https:\/\/shoplego.azdigi.shop\/index.php\/product\/do-choi-lap-rap-mo-cup-lego-minecraft-21277\/#breadcrumb\"},\"inLanguage\":\"en-US\",\"potentialAction\":[{\"@type\":\"ReadAction\",\"target\":[\"https:\/\/shoplego.azdigi.shop\/index.php\/product\/do-choi-lap-rap-mo-cup-lego-minecraft-21277\/\"]}]},{\"@type\":\"ImageObject\",\"inLanguage\":\"en-US\",\"@id\":\"https:\/\/shoplego.azdigi.shop\/index.php\/product\/do-choi-lap-rap-mo-cup-lego-minecraft-21277\/#primaryimage\",\"url\":\"https:\/\/shoplego.azdigi.shop\/wp-content\/uploads\/2026\/04\/Anh-chup-man-hinh-2026-04-11-193251.png\",\"contentUrl\":\"https:\/\/shoplego.azdigi.shop\/wp-content\/uploads\/2026\/04\/Anh-chup-man-hinh-2026-04-11-193251.png\",\"width\":840,\"height\":679},{\"@type\":\"BreadcrumbList\",\"@id\":\"https:\/\/shoplego.azdigi.shop\/index.php\/product\/do-choi-lap-rap-mo-cup-lego-minecraft-21277\/#breadcrumb\",\"itemListElement\":[{\"@type\":\"ListItem\",\"position\":1,\"name\":\"Home\",\"item\":\"https:\/\/shoplego.azdigi.shop\/\"},{\"@type\":\"ListItem\",\"position\":2,\"name\":\"Shop\",\"item\":\"https:\/\/shoplego.azdigi.shop\/index.php\/shop\/\"},{\"@type\":\"ListItem\",\"position\":3,\"name\":\"\u0110\u1ed3 Ch\u01a1i L\u1eafp R\u00e1p M\u1ecf C\u00fap LEGO MINECRAFT 21277\"}]},{\"@type\":\"WebSite\",\"@id\":\"https:\/\/shoplego.azdigi.shop\/#website\",\"url\":\"https:\/\/shoplego.azdigi.shop\/\",\"name\":\"Shop Lego c\u1ee7a P\u00f4\",\"description\":\"\",\"potentialAction\":[{\"@type\":\"SearchAction\",\"target\":{\"@type\":\"EntryPoint\",\"urlTemplate\":\"https:\/\/shoplego.azdigi.shop\/?s={search_term_string}\"},\"query-input\":{\"@type\":\"PropertyValueSpecification\",\"valueRequired\":true,\"valueName\":\"search_term_string\"}}],\"inLanguage\":\"en-US\"}]}<\/script>\n<!-- \/ Yoast SEO plugin. -->","yoast_head_json":{"title":"\u0110\u1ed3 Ch\u01a1i L\u1eafp R\u00e1p M\u1ecf C\u00fap LEGO MINECRAFT 21277 - Shop Lego c\u1ee7a P\u00f4","description":"Tham gia c\u00f9ng Alex trong chuy\u1ebfn phi\u00eau l\u01b0u \u0111\u1eb7c bi\u1ec7t n\u01a1i m\u00e0 Chi\u1ebfc M\u1ecf C\u00fap Kh\u1ed5ng L\u1ed3 t\u1ed3n t\u1ea1i. Tr\u00edch xu\u1ea5t qu\u1eb7ng qu\u00fd \u0111\u1ec3 l\u01b0u tr\u1eef trong r\u01b0\u01a1ng kho b\u00e1u c\u1ee7a b\u1ea1n.","robots":{"index":"index","follow":"follow","max-snippet":"max-snippet:-1","max-image-preview":"max-image-preview:large","max-video-preview":"max-video-preview:-1"},"canonical":"https:\/\/shoplego.azdigi.shop\/index.php\/product\/do-choi-lap-rap-mo-cup-lego-minecraft-21277\/","og_locale":"en_US","og_type":"article","og_title":"\u0110\u1ed3 Ch\u01a1i L\u1eafp R\u00e1p M\u1ecf C\u00fap LEGO MINECRAFT 21277 - Shop Lego c\u1ee7a P\u00f4","og_description":"Tham gia c\u00f9ng Alex trong chuy\u1ebfn phi\u00eau l\u01b0u \u0111\u1eb7c bi\u1ec7t n\u01a1i m\u00e0 Chi\u1ebfc M\u1ecf C\u00fap Kh\u1ed5ng L\u1ed3 t\u1ed3n t\u1ea1i. Tr\u00edch xu\u1ea5t qu\u1eb7ng qu\u00fd \u0111\u1ec3 l\u01b0u tr\u1eef trong r\u01b0\u01a1ng kho b\u00e1u c\u1ee7a b\u1ea1n.","og_url":"https:\/\/shoplego.azdigi.shop\/index.php\/product\/do-choi-lap-rap-mo-cup-lego-minecraft-21277\/","og_site_name":"Shop Lego c\u1ee7a P\u00f4","article_modified_time":"2026-04-11T13:41:17+00:00","og_image":[{"width":840,"height":679,"url":"https:\/\/shoplego.azdigi.shop\/wp-content\/uploads\/2026\/04\/Anh-chup-man-hinh-2026-04-11-193251.png","type":"image\/png"}],"twitter_card":"summary_large_image","twitter_misc":{"Est. reading time":"2 minutes"},"schema":{"@context":"https:\/\/schema.org","@graph":[{"@type":"WebPage","@id":"https:\/\/shoplego.azdigi.shop\/index.php\/product\/do-choi-lap-rap-mo-cup-lego-minecraft-21277\/","url":"https:\/\/shoplego.azdigi.shop\/index.php\/product\/do-choi-lap-rap-mo-cup-lego-minecraft-21277\/","name":"\u0110\u1ed3 Ch\u01a1i L\u1eafp R\u00e1p M\u1ecf C\u00fap LEGO MINECRAFT 21277 - Shop Lego c\u1ee7a P\u00f4","isPartOf":{"@id":"https:\/\/shoplego.azdigi.shop\/#website"},"primaryImageOfPage":{"@id":"https:\/\/shoplego.azdigi.shop\/index.php\/product\/do-choi-lap-rap-mo-cup-lego-minecraft-21277\/#primaryimage"},"image":{"@id":"https:\/\/shoplego.azdigi.shop\/index.php\/product\/do-choi-lap-rap-mo-cup-lego-minecraft-21277\/#primaryimage"},"thumbnailUrl":"https:\/\/shoplego.azdigi.shop\/wp-content\/uploads\/2026\/04\/Anh-chup-man-hinh-2026-04-11-193251.png","datePublished":"2026-04-11T12:34:04+00:00","dateModified":"2026-04-11T13:41:17+00:00","description":"Tham gia c\u00f9ng Alex trong chuy\u1ebfn phi\u00eau l\u01b0u \u0111\u1eb7c bi\u1ec7t n\u01a1i m\u00e0 Chi\u1ebfc M\u1ecf C\u00fap Kh\u1ed5ng L\u1ed3 t\u1ed3n t\u1ea1i. Tr\u00edch xu\u1ea5t qu\u1eb7ng qu\u00fd \u0111\u1ec3 l\u01b0u tr\u1eef trong r\u01b0\u01a1ng kho b\u00e1u c\u1ee7a b\u1ea1n.","breadcrumb":{"@id":"https:\/\/shoplego.azdigi.shop\/index.php\/product\/do-choi-lap-rap-mo-cup-lego-minecraft-21277\/#breadcrumb"},"inLanguage":"en-US","potentialAction":[{"@type":"ReadAction","target":["https:\/\/shoplego.azdigi.shop\/index.php\/product\/do-choi-lap-rap-mo-cup-lego-minecraft-21277\/"]}]},{"@type":"ImageObject","inLanguage":"en-US","@id":"https:\/\/shoplego.azdigi.shop\/index.php\/product\/do-choi-lap-rap-mo-cup-lego-minecraft-21277\/#primaryimage","url":"https:\/\/shoplego.azdigi.shop\/wp-content\/uploads\/2026\/04\/Anh-chup-man-hinh-2026-04-11-193251.png","contentUrl":"https:\/\/shoplego.azdigi.shop\/wp-content\/uploads\/2026\/04\/Anh-chup-man-hinh-2026-04-11-193251.png","width":840,"height":679},{"@type":"BreadcrumbList","@id":"https:\/\/shoplego.azdigi.shop\/index.php\/product\/do-choi-lap-rap-mo-cup-lego-minecraft-21277\/#breadcrumb","itemListElement":[{"@type":"ListItem","position":1,"name":"Home","item":"https:\/\/shoplego.azdigi.shop\/"},{"@type":"ListItem","position":2,"name":"Shop","item":"https:\/\/shoplego.azdigi.shop\/index.php\/shop\/"},{"@type":"ListItem","position":3,"name":"\u0110\u1ed3 Ch\u01a1i L\u1eafp R\u00e1p M\u1ecf C\u00fap LEGO MINECRAFT 21277"}]},{"@type":"WebSite","@id":"https:\/\/shoplego.azdigi.shop\/#website","url":"https:\/\/shoplego.azdigi.shop\/","name":"Shop Lego c\u1ee7a P\u00f4","description":"","potentialAction":[{"@type":"SearchAction","target":{"@type":"EntryPoint","urlTemplate":"https:\/\/shoplego.azdigi.shop\/?s={search_term_string}"},"query-input":{"@type":"PropertyValueSpecification","valueRequired":true,"valueName":"search_term_string"}}],"inLanguage":"en-US"}]}},"_links":{"self":[{"href":"https:\/\/shoplego.azdigi.shop\/index.php\/wp-json\/wp\/v2\/product\/140","targetHints":{"allow":["GET"]}}],"collection":[{"href":"https:\/\/shoplego.azdigi.shop\/index.php\/wp-json\/wp\/v2\/product"}],"about":[{"href":"https:\/\/shoplego.azdigi.shop\/index.php\/wp-json\/wp\/v2\/types\/product"}],"replies":[{"embeddable":true,"href":"https:\/\/shoplego.azdigi.shop\/index.php\/wp-json\/wp\/v2\/comments?post=140"}],"wp:featuredmedia":[{"embeddable":true,"href":"https:\/\/shoplego.azdigi.shop\/index.php\/wp-json\/wp\/v2\/media\/141"}],"wp:attachment":[{"href":"https:\/\/shoplego.azdigi.shop\/index.php\/wp-json\/wp\/v2\/media?parent=140"}],"wp:term":[{"taxonomy":"product_brand","embeddable":true,"href":"https:\/\/shoplego.azdigi.shop\/index.php\/wp-json\/wp\/v2\/product_brand?post=140"},{"taxonomy":"product_cat","embeddable":true,"href":"https:\/\/shoplego.azdigi.shop\/index.php\/wp-json\/wp\/v2\/product_cat?post=140"},{"taxonomy":"product_tag","embeddable":true,"href":"https:\/\/shoplego.azdigi.shop\/index.php\/wp-json\/wp\/v2\/product_tag?post=140"}],"curies":[{"name":"wp","href":"https:\/\/api.w.org\/{rel}","templated":true}]}}