{"id":135,"date":"2026-04-11T12:29:47","date_gmt":"2026-04-11T12:29:47","guid":{"rendered":"https:\/\/shoplego.azdigi.shop\/?post_type=product&#038;p=135"},"modified":"2026-04-11T13:41:27","modified_gmt":"2026-04-11T13:41:27","slug":"do-choi-lap-rap-cup-vo-dich-fifa-world-cup-lego-editions-sports-43020","status":"publish","type":"product","link":"https:\/\/shoplego.azdigi.shop\/index.php\/product\/do-choi-lap-rap-cup-vo-dich-fifa-world-cup-lego-editions-sports-43020\/","title":{"rendered":"\u0110\u1ed3 Ch\u01a1i L\u1eafp R\u00e1p C\u00fap V\u00f4 \u0110\u1ecbch FIFA World Cup\u2122 LEGO EDITIONS SPORTS 43020"},"content":{"rendered":"<h2>\u0110\u1ed3 Ch\u01a1i L\u1eafp R\u00e1p C\u00fap V\u00f4 \u0110\u1ecbch FIFA World Cup\u2122 LEGO EDITIONS SPORTS 43020 (2842 Chi Ti\u1ebft)<\/h2>\n<p><img loading=\"lazy\" decoding=\"async\" class=\"aligncenter\" src=\"https:\/\/www.mykingdom.com.vn\/cdn\/shop\/files\/do-choi-lap-rap-cup-vo-dich-fifa-world-cup-lego-editions-sports-43020_1.jpg?v=1770846694&amp;width=1946\" alt=\"do-choi-lap-rap-cup-vo-dich-fifa-world-cup-lego-editions-sports-43020-01\" width=\"612\" height=\"612\" \/><\/p>\n<p>Tr\u1edf th\u00e0nh nh\u00e0 v\u00f4 \u0111\u1ecbch l\u1eafp r\u00e1p v\u1edbi \u0110\u1ed3 ch\u01a1i L\u1eafp r\u00e1p C\u00fap V\u00f4 \u0110\u1ecbch FIFA World Cup\u2122 thu\u1ed9c d\u00f2ng LEGO EDITIONS SPORTS. B\u1ed9 s\u1ea3n ph\u1ea9m cho ph\u00e9p b\u1ea1n t\u1ea1o n\u00ean m\u00f4 h\u00ecnh C\u00fap V\u00f4 \u0110\u1ecbch World Cup\u2122 c\u1ef1c k\u1ef3 chi ti\u1ebft t\u1eeb c\u00e1c m\u1ea3nh gh\u00e9p LEGO\u00ae. B\u00ean trong m\u00f4 h\u00ecnh c\u00f3 m\u1ed9t c\u1ea3nh thu nh\u1ecf v\u1edbi minifigure c\u1ed5 \u0111\u1ed9ng vi\u00ean b\u00f3ng \u0111\u00e1 FIFA c\u00f3 th\u1ec3 th\u00e1o r\u1eddi v\u00e0 tr\u01b0ng b\u00e0y b\u00ean c\u1ea1nh chi\u1ebfc c\u00fap. Sau khi ho\u00e0n thi\u1ec7n, m\u00f4 h\u00ecnh tr\u1edf th\u00e0nh v\u1eadt trang tr\u00ed th\u1ec3 thao \u0111\u1ea7y \u1ea5n t\u01b0\u1ee3ng, ph\u00f9 h\u1ee3p cho m\u1ecdi kh\u00f4ng gian.<br \/>\n\u0110\u1ed3 ch\u01a1i L\u1eafp r\u00e1p C\u00fap V\u00f4 \u0110\u1ecbch FIFA World Cup\u2122 l\u00e0 b\u1ed9 m\u00f4 h\u00ecnh LEGO\u00ae Editions d\u00e0nh cho ng\u01b0\u1eddi h\u00e2m m\u1ed9 th\u1ec3 thao t\u1eeb 12 tu\u1ed5i tr\u1edf l\u00ean<br \/>\nM\u00f4 h\u00ecnh s\u01b0u t\u1ea7m \u0111\u01b0\u1ee3c thi\u1ebft k\u1ebf theo t\u1ef7 l\u1ec7 1:1, t\u00e1i hi\u1ec7n ch\u00ednh x\u00e1c C\u00fap V\u00f4 \u0110\u1ecbch FIFA World Cup\u2122<br \/>\nPh\u1ea7n qu\u1ea3 \u0111\u1ecba c\u1ea7u tr\u00ean c\u00fap c\u00f3 th\u1ec3 m\u1edf ra \u0111\u1ec3 l\u1ed9 minifigure c\u1ed5 \u0111\u1ed9ng vi\u00ean FIFA b\u00ean trong<br \/>\n\u0110\u1ed3 ch\u01a1i L\u1eafp r\u00e1p C\u00fap V\u00f4 \u0110\u1ecbch FIFA World Cup\u2122 l\u00e0 \u00fd t\u01b0\u1edfng qu\u00e0 t\u1eb7ng l\u00fd t\u01b0\u1edfng cho ng\u01b0\u1eddi h\u00e2m m\u1ed9 b\u00f3ng \u0111\u00e1 trong c\u00e1c d\u1ecbp sinh nh\u1eadt v\u00e0 nhi\u1ec1u d\u1ecbp kh\u00e1c<br \/>\nKh\u00e1m ph\u00e1 th\u00eam c\u00e1c b\u1ed9 s\u1ea3n ph\u1ea9m kh\u00e1c trong b\u1ed9 s\u01b0u t\u1eadp LEGO\u00ae Editions<br \/>\nTheo d\u00f5i ti\u1ebfn tr\u00ecnh l\u1eafp r\u00e1p v\u00e0 xoay m\u00f4 h\u00ecnh 3D tr\u1ef1c quan th\u00f4ng qua \u1ee9ng d\u1ee5ng LEGO\u00ae Builder<br \/>\n\u0110\u1ed3 ch\u01a1i L\u1eafp r\u00e1p C\u00fap V\u00f4 \u0110\u1ecbch FIFA World Cup\u2122 g\u1ed3m 2.842 m\u1ea3nh gh\u00e9p v\u1edbi m\u00f4 h\u00ecnh cao h\u01a1n 36 cm<\/p>\n","protected":false},"excerpt":{"rendered":"<p>\u0110\u1ed3 Ch\u01a1i L\u1eafp R\u00e1p C\u00fap V\u00f4 \u0110\u1ecbch FIFA World Cup\u2122 LEGO EDITIONS SPORTS 43020 (2842 Chi Ti\u1ebft) Tr\u1edf th\u00e0nh nh\u00e0 v\u00f4 \u0111\u1ecbch l\u1eafp r\u00e1p v\u1edbi \u0110\u1ed3 ch\u01a1i L\u1eafp r\u00e1p C\u00fap V\u00f4 \u0110\u1ecbch FIFA World Cup\u2122 thu\u1ed9c d\u00f2ng LEGO EDITIONS SPORTS. B\u1ed9 s\u1ea3n ph\u1ea9m cho ph\u00e9p b\u1ea1n t\u1ea1o n\u00ean m\u00f4 h\u00ecnh C\u00fap V\u00f4 \u0110\u1ecbch World Cup\u2122 [&#8230;]\n","protected":false},"featured_media":137,"comment_status":"open","ping_status":"closed","template":"","meta":[],"product_brand":[],"product_cat":[17],"product_tag":[],"class_list":{"0":"post-135","1":"product","2":"type-product","3":"status-publish","4":"has-post-thumbnail","6":"product_cat-lego","8":"first","9":"instock","10":"shipping-taxable","11":"purchasable","12":"product-type-simple"},"yoast_head":"<!-- This site is optimized with the Yoast SEO plugin v27.2 - https:\/\/yoast.com\/product\/yoast-seo-wordpress\/ -->\n<title>\u0110\u1ed3 Ch\u01a1i L\u1eafp R\u00e1p C\u00fap V\u00f4 \u0110\u1ecbch FIFA World Cup\u2122 LEGO EDITIONS SPORTS 43020 - Shop Lego c\u1ee7a P\u00f4<\/title>\n<meta name=\"description\" content=\"\u0110\u1ed3 ch\u01a1i L\u1eafp r\u00e1p C\u00fap V\u00f4 \u0110\u1ecbch FIFA World Cup\u2122 l\u00e0 b\u1ed9 m\u00f4 h\u00ecnh LEGO\u00ae Editions d\u00e0nh cho ng\u01b0\u1eddi h\u00e2m m\u1ed9 th\u1ec3 thao t\u1eeb 12 tu\u1ed5i tr\u1edf l\u00ean\" \/>\n<meta name=\"robots\" content=\"index, follow, max-snippet:-1, max-image-preview:large, max-video-preview:-1\" \/>\n<link rel=\"canonical\" href=\"https:\/\/shoplego.azdigi.shop\/index.php\/product\/do-choi-lap-rap-cup-vo-dich-fifa-world-cup-lego-editions-sports-43020\/\" \/>\n<meta property=\"og:locale\" content=\"en_US\" \/>\n<meta property=\"og:type\" content=\"article\" \/>\n<meta property=\"og:title\" content=\"\u0110\u1ed3 Ch\u01a1i L\u1eafp R\u00e1p C\u00fap V\u00f4 \u0110\u1ecbch FIFA World Cup\u2122 LEGO EDITIONS SPORTS 43020 - Shop Lego c\u1ee7a P\u00f4\" \/>\n<meta property=\"og:description\" content=\"\u0110\u1ed3 ch\u01a1i L\u1eafp r\u00e1p C\u00fap V\u00f4 \u0110\u1ecbch FIFA World Cup\u2122 l\u00e0 b\u1ed9 m\u00f4 h\u00ecnh LEGO\u00ae Editions d\u00e0nh cho ng\u01b0\u1eddi h\u00e2m m\u1ed9 th\u1ec3 thao t\u1eeb 12 tu\u1ed5i tr\u1edf l\u00ean\" \/>\n<meta property=\"og:url\" content=\"https:\/\/shoplego.azdigi.shop\/index.php\/product\/do-choi-lap-rap-cup-vo-dich-fifa-world-cup-lego-editions-sports-43020\/\" \/>\n<meta property=\"og:site_name\" content=\"Shop Lego c\u1ee7a P\u00f4\" \/>\n<meta property=\"article:modified_time\" content=\"2026-04-11T13:41:27+00:00\" \/>\n<meta property=\"og:image\" content=\"https:\/\/shoplego.azdigi.shop\/wp-content\/uploads\/2026\/04\/Anh-chup-man-hinh-2026-04-11-193017.png\" \/>\n\t<meta property=\"og:image:width\" content=\"846\" \/>\n\t<meta property=\"og:image:height\" content=\"730\" \/>\n\t<meta property=\"og:image:type\" content=\"image\/png\" \/>\n<meta name=\"twitter:card\" content=\"summary_large_image\" \/>\n<meta name=\"twitter:label1\" content=\"Est. reading time\" \/>\n\t<meta name=\"twitter:data1\" content=\"2 minutes\" \/>\n<script type=\"application\/ld+json\" class=\"yoast-schema-graph\">{\"@context\":\"https:\/\/schema.org\",\"@graph\":[{\"@type\":\"WebPage\",\"@id\":\"https:\/\/shoplego.azdigi.shop\/index.php\/product\/do-choi-lap-rap-cup-vo-dich-fifa-world-cup-lego-editions-sports-43020\/\",\"url\":\"https:\/\/shoplego.azdigi.shop\/index.php\/product\/do-choi-lap-rap-cup-vo-dich-fifa-world-cup-lego-editions-sports-43020\/\",\"name\":\"\u0110\u1ed3 Ch\u01a1i L\u1eafp R\u00e1p C\u00fap V\u00f4 \u0110\u1ecbch FIFA World Cup\u2122 LEGO EDITIONS SPORTS 43020 - Shop Lego c\u1ee7a P\u00f4\",\"isPartOf\":{\"@id\":\"https:\/\/shoplego.azdigi.shop\/#website\"},\"primaryImageOfPage\":{\"@id\":\"https:\/\/shoplego.azdigi.shop\/index.php\/product\/do-choi-lap-rap-cup-vo-dich-fifa-world-cup-lego-editions-sports-43020\/#primaryimage\"},\"image\":{\"@id\":\"https:\/\/shoplego.azdigi.shop\/index.php\/product\/do-choi-lap-rap-cup-vo-dich-fifa-world-cup-lego-editions-sports-43020\/#primaryimage\"},\"thumbnailUrl\":\"https:\/\/shoplego.azdigi.shop\/wp-content\/uploads\/2026\/04\/Anh-chup-man-hinh-2026-04-11-193017.png\",\"datePublished\":\"2026-04-11T12:29:47+00:00\",\"dateModified\":\"2026-04-11T13:41:27+00:00\",\"description\":\"\u0110\u1ed3 ch\u01a1i L\u1eafp r\u00e1p C\u00fap V\u00f4 \u0110\u1ecbch FIFA World Cup\u2122 l\u00e0 b\u1ed9 m\u00f4 h\u00ecnh LEGO\u00ae Editions d\u00e0nh cho ng\u01b0\u1eddi h\u00e2m m\u1ed9 th\u1ec3 thao t\u1eeb 12 tu\u1ed5i tr\u1edf l\u00ean\",\"breadcrumb\":{\"@id\":\"https:\/\/shoplego.azdigi.shop\/index.php\/product\/do-choi-lap-rap-cup-vo-dich-fifa-world-cup-lego-editions-sports-43020\/#breadcrumb\"},\"inLanguage\":\"en-US\",\"potentialAction\":[{\"@type\":\"ReadAction\",\"target\":[\"https:\/\/shoplego.azdigi.shop\/index.php\/product\/do-choi-lap-rap-cup-vo-dich-fifa-world-cup-lego-editions-sports-43020\/\"]}]},{\"@type\":\"ImageObject\",\"inLanguage\":\"en-US\",\"@id\":\"https:\/\/shoplego.azdigi.shop\/index.php\/product\/do-choi-lap-rap-cup-vo-dich-fifa-world-cup-lego-editions-sports-43020\/#primaryimage\",\"url\":\"https:\/\/shoplego.azdigi.shop\/wp-content\/uploads\/2026\/04\/Anh-chup-man-hinh-2026-04-11-193017.png\",\"contentUrl\":\"https:\/\/shoplego.azdigi.shop\/wp-content\/uploads\/2026\/04\/Anh-chup-man-hinh-2026-04-11-193017.png\",\"width\":846,\"height\":730},{\"@type\":\"BreadcrumbList\",\"@id\":\"https:\/\/shoplego.azdigi.shop\/index.php\/product\/do-choi-lap-rap-cup-vo-dich-fifa-world-cup-lego-editions-sports-43020\/#breadcrumb\",\"itemListElement\":[{\"@type\":\"ListItem\",\"position\":1,\"name\":\"Home\",\"item\":\"https:\/\/shoplego.azdigi.shop\/\"},{\"@type\":\"ListItem\",\"position\":2,\"name\":\"Shop\",\"item\":\"https:\/\/shoplego.azdigi.shop\/index.php\/shop\/\"},{\"@type\":\"ListItem\",\"position\":3,\"name\":\"\u0110\u1ed3 Ch\u01a1i L\u1eafp R\u00e1p C\u00fap V\u00f4 \u0110\u1ecbch FIFA World Cup\u2122 LEGO EDITIONS SPORTS 43020\"}]},{\"@type\":\"WebSite\",\"@id\":\"https:\/\/shoplego.azdigi.shop\/#website\",\"url\":\"https:\/\/shoplego.azdigi.shop\/\",\"name\":\"Shop Lego c\u1ee7a P\u00f4\",\"description\":\"\",\"potentialAction\":[{\"@type\":\"SearchAction\",\"target\":{\"@type\":\"EntryPoint\",\"urlTemplate\":\"https:\/\/shoplego.azdigi.shop\/?s={search_term_string}\"},\"query-input\":{\"@type\":\"PropertyValueSpecification\",\"valueRequired\":true,\"valueName\":\"search_term_string\"}}],\"inLanguage\":\"en-US\"}]}<\/script>\n<!-- \/ Yoast SEO plugin. -->","yoast_head_json":{"title":"\u0110\u1ed3 Ch\u01a1i L\u1eafp R\u00e1p C\u00fap V\u00f4 \u0110\u1ecbch FIFA World Cup\u2122 LEGO EDITIONS SPORTS 43020 - Shop Lego c\u1ee7a P\u00f4","description":"\u0110\u1ed3 ch\u01a1i L\u1eafp r\u00e1p C\u00fap V\u00f4 \u0110\u1ecbch FIFA World Cup\u2122 l\u00e0 b\u1ed9 m\u00f4 h\u00ecnh LEGO\u00ae Editions d\u00e0nh cho ng\u01b0\u1eddi h\u00e2m m\u1ed9 th\u1ec3 thao t\u1eeb 12 tu\u1ed5i tr\u1edf l\u00ean","robots":{"index":"index","follow":"follow","max-snippet":"max-snippet:-1","max-image-preview":"max-image-preview:large","max-video-preview":"max-video-preview:-1"},"canonical":"https:\/\/shoplego.azdigi.shop\/index.php\/product\/do-choi-lap-rap-cup-vo-dich-fifa-world-cup-lego-editions-sports-43020\/","og_locale":"en_US","og_type":"article","og_title":"\u0110\u1ed3 Ch\u01a1i L\u1eafp R\u00e1p C\u00fap V\u00f4 \u0110\u1ecbch FIFA World Cup\u2122 LEGO EDITIONS SPORTS 43020 - Shop Lego c\u1ee7a P\u00f4","og_description":"\u0110\u1ed3 ch\u01a1i L\u1eafp r\u00e1p C\u00fap V\u00f4 \u0110\u1ecbch FIFA World Cup\u2122 l\u00e0 b\u1ed9 m\u00f4 h\u00ecnh LEGO\u00ae Editions d\u00e0nh cho ng\u01b0\u1eddi h\u00e2m m\u1ed9 th\u1ec3 thao t\u1eeb 12 tu\u1ed5i tr\u1edf l\u00ean","og_url":"https:\/\/shoplego.azdigi.shop\/index.php\/product\/do-choi-lap-rap-cup-vo-dich-fifa-world-cup-lego-editions-sports-43020\/","og_site_name":"Shop Lego c\u1ee7a P\u00f4","article_modified_time":"2026-04-11T13:41:27+00:00","og_image":[{"width":846,"height":730,"url":"https:\/\/shoplego.azdigi.shop\/wp-content\/uploads\/2026\/04\/Anh-chup-man-hinh-2026-04-11-193017.png","type":"image\/png"}],"twitter_card":"summary_large_image","twitter_misc":{"Est. reading time":"2 minutes"},"schema":{"@context":"https:\/\/schema.org","@graph":[{"@type":"WebPage","@id":"https:\/\/shoplego.azdigi.shop\/index.php\/product\/do-choi-lap-rap-cup-vo-dich-fifa-world-cup-lego-editions-sports-43020\/","url":"https:\/\/shoplego.azdigi.shop\/index.php\/product\/do-choi-lap-rap-cup-vo-dich-fifa-world-cup-lego-editions-sports-43020\/","name":"\u0110\u1ed3 Ch\u01a1i L\u1eafp R\u00e1p C\u00fap V\u00f4 \u0110\u1ecbch FIFA World Cup\u2122 LEGO EDITIONS SPORTS 43020 - Shop Lego c\u1ee7a P\u00f4","isPartOf":{"@id":"https:\/\/shoplego.azdigi.shop\/#website"},"primaryImageOfPage":{"@id":"https:\/\/shoplego.azdigi.shop\/index.php\/product\/do-choi-lap-rap-cup-vo-dich-fifa-world-cup-lego-editions-sports-43020\/#primaryimage"},"image":{"@id":"https:\/\/shoplego.azdigi.shop\/index.php\/product\/do-choi-lap-rap-cup-vo-dich-fifa-world-cup-lego-editions-sports-43020\/#primaryimage"},"thumbnailUrl":"https:\/\/shoplego.azdigi.shop\/wp-content\/uploads\/2026\/04\/Anh-chup-man-hinh-2026-04-11-193017.png","datePublished":"2026-04-11T12:29:47+00:00","dateModified":"2026-04-11T13:41:27+00:00","description":"\u0110\u1ed3 ch\u01a1i L\u1eafp r\u00e1p C\u00fap V\u00f4 \u0110\u1ecbch FIFA World Cup\u2122 l\u00e0 b\u1ed9 m\u00f4 h\u00ecnh LEGO\u00ae Editions d\u00e0nh cho ng\u01b0\u1eddi h\u00e2m m\u1ed9 th\u1ec3 thao t\u1eeb 12 tu\u1ed5i tr\u1edf l\u00ean","breadcrumb":{"@id":"https:\/\/shoplego.azdigi.shop\/index.php\/product\/do-choi-lap-rap-cup-vo-dich-fifa-world-cup-lego-editions-sports-43020\/#breadcrumb"},"inLanguage":"en-US","potentialAction":[{"@type":"ReadAction","target":["https:\/\/shoplego.azdigi.shop\/index.php\/product\/do-choi-lap-rap-cup-vo-dich-fifa-world-cup-lego-editions-sports-43020\/"]}]},{"@type":"ImageObject","inLanguage":"en-US","@id":"https:\/\/shoplego.azdigi.shop\/index.php\/product\/do-choi-lap-rap-cup-vo-dich-fifa-world-cup-lego-editions-sports-43020\/#primaryimage","url":"https:\/\/shoplego.azdigi.shop\/wp-content\/uploads\/2026\/04\/Anh-chup-man-hinh-2026-04-11-193017.png","contentUrl":"https:\/\/shoplego.azdigi.shop\/wp-content\/uploads\/2026\/04\/Anh-chup-man-hinh-2026-04-11-193017.png","width":846,"height":730},{"@type":"BreadcrumbList","@id":"https:\/\/shoplego.azdigi.shop\/index.php\/product\/do-choi-lap-rap-cup-vo-dich-fifa-world-cup-lego-editions-sports-43020\/#breadcrumb","itemListElement":[{"@type":"ListItem","position":1,"name":"Home","item":"https:\/\/shoplego.azdigi.shop\/"},{"@type":"ListItem","position":2,"name":"Shop","item":"https:\/\/shoplego.azdigi.shop\/index.php\/shop\/"},{"@type":"ListItem","position":3,"name":"\u0110\u1ed3 Ch\u01a1i L\u1eafp R\u00e1p C\u00fap V\u00f4 \u0110\u1ecbch FIFA World Cup\u2122 LEGO EDITIONS SPORTS 43020"}]},{"@type":"WebSite","@id":"https:\/\/shoplego.azdigi.shop\/#website","url":"https:\/\/shoplego.azdigi.shop\/","name":"Shop Lego c\u1ee7a P\u00f4","description":"","potentialAction":[{"@type":"SearchAction","target":{"@type":"EntryPoint","urlTemplate":"https:\/\/shoplego.azdigi.shop\/?s={search_term_string}"},"query-input":{"@type":"PropertyValueSpecification","valueRequired":true,"valueName":"search_term_string"}}],"inLanguage":"en-US"}]}},"_links":{"self":[{"href":"https:\/\/shoplego.azdigi.shop\/index.php\/wp-json\/wp\/v2\/product\/135","targetHints":{"allow":["GET"]}}],"collection":[{"href":"https:\/\/shoplego.azdigi.shop\/index.php\/wp-json\/wp\/v2\/product"}],"about":[{"href":"https:\/\/shoplego.azdigi.shop\/index.php\/wp-json\/wp\/v2\/types\/product"}],"replies":[{"embeddable":true,"href":"https:\/\/shoplego.azdigi.shop\/index.php\/wp-json\/wp\/v2\/comments?post=135"}],"wp:featuredmedia":[{"embeddable":true,"href":"https:\/\/shoplego.azdigi.shop\/index.php\/wp-json\/wp\/v2\/media\/137"}],"wp:attachment":[{"href":"https:\/\/shoplego.azdigi.shop\/index.php\/wp-json\/wp\/v2\/media?parent=135"}],"wp:term":[{"taxonomy":"product_brand","embeddable":true,"href":"https:\/\/shoplego.azdigi.shop\/index.php\/wp-json\/wp\/v2\/product_brand?post=135"},{"taxonomy":"product_cat","embeddable":true,"href":"https:\/\/shoplego.azdigi.shop\/index.php\/wp-json\/wp\/v2\/product_cat?post=135"},{"taxonomy":"product_tag","embeddable":true,"href":"https:\/\/shoplego.azdigi.shop\/index.php\/wp-json\/wp\/v2\/product_tag?post=135"}],"curies":[{"name":"wp","href":"https:\/\/api.w.org\/{rel}","templated":true}]}}