{"id":131,"date":"2026-04-11T12:25:29","date_gmt":"2026-04-11T12:25:29","guid":{"rendered":"https:\/\/shoplego.azdigi.shop\/?post_type=product&#038;p=131"},"modified":"2026-04-11T13:41:37","modified_gmt":"2026-04-11T13:41:37","slug":"do-choi-lap-rap-con-tau-going-merry-lego-one-piece-75639","status":"publish","type":"product","link":"https:\/\/shoplego.azdigi.shop\/index.php\/product\/do-choi-lap-rap-con-tau-going-merry-lego-one-piece-75639\/","title":{"rendered":"\u0110\u1ed3 Ch\u01a1i L\u1eafp R\u00e1p Con T\u00e0u Going Merry LEGO ONE PIECE 75639"},"content":{"rendered":"<h2>\u0110\u1ed3 Ch\u01a1i L\u1eafp R\u00e1p Con T\u00e0u Going Merry LEGO ONE PIECE 75639 (1376 Chi Ti\u1ebft)<\/h2>\n<p><img loading=\"lazy\" decoding=\"async\" class=\"aligncenter\" src=\"https:\/\/www.mykingdom.com.vn\/cdn\/shop\/files\/do-choi-lap-rap-con-tau-going-merry-lego-one-piece-75639_5.jpg?v=1753159753&amp;width=1946\" alt=\"do-choi-lap-rap-con-tau-going-merry-lego-one-piece-75639-01\" width=\"621\" height=\"621\" \/><\/p>\n<p>C\u00f9ng gi\u01b0\u01a1ng bu\u1ed3m tr\u00ean con t\u00e0u Going Merry, mang bi\u1ec3u t\u01b0\u1ee3ng c\u1ee7a b\u0103ng h\u1ea3i t\u1eb7c M\u0169 R\u01a1m. Kh\u00e1m ph\u00e1 cabin, b\u1ebfp v\u00e0 x\u01b0\u1edfng c\u1ee7a th\u1ee7y th\u1ee7 \u0111o\u00e0n trong khi \u0111i\u1ec1u h\u01b0\u1edbng tr\u00ean bi\u1ec3n c\u1ea3 h\u01b0\u1edbng \u0111\u1ebfn nhi\u1ec7m v\u1ee5 th\u00fa v\u1ecb ti\u1ebfp theo c\u1ee7a m\u00ecnh. Cho Luffy ng\u1ed3i tr\u00ean \u0111\u1ea7u con c\u1eebu, luy\u1ec7n t\u1eadp v\u1edbi Zoro tr\u00ean boong t\u00e0u, l\u00e1i t\u00e0u v\u1edbi Nami, leo l\u00ean c\u1ed9t bu\u1ed3m v\u1edbi Usopp v\u00e0 gi\u00fap Sanji trong b\u1ebfp. Khi b\u1ea1n l\u00ean t\u00e0u Going Merry, m\u1ed7i chuy\u1ebfn h\u00e0nh tr\u00ecnh lu\u00f4n l\u00e0 m\u1ed9t cu\u1ed9c phi\u00eau l\u01b0u ngo\u1ea1n m\u1ee5c!<br \/>\nCon t\u00e0u h\u1ea3i t\u1eb7c Going Merry l\u00e0 \u0111\u1ed3 ch\u01a1i x\u00e2y d\u1ef1ng v\u00e0 tr\u01b0ng b\u00e0y LEGO\u00ae ONE PIECE<br \/>\nBao g\u1ed3m c\u00e1c minifigure c\u1ee7a Monkey D. Luffy, Zoro, Nami, Usopp v\u00e0 Sanji<br \/>\nCon t\u00e0u c\u00f3 bu\u1ed3m, \u0111\u1ea7u t\u00e0u, b\u00e1nh l\u00e1i v\u00e0 c\u00e1c ph\u00f2ng \u0111\u01b0\u1ee3c thi\u1ebft k\u1ebf chi ti\u1ebft v\u00e0 ch\u00e2n th\u1ef1c<br \/>\nCon t\u00e0u c\u00f3 \u0111\u1ea7u t\u00e0u h\u00ecnh con c\u1eebu \u1edf ph\u00eda tr\u01b0\u1edbc v\u1edbi s\u00fang b\u1eafn ki\u1ec3u \u0111\u1ea1i b\u00e1c b\u00ean d\u01b0\u1edbi<br \/>\nM\u00f3n qu\u00e0 tuy\u1ec7t v\u1eddi cho nh\u1eefng ng\u01b0\u1eddi y\u00eau th\u00edch anime v\u00e0 h\u00e2m m\u1ed9 live action ONE PIECE tr\u00ean ch\u01b0\u01a1ng tr\u00ecnh Netflix<br \/>\nTr\u1ebb em c\u00f3 th\u1ec3 ph\u00f3ng to v\u00e0 xoay c\u00e1c b\u1ed9 \u1edf ch\u1ebf \u0111\u1ed9 3D b\u1eb1ng \u1ee9ng d\u1ee5ng LEGO\u00ae Builder tr\u1ef1c quan<br \/>\n\u0110\u1ed3 ch\u01a1i LEGO\u00ae ONE PIECE \u0111\u01b0a c\u00e1c nh\u00e2n v\u1eadt v\u00e0 cu\u1ed9c phi\u00eau l\u01b0u trong ch\u01b0\u01a1ng tr\u00ecnh Netflix ho\u00e0 v\u00e0o th\u1ebf gi\u1edbi th\u1ef1c.<br \/>\nCon t\u00e0u g\u1ed3m 1.376 m\u1ea3nh gh\u00e9p n\u00e0y c\u00f3 chi\u1ec1u d\u00e0i h\u01a1n 15,5 in. (39 cm)<\/p>\n","protected":false},"excerpt":{"rendered":"<p>\u0110\u1ed3 Ch\u01a1i L\u1eafp R\u00e1p Con T\u00e0u Going Merry LEGO ONE PIECE 75639 (1376 Chi Ti\u1ebft) C\u00f9ng gi\u01b0\u01a1ng bu\u1ed3m tr\u00ean con t\u00e0u Going Merry, mang bi\u1ec3u t\u01b0\u1ee3ng c\u1ee7a b\u0103ng h\u1ea3i t\u1eb7c M\u0169 R\u01a1m. Kh\u00e1m ph\u00e1 cabin, b\u1ebfp v\u00e0 x\u01b0\u1edfng c\u1ee7a th\u1ee7y th\u1ee7 \u0111o\u00e0n trong khi \u0111i\u1ec1u h\u01b0\u1edbng tr\u00ean bi\u1ec3n c\u1ea3 h\u01b0\u1edbng \u0111\u1ebfn nhi\u1ec7m v\u1ee5 th\u00fa v\u1ecb [&#8230;]\n","protected":false},"featured_media":132,"comment_status":"open","ping_status":"closed","template":"","meta":[],"product_brand":[],"product_cat":[17],"product_tag":[],"class_list":{"0":"post-131","1":"product","2":"type-product","3":"status-publish","4":"has-post-thumbnail","6":"product_cat-lego","8":"first","9":"instock","10":"shipping-taxable","11":"purchasable","12":"product-type-simple"},"yoast_head":"<!-- This site is optimized with the Yoast SEO plugin v27.2 - https:\/\/yoast.com\/product\/yoast-seo-wordpress\/ -->\n<title>\u0110\u1ed3 Ch\u01a1i L\u1eafp R\u00e1p Con T\u00e0u Going Merry LEGO ONE PIECE 75639 - Shop Lego c\u1ee7a P\u00f4<\/title>\n<meta name=\"description\" content=\"C\u00f9ng gi\u01b0\u01a1ng bu\u1ed3m tr\u00ean con t\u00e0u Going Merry, mang bi\u1ec3u t\u01b0\u1ee3ng c\u1ee7a b\u0103ng h\u1ea3i t\u1eb7c M\u0169 R\u01a1m. Kh\u00e1m ph\u00e1 cabin, b\u1ebfp v\u00e0 x\u01b0\u1edfng c\u1ee7a th\u1ee7y th\u1ee7 \u0111o\u00e0n\" \/>\n<meta name=\"robots\" content=\"index, follow, max-snippet:-1, max-image-preview:large, max-video-preview:-1\" \/>\n<link rel=\"canonical\" href=\"https:\/\/shoplego.azdigi.shop\/index.php\/product\/do-choi-lap-rap-con-tau-going-merry-lego-one-piece-75639\/\" \/>\n<meta property=\"og:locale\" content=\"en_US\" \/>\n<meta property=\"og:type\" content=\"article\" \/>\n<meta property=\"og:title\" content=\"\u0110\u1ed3 Ch\u01a1i L\u1eafp R\u00e1p Con T\u00e0u Going Merry LEGO ONE PIECE 75639 - Shop Lego c\u1ee7a P\u00f4\" \/>\n<meta property=\"og:description\" content=\"C\u00f9ng gi\u01b0\u01a1ng bu\u1ed3m tr\u00ean con t\u00e0u Going Merry, mang bi\u1ec3u t\u01b0\u1ee3ng c\u1ee7a b\u0103ng h\u1ea3i t\u1eb7c M\u0169 R\u01a1m. Kh\u00e1m ph\u00e1 cabin, b\u1ebfp v\u00e0 x\u01b0\u1edfng c\u1ee7a th\u1ee7y th\u1ee7 \u0111o\u00e0n\" \/>\n<meta property=\"og:url\" content=\"https:\/\/shoplego.azdigi.shop\/index.php\/product\/do-choi-lap-rap-con-tau-going-merry-lego-one-piece-75639\/\" \/>\n<meta property=\"og:site_name\" content=\"Shop Lego c\u1ee7a P\u00f4\" \/>\n<meta property=\"article:modified_time\" content=\"2026-04-11T13:41:37+00:00\" \/>\n<meta property=\"og:image\" content=\"https:\/\/shoplego.azdigi.shop\/wp-content\/uploads\/2026\/04\/Anh-chup-man-hinh-2026-04-11-192347.png\" \/>\n\t<meta property=\"og:image:width\" content=\"846\" \/>\n\t<meta property=\"og:image:height\" content=\"707\" \/>\n\t<meta property=\"og:image:type\" content=\"image\/png\" \/>\n<meta name=\"twitter:card\" content=\"summary_large_image\" \/>\n<meta name=\"twitter:label1\" content=\"Est. reading time\" \/>\n\t<meta name=\"twitter:data1\" content=\"2 minutes\" \/>\n<script type=\"application\/ld+json\" class=\"yoast-schema-graph\">{\"@context\":\"https:\/\/schema.org\",\"@graph\":[{\"@type\":\"WebPage\",\"@id\":\"https:\/\/shoplego.azdigi.shop\/index.php\/product\/do-choi-lap-rap-con-tau-going-merry-lego-one-piece-75639\/\",\"url\":\"https:\/\/shoplego.azdigi.shop\/index.php\/product\/do-choi-lap-rap-con-tau-going-merry-lego-one-piece-75639\/\",\"name\":\"\u0110\u1ed3 Ch\u01a1i L\u1eafp R\u00e1p Con T\u00e0u Going Merry LEGO ONE PIECE 75639 - Shop Lego c\u1ee7a P\u00f4\",\"isPartOf\":{\"@id\":\"https:\/\/shoplego.azdigi.shop\/#website\"},\"primaryImageOfPage\":{\"@id\":\"https:\/\/shoplego.azdigi.shop\/index.php\/product\/do-choi-lap-rap-con-tau-going-merry-lego-one-piece-75639\/#primaryimage\"},\"image\":{\"@id\":\"https:\/\/shoplego.azdigi.shop\/index.php\/product\/do-choi-lap-rap-con-tau-going-merry-lego-one-piece-75639\/#primaryimage\"},\"thumbnailUrl\":\"https:\/\/shoplego.azdigi.shop\/wp-content\/uploads\/2026\/04\/Anh-chup-man-hinh-2026-04-11-192347.png\",\"datePublished\":\"2026-04-11T12:25:29+00:00\",\"dateModified\":\"2026-04-11T13:41:37+00:00\",\"description\":\"C\u00f9ng gi\u01b0\u01a1ng bu\u1ed3m tr\u00ean con t\u00e0u Going Merry, mang bi\u1ec3u t\u01b0\u1ee3ng c\u1ee7a b\u0103ng h\u1ea3i t\u1eb7c M\u0169 R\u01a1m. Kh\u00e1m ph\u00e1 cabin, b\u1ebfp v\u00e0 x\u01b0\u1edfng c\u1ee7a th\u1ee7y th\u1ee7 \u0111o\u00e0n\",\"breadcrumb\":{\"@id\":\"https:\/\/shoplego.azdigi.shop\/index.php\/product\/do-choi-lap-rap-con-tau-going-merry-lego-one-piece-75639\/#breadcrumb\"},\"inLanguage\":\"en-US\",\"potentialAction\":[{\"@type\":\"ReadAction\",\"target\":[\"https:\/\/shoplego.azdigi.shop\/index.php\/product\/do-choi-lap-rap-con-tau-going-merry-lego-one-piece-75639\/\"]}]},{\"@type\":\"ImageObject\",\"inLanguage\":\"en-US\",\"@id\":\"https:\/\/shoplego.azdigi.shop\/index.php\/product\/do-choi-lap-rap-con-tau-going-merry-lego-one-piece-75639\/#primaryimage\",\"url\":\"https:\/\/shoplego.azdigi.shop\/wp-content\/uploads\/2026\/04\/Anh-chup-man-hinh-2026-04-11-192347.png\",\"contentUrl\":\"https:\/\/shoplego.azdigi.shop\/wp-content\/uploads\/2026\/04\/Anh-chup-man-hinh-2026-04-11-192347.png\",\"width\":846,\"height\":707},{\"@type\":\"BreadcrumbList\",\"@id\":\"https:\/\/shoplego.azdigi.shop\/index.php\/product\/do-choi-lap-rap-con-tau-going-merry-lego-one-piece-75639\/#breadcrumb\",\"itemListElement\":[{\"@type\":\"ListItem\",\"position\":1,\"name\":\"Home\",\"item\":\"https:\/\/shoplego.azdigi.shop\/\"},{\"@type\":\"ListItem\",\"position\":2,\"name\":\"Shop\",\"item\":\"https:\/\/shoplego.azdigi.shop\/index.php\/shop\/\"},{\"@type\":\"ListItem\",\"position\":3,\"name\":\"\u0110\u1ed3 Ch\u01a1i L\u1eafp R\u00e1p Con T\u00e0u Going Merry LEGO ONE PIECE 75639\"}]},{\"@type\":\"WebSite\",\"@id\":\"https:\/\/shoplego.azdigi.shop\/#website\",\"url\":\"https:\/\/shoplego.azdigi.shop\/\",\"name\":\"Shop Lego c\u1ee7a P\u00f4\",\"description\":\"\",\"potentialAction\":[{\"@type\":\"SearchAction\",\"target\":{\"@type\":\"EntryPoint\",\"urlTemplate\":\"https:\/\/shoplego.azdigi.shop\/?s={search_term_string}\"},\"query-input\":{\"@type\":\"PropertyValueSpecification\",\"valueRequired\":true,\"valueName\":\"search_term_string\"}}],\"inLanguage\":\"en-US\"}]}<\/script>\n<!-- \/ Yoast SEO plugin. -->","yoast_head_json":{"title":"\u0110\u1ed3 Ch\u01a1i L\u1eafp R\u00e1p Con T\u00e0u Going Merry LEGO ONE PIECE 75639 - Shop Lego c\u1ee7a P\u00f4","description":"C\u00f9ng gi\u01b0\u01a1ng bu\u1ed3m tr\u00ean con t\u00e0u Going Merry, mang bi\u1ec3u t\u01b0\u1ee3ng c\u1ee7a b\u0103ng h\u1ea3i t\u1eb7c M\u0169 R\u01a1m. Kh\u00e1m ph\u00e1 cabin, b\u1ebfp v\u00e0 x\u01b0\u1edfng c\u1ee7a th\u1ee7y th\u1ee7 \u0111o\u00e0n","robots":{"index":"index","follow":"follow","max-snippet":"max-snippet:-1","max-image-preview":"max-image-preview:large","max-video-preview":"max-video-preview:-1"},"canonical":"https:\/\/shoplego.azdigi.shop\/index.php\/product\/do-choi-lap-rap-con-tau-going-merry-lego-one-piece-75639\/","og_locale":"en_US","og_type":"article","og_title":"\u0110\u1ed3 Ch\u01a1i L\u1eafp R\u00e1p Con T\u00e0u Going Merry LEGO ONE PIECE 75639 - Shop Lego c\u1ee7a P\u00f4","og_description":"C\u00f9ng gi\u01b0\u01a1ng bu\u1ed3m tr\u00ean con t\u00e0u Going Merry, mang bi\u1ec3u t\u01b0\u1ee3ng c\u1ee7a b\u0103ng h\u1ea3i t\u1eb7c M\u0169 R\u01a1m. Kh\u00e1m ph\u00e1 cabin, b\u1ebfp v\u00e0 x\u01b0\u1edfng c\u1ee7a th\u1ee7y th\u1ee7 \u0111o\u00e0n","og_url":"https:\/\/shoplego.azdigi.shop\/index.php\/product\/do-choi-lap-rap-con-tau-going-merry-lego-one-piece-75639\/","og_site_name":"Shop Lego c\u1ee7a P\u00f4","article_modified_time":"2026-04-11T13:41:37+00:00","og_image":[{"width":846,"height":707,"url":"https:\/\/shoplego.azdigi.shop\/wp-content\/uploads\/2026\/04\/Anh-chup-man-hinh-2026-04-11-192347.png","type":"image\/png"}],"twitter_card":"summary_large_image","twitter_misc":{"Est. reading time":"2 minutes"},"schema":{"@context":"https:\/\/schema.org","@graph":[{"@type":"WebPage","@id":"https:\/\/shoplego.azdigi.shop\/index.php\/product\/do-choi-lap-rap-con-tau-going-merry-lego-one-piece-75639\/","url":"https:\/\/shoplego.azdigi.shop\/index.php\/product\/do-choi-lap-rap-con-tau-going-merry-lego-one-piece-75639\/","name":"\u0110\u1ed3 Ch\u01a1i L\u1eafp R\u00e1p Con T\u00e0u Going Merry LEGO ONE PIECE 75639 - Shop Lego c\u1ee7a P\u00f4","isPartOf":{"@id":"https:\/\/shoplego.azdigi.shop\/#website"},"primaryImageOfPage":{"@id":"https:\/\/shoplego.azdigi.shop\/index.php\/product\/do-choi-lap-rap-con-tau-going-merry-lego-one-piece-75639\/#primaryimage"},"image":{"@id":"https:\/\/shoplego.azdigi.shop\/index.php\/product\/do-choi-lap-rap-con-tau-going-merry-lego-one-piece-75639\/#primaryimage"},"thumbnailUrl":"https:\/\/shoplego.azdigi.shop\/wp-content\/uploads\/2026\/04\/Anh-chup-man-hinh-2026-04-11-192347.png","datePublished":"2026-04-11T12:25:29+00:00","dateModified":"2026-04-11T13:41:37+00:00","description":"C\u00f9ng gi\u01b0\u01a1ng bu\u1ed3m tr\u00ean con t\u00e0u Going Merry, mang bi\u1ec3u t\u01b0\u1ee3ng c\u1ee7a b\u0103ng h\u1ea3i t\u1eb7c M\u0169 R\u01a1m. Kh\u00e1m ph\u00e1 cabin, b\u1ebfp v\u00e0 x\u01b0\u1edfng c\u1ee7a th\u1ee7y th\u1ee7 \u0111o\u00e0n","breadcrumb":{"@id":"https:\/\/shoplego.azdigi.shop\/index.php\/product\/do-choi-lap-rap-con-tau-going-merry-lego-one-piece-75639\/#breadcrumb"},"inLanguage":"en-US","potentialAction":[{"@type":"ReadAction","target":["https:\/\/shoplego.azdigi.shop\/index.php\/product\/do-choi-lap-rap-con-tau-going-merry-lego-one-piece-75639\/"]}]},{"@type":"ImageObject","inLanguage":"en-US","@id":"https:\/\/shoplego.azdigi.shop\/index.php\/product\/do-choi-lap-rap-con-tau-going-merry-lego-one-piece-75639\/#primaryimage","url":"https:\/\/shoplego.azdigi.shop\/wp-content\/uploads\/2026\/04\/Anh-chup-man-hinh-2026-04-11-192347.png","contentUrl":"https:\/\/shoplego.azdigi.shop\/wp-content\/uploads\/2026\/04\/Anh-chup-man-hinh-2026-04-11-192347.png","width":846,"height":707},{"@type":"BreadcrumbList","@id":"https:\/\/shoplego.azdigi.shop\/index.php\/product\/do-choi-lap-rap-con-tau-going-merry-lego-one-piece-75639\/#breadcrumb","itemListElement":[{"@type":"ListItem","position":1,"name":"Home","item":"https:\/\/shoplego.azdigi.shop\/"},{"@type":"ListItem","position":2,"name":"Shop","item":"https:\/\/shoplego.azdigi.shop\/index.php\/shop\/"},{"@type":"ListItem","position":3,"name":"\u0110\u1ed3 Ch\u01a1i L\u1eafp R\u00e1p Con T\u00e0u Going Merry LEGO ONE PIECE 75639"}]},{"@type":"WebSite","@id":"https:\/\/shoplego.azdigi.shop\/#website","url":"https:\/\/shoplego.azdigi.shop\/","name":"Shop Lego c\u1ee7a P\u00f4","description":"","potentialAction":[{"@type":"SearchAction","target":{"@type":"EntryPoint","urlTemplate":"https:\/\/shoplego.azdigi.shop\/?s={search_term_string}"},"query-input":{"@type":"PropertyValueSpecification","valueRequired":true,"valueName":"search_term_string"}}],"inLanguage":"en-US"}]}},"_links":{"self":[{"href":"https:\/\/shoplego.azdigi.shop\/index.php\/wp-json\/wp\/v2\/product\/131","targetHints":{"allow":["GET"]}}],"collection":[{"href":"https:\/\/shoplego.azdigi.shop\/index.php\/wp-json\/wp\/v2\/product"}],"about":[{"href":"https:\/\/shoplego.azdigi.shop\/index.php\/wp-json\/wp\/v2\/types\/product"}],"replies":[{"embeddable":true,"href":"https:\/\/shoplego.azdigi.shop\/index.php\/wp-json\/wp\/v2\/comments?post=131"}],"wp:featuredmedia":[{"embeddable":true,"href":"https:\/\/shoplego.azdigi.shop\/index.php\/wp-json\/wp\/v2\/media\/132"}],"wp:attachment":[{"href":"https:\/\/shoplego.azdigi.shop\/index.php\/wp-json\/wp\/v2\/media?parent=131"}],"wp:term":[{"taxonomy":"product_brand","embeddable":true,"href":"https:\/\/shoplego.azdigi.shop\/index.php\/wp-json\/wp\/v2\/product_brand?post=131"},{"taxonomy":"product_cat","embeddable":true,"href":"https:\/\/shoplego.azdigi.shop\/index.php\/wp-json\/wp\/v2\/product_cat?post=131"},{"taxonomy":"product_tag","embeddable":true,"href":"https:\/\/shoplego.azdigi.shop\/index.php\/wp-json\/wp\/v2\/product_tag?post=131"}],"curies":[{"name":"wp","href":"https:\/\/api.w.org\/{rel}","templated":true}]}}