{"id":122,"date":"2026-04-11T12:15:38","date_gmt":"2026-04-11T12:15:38","guid":{"rendered":"https:\/\/shoplego.azdigi.shop\/?post_type=product&#038;p=122"},"modified":"2026-04-11T13:42:02","modified_gmt":"2026-04-11T13:42:02","slug":"do-choi-lap-rap-sieu-xe-lamborghini-huracan-tecnica-lego-technic-42161","status":"publish","type":"product","link":"https:\/\/shoplego.azdigi.shop\/index.php\/product\/do-choi-lap-rap-sieu-xe-lamborghini-huracan-tecnica-lego-technic-42161\/","title":{"rendered":"\u0110\u1ed3 ch\u01a1i l\u1eafp r\u00e1p Si\u00eau Xe Lamborghini Hurac\u00e1n Tecnica LEGO TECHNIC 42161"},"content":{"rendered":"<h2>\u0110\u1ed3 Ch\u01a1i L\u1eafp R\u00e1p Si\u00eau Xe Lamborghini Hurac\u00e1n Tecnica LEGO TECHNIC 42161 (806 chi ti\u1ebft)<\/h2>\n<p><img loading=\"lazy\" decoding=\"async\" class=\"aligncenter\" src=\"https:\/\/www.mykingdom.com.vn\/cdn\/shop\/files\/42161_d5649b1a-7db4-47a5-b841-02ba476300c9.jpg?v=1725519736&amp;width=1946\" alt=\"do-choi-lap-rap-sieu-xe-lamborghini-huracan-tecnica-42161-01\" width=\"596\" height=\"596\" \/><\/p>\n<p>B\u1ea1n c\u00f3 y\u00eau th\u00edch Lamborghini kh\u00f4ng? B\u1ea1n c\u00f3 m\u01a1 \u01b0\u1edbc s\u1edf h\u1eefu chi\u1ebfc Lamborghini Hurac\u00e1n Tecnica c\u1ee7a ri\u00eang m\u00ecnh kh\u00f4ng? Ch\u00e0, gi\u1edd \u0111\u00e2y b\u1ea1n c\u00f3 th\u1ec3 l\u00e0m \u0111\u01b0\u1ee3c v\u1edbi b\u1ed9 m\u00f4 h\u00ecnh LEGO\u00ae Technic\u2122 Si\u00eau xe Lamborghini Hurac\u00e1n Tecnica n\u00e0y. B\u1ea1n s\u1ebd t\u00e1i t\u1ea1o c\u00e1c t\u00ednh n\u0103ng c\u1ee7a chi\u1ebfc xe tuy\u1ec7t \u0111\u1eb9p n\u00e0y m\u1ed9t c\u00e1ch chi ti\u1ebft v\u00e0 ch\u00e2n th\u1ef1c. H\u00e3y th\u1ecfa m\u00e3n \u0111am m\u00ea c\u1ee7a b\u1ea1n khi ch\u1ebf t\u1ea1o \u0111\u1ed9ng c\u01a1 V10 v\u00e0 kh\u00e1m ph\u00e1 h\u1ec7 th\u1ed1ng l\u00e1i c\u1ee7a m\u00f4 h\u00ecnh n\u00e0y. \u0110\u1eb7c bi\u1ec7t, b\u1ea1n s\u1ebd kinh ng\u1ea1c tr\u01b0\u1edbc thi\u1ebft k\u1ebf kh\u00ed \u0111\u1ed9ng h\u1ecdc v\u00e0 kh\u1ea3 n\u0103ng m\u1edf c\u1eeda c\u1ee7a Lamborghini c\u1ee7a ri\u00eang b\u1ea1n.<br \/>\n\u2022 B\u1ed9 m\u00f4 h\u00ecnh n\u00e0y d\u00e0nh cho nh\u1eefng ng\u01b0\u1eddi y\u00eau th\u00edch Lamborghini, t\u1eeb 9 tu\u1ed5i tr\u1edf l\u00ean. V\u1edbi \u0111\u1ed3 ch\u01a1i l\u1eafp r\u00e1p LEGO\u00ae Technic\u2122 Si\u00eau xe Lamborghini Hurac\u00e1n Tecnica (42161), b\u1ea1n s\u1ebd tr\u1ea3i qua m\u1ed9t th\u1eed th\u00e1ch \u0111\u00e1ng nh\u1edb v\u00e0 \u0111\u01b0\u1ee3c tr\u1ea3i nghi\u1ec7m s\u1ef1 h\u1ee9ng kh\u1edfi trong vi\u1ec7c t\u00e1i t\u1ea1o m\u1ecdi chi ti\u1ebft c\u1ee7a chi\u1ebfc si\u00eau xe n\u00e0y.<br \/>\n\u2022 Chi\u00eam ng\u01b0\u1ee1ng c\u00e1c chi ti\u1ebft \u2013 Tr\u1ebb c\u00f3 th\u1ec3 ch\u1ebf t\u1ea1o v\u00e0 kh\u00e1m ph\u00e1 \u0111\u1ed9ng c\u01a1 V10 chuy\u1ec3n \u0111\u1ed9ng, h\u1ec7 th\u1ed1ng l\u00e1i v\u00e0 m\u1edf c\u1eeda c\u1ee7a m\u1eabu xe Lamborghini Hurac\u00e1n Tecnica n\u00e0y<br \/>\n\u2022 L\u1ea5y c\u1ea3m h\u1ee9ng t\u1eeb b\u1ea3n g\u1ed1c \u2013 Chi\u1ebfc xe m\u00f4 h\u00ecnh Lamborghini n\u00e0y n\u1ed5i b\u1eadt v\u1edbi t\u00f4ng m\u00e0u xanh c\u1ed5 \u0111i\u1ec3n<\/p>\n<p><strong>Th\u00f4ng tin s\u1ea3n ph\u1ea9m<\/strong><\/p>\n<table class=\"table-product-information\" style=\"height: 248px;\" width=\"689\" cellspacing=\"0\" cellpadding=\"0\">\n<tbody>\n<tr>\n<td>Ch\u1ee7 \u0111\u1ec1<\/td>\n<td>LEGO TECHNIC ALL<\/td>\n<\/tr>\n<tr>\n<td>Tu\u1ed5i<\/td>\n<td>9 tu\u1ed5i tr\u1edf l\u00ean<\/td>\n<\/tr>\n<tr>\n<td>Gi\u1edbi t\u00ednh<\/td>\n<td>Boy<\/td>\n<\/tr>\n<tr>\n<td>Th\u01b0\u01a1ng hi\u1ec7u<\/td>\n<td>LEGO TECHNIC<\/td>\n<\/tr>\n<tr>\n<td>Xu\u1ea5t x\u1ee9 th\u01b0\u01a1ng hi\u1ec7u<\/td>\n<td>Trung Qu\u1ed1c<\/td>\n<\/tr>\n<tr>\n<td>Xu\u1ea5t x\u1ee9<\/td>\n<td>\u0110an M\u1ea1ch<\/td>\n<\/tr>\n<\/tbody>\n<\/table>\n","protected":false},"excerpt":{"rendered":"<p>\u0110\u1ed3 Ch\u01a1i L\u1eafp R\u00e1p Si\u00eau Xe Lamborghini Hurac\u00e1n Tecnica LEGO TECHNIC 42161 (806 chi ti\u1ebft) B\u1ea1n c\u00f3 y\u00eau th\u00edch Lamborghini kh\u00f4ng? B\u1ea1n c\u00f3 m\u01a1 \u01b0\u1edbc s\u1edf h\u1eefu chi\u1ebfc Lamborghini Hurac\u00e1n Tecnica c\u1ee7a ri\u00eang m\u00ecnh kh\u00f4ng? Ch\u00e0, gi\u1edd \u0111\u00e2y b\u1ea1n c\u00f3 th\u1ec3 l\u00e0m \u0111\u01b0\u1ee3c v\u1edbi b\u1ed9 m\u00f4 h\u00ecnh LEGO\u00ae Technic\u2122 Si\u00eau xe Lamborghini Hurac\u00e1n Tecnica n\u00e0y. [&#8230;]\n","protected":false},"featured_media":124,"comment_status":"open","ping_status":"closed","template":"","meta":[],"product_brand":[],"product_cat":[17],"product_tag":[],"class_list":{"0":"post-122","1":"product","2":"type-product","3":"status-publish","4":"has-post-thumbnail","6":"product_cat-lego","8":"first","9":"instock","10":"shipping-taxable","11":"purchasable","12":"product-type-simple"},"yoast_head":"<!-- This site is optimized with the Yoast SEO plugin v27.2 - https:\/\/yoast.com\/product\/yoast-seo-wordpress\/ -->\n<title>\u0110\u1ed3 ch\u01a1i l\u1eafp r\u00e1p Si\u00eau Xe Lamborghini Hurac\u00e1n Tecnica LEGO TECHNIC 42161 - Shop Lego c\u1ee7a P\u00f4<\/title>\n<meta name=\"description\" content=\"B\u1ea1n c\u00f3 y\u00eau th\u00edch Lamborghini kh\u00f4ng? B\u1ea1n c\u00f3 m\u01a1 \u01b0\u1edbc s\u1edf h\u1eefu chi\u1ebfc Lamborghini Hurac\u00e1n Tecnica c\u1ee7a ri\u00eang m\u00ecnh kh\u00f4ng? Ch\u00e0, gi\u1edd \u0111\u00e2y b\u1ea1n c\u00f3 th\u1ec3 l\u00e0m \u0111\u01b0\u1ee3c v\u1edbi b\u1ed9..\" \/>\n<meta name=\"robots\" content=\"index, follow, max-snippet:-1, max-image-preview:large, max-video-preview:-1\" \/>\n<link rel=\"canonical\" href=\"https:\/\/shoplego.azdigi.shop\/index.php\/product\/do-choi-lap-rap-sieu-xe-lamborghini-huracan-tecnica-lego-technic-42161\/\" \/>\n<meta property=\"og:locale\" content=\"en_US\" \/>\n<meta property=\"og:type\" content=\"article\" \/>\n<meta property=\"og:title\" content=\"\u0110\u1ed3 ch\u01a1i l\u1eafp r\u00e1p Si\u00eau Xe Lamborghini Hurac\u00e1n Tecnica LEGO TECHNIC 42161 - Shop Lego c\u1ee7a P\u00f4\" \/>\n<meta property=\"og:description\" content=\"B\u1ea1n c\u00f3 y\u00eau th\u00edch Lamborghini kh\u00f4ng? B\u1ea1n c\u00f3 m\u01a1 \u01b0\u1edbc s\u1edf h\u1eefu chi\u1ebfc Lamborghini Hurac\u00e1n Tecnica c\u1ee7a ri\u00eang m\u00ecnh kh\u00f4ng? Ch\u00e0, gi\u1edd \u0111\u00e2y b\u1ea1n c\u00f3 th\u1ec3 l\u00e0m \u0111\u01b0\u1ee3c v\u1edbi b\u1ed9..\" \/>\n<meta property=\"og:url\" content=\"https:\/\/shoplego.azdigi.shop\/index.php\/product\/do-choi-lap-rap-sieu-xe-lamborghini-huracan-tecnica-lego-technic-42161\/\" \/>\n<meta property=\"og:site_name\" content=\"Shop Lego c\u1ee7a P\u00f4\" \/>\n<meta property=\"article:modified_time\" content=\"2026-04-11T13:42:02+00:00\" \/>\n<meta property=\"og:image\" content=\"https:\/\/shoplego.azdigi.shop\/wp-content\/uploads\/2026\/04\/Anh-chup-man-hinh-2026-04-11-191434.png\" \/>\n\t<meta property=\"og:image:width\" content=\"702\" \/>\n\t<meta property=\"og:image:height\" content=\"707\" \/>\n\t<meta property=\"og:image:type\" content=\"image\/png\" \/>\n<meta name=\"twitter:card\" content=\"summary_large_image\" \/>\n<meta name=\"twitter:label1\" content=\"Est. reading time\" \/>\n\t<meta name=\"twitter:data1\" content=\"2 minutes\" \/>\n<script type=\"application\/ld+json\" class=\"yoast-schema-graph\">{\"@context\":\"https:\/\/schema.org\",\"@graph\":[{\"@type\":\"WebPage\",\"@id\":\"https:\/\/shoplego.azdigi.shop\/index.php\/product\/do-choi-lap-rap-sieu-xe-lamborghini-huracan-tecnica-lego-technic-42161\/\",\"url\":\"https:\/\/shoplego.azdigi.shop\/index.php\/product\/do-choi-lap-rap-sieu-xe-lamborghini-huracan-tecnica-lego-technic-42161\/\",\"name\":\"\u0110\u1ed3 ch\u01a1i l\u1eafp r\u00e1p Si\u00eau Xe Lamborghini Hurac\u00e1n Tecnica LEGO TECHNIC 42161 - Shop Lego c\u1ee7a P\u00f4\",\"isPartOf\":{\"@id\":\"https:\/\/shoplego.azdigi.shop\/#website\"},\"primaryImageOfPage\":{\"@id\":\"https:\/\/shoplego.azdigi.shop\/index.php\/product\/do-choi-lap-rap-sieu-xe-lamborghini-huracan-tecnica-lego-technic-42161\/#primaryimage\"},\"image\":{\"@id\":\"https:\/\/shoplego.azdigi.shop\/index.php\/product\/do-choi-lap-rap-sieu-xe-lamborghini-huracan-tecnica-lego-technic-42161\/#primaryimage\"},\"thumbnailUrl\":\"https:\/\/shoplego.azdigi.shop\/wp-content\/uploads\/2026\/04\/Anh-chup-man-hinh-2026-04-11-191434.png\",\"datePublished\":\"2026-04-11T12:15:38+00:00\",\"dateModified\":\"2026-04-11T13:42:02+00:00\",\"description\":\"B\u1ea1n c\u00f3 y\u00eau th\u00edch Lamborghini kh\u00f4ng? B\u1ea1n c\u00f3 m\u01a1 \u01b0\u1edbc s\u1edf h\u1eefu chi\u1ebfc Lamborghini Hurac\u00e1n Tecnica c\u1ee7a ri\u00eang m\u00ecnh kh\u00f4ng? Ch\u00e0, gi\u1edd \u0111\u00e2y b\u1ea1n c\u00f3 th\u1ec3 l\u00e0m \u0111\u01b0\u1ee3c v\u1edbi b\u1ed9..\",\"breadcrumb\":{\"@id\":\"https:\/\/shoplego.azdigi.shop\/index.php\/product\/do-choi-lap-rap-sieu-xe-lamborghini-huracan-tecnica-lego-technic-42161\/#breadcrumb\"},\"inLanguage\":\"en-US\",\"potentialAction\":[{\"@type\":\"ReadAction\",\"target\":[\"https:\/\/shoplego.azdigi.shop\/index.php\/product\/do-choi-lap-rap-sieu-xe-lamborghini-huracan-tecnica-lego-technic-42161\/\"]}]},{\"@type\":\"ImageObject\",\"inLanguage\":\"en-US\",\"@id\":\"https:\/\/shoplego.azdigi.shop\/index.php\/product\/do-choi-lap-rap-sieu-xe-lamborghini-huracan-tecnica-lego-technic-42161\/#primaryimage\",\"url\":\"https:\/\/shoplego.azdigi.shop\/wp-content\/uploads\/2026\/04\/Anh-chup-man-hinh-2026-04-11-191434.png\",\"contentUrl\":\"https:\/\/shoplego.azdigi.shop\/wp-content\/uploads\/2026\/04\/Anh-chup-man-hinh-2026-04-11-191434.png\",\"width\":702,\"height\":707},{\"@type\":\"BreadcrumbList\",\"@id\":\"https:\/\/shoplego.azdigi.shop\/index.php\/product\/do-choi-lap-rap-sieu-xe-lamborghini-huracan-tecnica-lego-technic-42161\/#breadcrumb\",\"itemListElement\":[{\"@type\":\"ListItem\",\"position\":1,\"name\":\"Home\",\"item\":\"https:\/\/shoplego.azdigi.shop\/\"},{\"@type\":\"ListItem\",\"position\":2,\"name\":\"Shop\",\"item\":\"https:\/\/shoplego.azdigi.shop\/index.php\/shop\/\"},{\"@type\":\"ListItem\",\"position\":3,\"name\":\"\u0110\u1ed3 ch\u01a1i l\u1eafp r\u00e1p Si\u00eau Xe Lamborghini Hurac\u00e1n Tecnica LEGO TECHNIC 42161\"}]},{\"@type\":\"WebSite\",\"@id\":\"https:\/\/shoplego.azdigi.shop\/#website\",\"url\":\"https:\/\/shoplego.azdigi.shop\/\",\"name\":\"Shop Lego c\u1ee7a P\u00f4\",\"description\":\"\",\"potentialAction\":[{\"@type\":\"SearchAction\",\"target\":{\"@type\":\"EntryPoint\",\"urlTemplate\":\"https:\/\/shoplego.azdigi.shop\/?s={search_term_string}\"},\"query-input\":{\"@type\":\"PropertyValueSpecification\",\"valueRequired\":true,\"valueName\":\"search_term_string\"}}],\"inLanguage\":\"en-US\"}]}<\/script>\n<!-- \/ Yoast SEO plugin. -->","yoast_head_json":{"title":"\u0110\u1ed3 ch\u01a1i l\u1eafp r\u00e1p Si\u00eau Xe Lamborghini Hurac\u00e1n Tecnica LEGO TECHNIC 42161 - Shop Lego c\u1ee7a P\u00f4","description":"B\u1ea1n c\u00f3 y\u00eau th\u00edch Lamborghini kh\u00f4ng? B\u1ea1n c\u00f3 m\u01a1 \u01b0\u1edbc s\u1edf h\u1eefu chi\u1ebfc Lamborghini Hurac\u00e1n Tecnica c\u1ee7a ri\u00eang m\u00ecnh kh\u00f4ng? Ch\u00e0, gi\u1edd \u0111\u00e2y b\u1ea1n c\u00f3 th\u1ec3 l\u00e0m \u0111\u01b0\u1ee3c v\u1edbi b\u1ed9..","robots":{"index":"index","follow":"follow","max-snippet":"max-snippet:-1","max-image-preview":"max-image-preview:large","max-video-preview":"max-video-preview:-1"},"canonical":"https:\/\/shoplego.azdigi.shop\/index.php\/product\/do-choi-lap-rap-sieu-xe-lamborghini-huracan-tecnica-lego-technic-42161\/","og_locale":"en_US","og_type":"article","og_title":"\u0110\u1ed3 ch\u01a1i l\u1eafp r\u00e1p Si\u00eau Xe Lamborghini Hurac\u00e1n Tecnica LEGO TECHNIC 42161 - Shop Lego c\u1ee7a P\u00f4","og_description":"B\u1ea1n c\u00f3 y\u00eau th\u00edch Lamborghini kh\u00f4ng? B\u1ea1n c\u00f3 m\u01a1 \u01b0\u1edbc s\u1edf h\u1eefu chi\u1ebfc Lamborghini Hurac\u00e1n Tecnica c\u1ee7a ri\u00eang m\u00ecnh kh\u00f4ng? Ch\u00e0, gi\u1edd \u0111\u00e2y b\u1ea1n c\u00f3 th\u1ec3 l\u00e0m \u0111\u01b0\u1ee3c v\u1edbi b\u1ed9..","og_url":"https:\/\/shoplego.azdigi.shop\/index.php\/product\/do-choi-lap-rap-sieu-xe-lamborghini-huracan-tecnica-lego-technic-42161\/","og_site_name":"Shop Lego c\u1ee7a P\u00f4","article_modified_time":"2026-04-11T13:42:02+00:00","og_image":[{"width":702,"height":707,"url":"https:\/\/shoplego.azdigi.shop\/wp-content\/uploads\/2026\/04\/Anh-chup-man-hinh-2026-04-11-191434.png","type":"image\/png"}],"twitter_card":"summary_large_image","twitter_misc":{"Est. reading time":"2 minutes"},"schema":{"@context":"https:\/\/schema.org","@graph":[{"@type":"WebPage","@id":"https:\/\/shoplego.azdigi.shop\/index.php\/product\/do-choi-lap-rap-sieu-xe-lamborghini-huracan-tecnica-lego-technic-42161\/","url":"https:\/\/shoplego.azdigi.shop\/index.php\/product\/do-choi-lap-rap-sieu-xe-lamborghini-huracan-tecnica-lego-technic-42161\/","name":"\u0110\u1ed3 ch\u01a1i l\u1eafp r\u00e1p Si\u00eau Xe Lamborghini Hurac\u00e1n Tecnica LEGO TECHNIC 42161 - Shop Lego c\u1ee7a P\u00f4","isPartOf":{"@id":"https:\/\/shoplego.azdigi.shop\/#website"},"primaryImageOfPage":{"@id":"https:\/\/shoplego.azdigi.shop\/index.php\/product\/do-choi-lap-rap-sieu-xe-lamborghini-huracan-tecnica-lego-technic-42161\/#primaryimage"},"image":{"@id":"https:\/\/shoplego.azdigi.shop\/index.php\/product\/do-choi-lap-rap-sieu-xe-lamborghini-huracan-tecnica-lego-technic-42161\/#primaryimage"},"thumbnailUrl":"https:\/\/shoplego.azdigi.shop\/wp-content\/uploads\/2026\/04\/Anh-chup-man-hinh-2026-04-11-191434.png","datePublished":"2026-04-11T12:15:38+00:00","dateModified":"2026-04-11T13:42:02+00:00","description":"B\u1ea1n c\u00f3 y\u00eau th\u00edch Lamborghini kh\u00f4ng? B\u1ea1n c\u00f3 m\u01a1 \u01b0\u1edbc s\u1edf h\u1eefu chi\u1ebfc Lamborghini Hurac\u00e1n Tecnica c\u1ee7a ri\u00eang m\u00ecnh kh\u00f4ng? Ch\u00e0, gi\u1edd \u0111\u00e2y b\u1ea1n c\u00f3 th\u1ec3 l\u00e0m \u0111\u01b0\u1ee3c v\u1edbi b\u1ed9..","breadcrumb":{"@id":"https:\/\/shoplego.azdigi.shop\/index.php\/product\/do-choi-lap-rap-sieu-xe-lamborghini-huracan-tecnica-lego-technic-42161\/#breadcrumb"},"inLanguage":"en-US","potentialAction":[{"@type":"ReadAction","target":["https:\/\/shoplego.azdigi.shop\/index.php\/product\/do-choi-lap-rap-sieu-xe-lamborghini-huracan-tecnica-lego-technic-42161\/"]}]},{"@type":"ImageObject","inLanguage":"en-US","@id":"https:\/\/shoplego.azdigi.shop\/index.php\/product\/do-choi-lap-rap-sieu-xe-lamborghini-huracan-tecnica-lego-technic-42161\/#primaryimage","url":"https:\/\/shoplego.azdigi.shop\/wp-content\/uploads\/2026\/04\/Anh-chup-man-hinh-2026-04-11-191434.png","contentUrl":"https:\/\/shoplego.azdigi.shop\/wp-content\/uploads\/2026\/04\/Anh-chup-man-hinh-2026-04-11-191434.png","width":702,"height":707},{"@type":"BreadcrumbList","@id":"https:\/\/shoplego.azdigi.shop\/index.php\/product\/do-choi-lap-rap-sieu-xe-lamborghini-huracan-tecnica-lego-technic-42161\/#breadcrumb","itemListElement":[{"@type":"ListItem","position":1,"name":"Home","item":"https:\/\/shoplego.azdigi.shop\/"},{"@type":"ListItem","position":2,"name":"Shop","item":"https:\/\/shoplego.azdigi.shop\/index.php\/shop\/"},{"@type":"ListItem","position":3,"name":"\u0110\u1ed3 ch\u01a1i l\u1eafp r\u00e1p Si\u00eau Xe Lamborghini Hurac\u00e1n Tecnica LEGO TECHNIC 42161"}]},{"@type":"WebSite","@id":"https:\/\/shoplego.azdigi.shop\/#website","url":"https:\/\/shoplego.azdigi.shop\/","name":"Shop Lego c\u1ee7a P\u00f4","description":"","potentialAction":[{"@type":"SearchAction","target":{"@type":"EntryPoint","urlTemplate":"https:\/\/shoplego.azdigi.shop\/?s={search_term_string}"},"query-input":{"@type":"PropertyValueSpecification","valueRequired":true,"valueName":"search_term_string"}}],"inLanguage":"en-US"}]}},"_links":{"self":[{"href":"https:\/\/shoplego.azdigi.shop\/index.php\/wp-json\/wp\/v2\/product\/122","targetHints":{"allow":["GET"]}}],"collection":[{"href":"https:\/\/shoplego.azdigi.shop\/index.php\/wp-json\/wp\/v2\/product"}],"about":[{"href":"https:\/\/shoplego.azdigi.shop\/index.php\/wp-json\/wp\/v2\/types\/product"}],"replies":[{"embeddable":true,"href":"https:\/\/shoplego.azdigi.shop\/index.php\/wp-json\/wp\/v2\/comments?post=122"}],"wp:featuredmedia":[{"embeddable":true,"href":"https:\/\/shoplego.azdigi.shop\/index.php\/wp-json\/wp\/v2\/media\/124"}],"wp:attachment":[{"href":"https:\/\/shoplego.azdigi.shop\/index.php\/wp-json\/wp\/v2\/media?parent=122"}],"wp:term":[{"taxonomy":"product_brand","embeddable":true,"href":"https:\/\/shoplego.azdigi.shop\/index.php\/wp-json\/wp\/v2\/product_brand?post=122"},{"taxonomy":"product_cat","embeddable":true,"href":"https:\/\/shoplego.azdigi.shop\/index.php\/wp-json\/wp\/v2\/product_cat?post=122"},{"taxonomy":"product_tag","embeddable":true,"href":"https:\/\/shoplego.azdigi.shop\/index.php\/wp-json\/wp\/v2\/product_tag?post=122"}],"curies":[{"name":"wp","href":"https:\/\/api.w.org\/{rel}","templated":true}]}}