{"id":114,"date":"2026-04-11T12:09:41","date_gmt":"2026-04-11T12:09:41","guid":{"rendered":"https:\/\/shoplego.azdigi.shop\/?post_type=product&#038;p=114"},"modified":"2026-04-11T13:42:15","modified_gmt":"2026-04-11T13:42:15","slug":"do-choi-lap-rap-sieu-xe-ferrari-fxx-k-v29-lego-technic-42212-lg","status":"publish","type":"product","link":"https:\/\/shoplego.azdigi.shop\/index.php\/product\/do-choi-lap-rap-sieu-xe-ferrari-fxx-k-v29-lego-technic-42212-lg\/","title":{"rendered":"\u0110\u1ed3 Ch\u01a1i L\u1eafp R\u00e1p Si\u00eau Xe Ferrari FXX K \u2013 V29 LEGO TECHNIC 42212-LG"},"content":{"rendered":"<h2>\u0110\u1ed3 Ch\u01a1i L\u1eafp R\u00e1p Si\u00eau Xe Ferrari FXX K \u2013 V29 LEGO TECHNIC 42212-LG (897 Chi Ti\u1ebft)<\/h2>\n<p><img loading=\"lazy\" decoding=\"async\" class=\"aligncenter\" src=\"https:\/\/www.mykingdom.com.vn\/cdn\/shop\/files\/do-choi-lap-rap-sieu-xe-ferrari-fxx-k-v29-lego-technic-42212-lg_5.jpg?v=1753159470&amp;width=1946\" alt=\"do-choi-lap-rap-sieu-xe-ferrari-fxx-k-v29-lego-technic-42212-lg-01\" width=\"726\" height=\"726\" \/><\/p>\n<p>\u0110\u1ed9 ch\u00ednh x\u00e1c, t\u1ed1c \u0111\u1ed9 v\u00e0 phong c\u00e1ch \u2013 Ferrari FXX K h\u1ed9i t\u1ee5 t\u1ea5t c\u1ea3!<br \/>\nGi\u1edd \u0111\u00e2y, b\u1ea1n c\u00f3 th\u1ec3 t\u1ef1 tay l\u1eafp r\u00e1p phi\u00ean b\u1ea3n m\u00f4 h\u00ecnh c\u1ee7a chi\u1ebfc xe hi\u1ec7u su\u1ea5t cao n\u00e0y. Ho\u00e0n thi\u1ec7n t\u1eebng chi ti\u1ebft r\u1ed3i th\u1eed s\u1ee9c chi\u1ebfc xe c\u1ee7a b\u1ea1n. M\u1edf n\u1eafp \u0111\u1ed9ng c\u01a1 \u0111\u1ec3 chi\u00eam ng\u01b0\u1ee1ng \u0111\u1ed9ng c\u01a1 V12 ch\u00e2n th\u1eadt. Th\u1eed nghi\u1ec7m b\u1ed9 vi sai v\u00e0 quan s\u00e1t piston chuy\u1ec3n \u0111\u1ed9ng sinh \u0111\u1ed9ng. M\u1edf c\u1eeda c\u00e1nh b\u01b0\u1edbm v\u00e0 m\u01a1 v\u1ec1 c\u1ea3m gi\u00e1c ng\u1ed3i sau tay l\u00e1i chi\u1ebfc si\u00eau xe tuy\u1ec7t \u0111\u1eb9p n\u00e0y.<\/p>\n<p>B\u1ed9 l\u1eafp r\u00e1p m\u00f4 h\u00ecnh LEGO\u00ae Ferrari d\u00e0nh cho tr\u1ebb t\u1eeb 10 tu\u1ed5i tr\u1edf l\u00ean<\/p>\n<p>L\u1eafp r\u00e1p c\u1eeda c\u00e1nh b\u01b0\u1edbm, n\u1eafp capo m\u1edf \u0111\u01b0\u1ee3c v\u00e0 n\u1eafp \u0111\u1ed9ng c\u01a1 m\u1edf \u0111\u01b0\u1ee3c<\/p>\n<p>X\u00e2y d\u1ef1ng \u0111\u1ed9ng c\u01a1 V12 v\u1edbi piston chuy\u1ec3n \u0111\u1ed9ng v\u00e0 th\u1eed b\u1ed9 vi sai th\u1eadt<\/p>\n<p>T\u1eadn h\u01b0\u1edfng m\u00e0u \u0111\u1ecf \u0111\u1eb7c tr\u01b0ng huy\u1ec1n tho\u1ea1i c\u1ee7a Ferrari<\/p>\n<p>M\u00f3n qu\u00e0 th\u00fa v\u1ecb d\u00e0nh cho c\u00e1c b\u1ea1n nam, n\u1eef y\u00eau th\u00edch b\u1ed9 m\u00f4 h\u00ecnh xe h\u01a1i<\/p>\n<p>L\u01b0u ti\u1ebfn \u0111\u1ed9, ph\u00f3ng to v\u00e0 xoay m\u00f4 h\u00ecnh trong kh\u00f4ng gian 3D qua \u1ee9ng d\u1ee5ng LEGO\u00ae Builder<\/p>\n<p>B\u1ed9 LEGO\u00ae Technic\u2122 n\u1ed5i b\u1eadt v\u1edbi c\u00e1c chuy\u1ec3n \u0111\u1ed9ng v\u00e0 c\u01a1 ch\u1ebf th\u1ef1c t\u1ebf<\/p>\n<p>B\u1ed9 g\u1ed3m 897 chi ti\u1ebft, m\u00f4 h\u00ecnh d\u00e0i h\u01a1n 29 cm (11 inch) khi ho\u00e0n thi\u1ec7n<\/p>\n","protected":false},"excerpt":{"rendered":"<p>\u0110\u1ed3 Ch\u01a1i L\u1eafp R\u00e1p Si\u00eau Xe Ferrari FXX K \u2013 V29 LEGO TECHNIC 42212-LG (897 Chi Ti\u1ebft) \u0110\u1ed9 ch\u00ednh x\u00e1c, t\u1ed1c \u0111\u1ed9 v\u00e0 phong c\u00e1ch \u2013 Ferrari FXX K h\u1ed9i t\u1ee5 t\u1ea5t c\u1ea3! Gi\u1edd \u0111\u00e2y, b\u1ea1n c\u00f3 th\u1ec3 t\u1ef1 tay l\u1eafp r\u00e1p phi\u00ean b\u1ea3n m\u00f4 h\u00ecnh c\u1ee7a chi\u1ebfc xe hi\u1ec7u su\u1ea5t cao n\u00e0y. Ho\u00e0n thi\u1ec7n [&#8230;]\n","protected":false},"featured_media":115,"comment_status":"open","ping_status":"closed","template":"","meta":[],"product_brand":[],"product_cat":[17],"product_tag":[],"class_list":{"0":"post-114","1":"product","2":"type-product","3":"status-publish","4":"has-post-thumbnail","6":"product_cat-lego","8":"first","9":"instock","10":"shipping-taxable","11":"purchasable","12":"product-type-variable"},"yoast_head":"<!-- This site is optimized with the Yoast SEO plugin v27.2 - https:\/\/yoast.com\/product\/yoast-seo-wordpress\/ -->\n<title>\u0110\u1ed3 Ch\u01a1i L\u1eafp R\u00e1p Si\u00eau Xe Ferrari FXX K \u2013 V29 LEGO TECHNIC 42212-LG - Shop Lego c\u1ee7a P\u00f4<\/title>\n<meta name=\"description\" content=\"Gi\u1edd \u0111\u00e2y, b\u1ea1n c\u00f3 th\u1ec3 t\u1ef1 tay l\u1eafp r\u00e1p phi\u00ean b\u1ea3n m\u00f4 h\u00ecnh c\u1ee7a chi\u1ebfc xe hi\u1ec7u su\u1ea5t cao n\u00e0y. Ho\u00e0n thi\u1ec7n t\u1eebng chi ti\u1ebft r\u1ed3i th\u1eed s\u1ee9c chi\u1ebfc xe c\u1ee7a b\u1ea1n.\" \/>\n<meta name=\"robots\" content=\"index, follow, max-snippet:-1, max-image-preview:large, max-video-preview:-1\" \/>\n<link rel=\"canonical\" href=\"https:\/\/shoplego.azdigi.shop\/index.php\/product\/do-choi-lap-rap-sieu-xe-ferrari-fxx-k-v29-lego-technic-42212-lg\/\" \/>\n<meta property=\"og:locale\" content=\"en_US\" \/>\n<meta property=\"og:type\" content=\"article\" \/>\n<meta property=\"og:title\" content=\"\u0110\u1ed3 Ch\u01a1i L\u1eafp R\u00e1p Si\u00eau Xe Ferrari FXX K \u2013 V29 LEGO TECHNIC 42212-LG - Shop Lego c\u1ee7a P\u00f4\" \/>\n<meta property=\"og:description\" content=\"Gi\u1edd \u0111\u00e2y, b\u1ea1n c\u00f3 th\u1ec3 t\u1ef1 tay l\u1eafp r\u00e1p phi\u00ean b\u1ea3n m\u00f4 h\u00ecnh c\u1ee7a chi\u1ebfc xe hi\u1ec7u su\u1ea5t cao n\u00e0y. Ho\u00e0n thi\u1ec7n t\u1eebng chi ti\u1ebft r\u1ed3i th\u1eed s\u1ee9c chi\u1ebfc xe c\u1ee7a b\u1ea1n.\" \/>\n<meta property=\"og:url\" content=\"https:\/\/shoplego.azdigi.shop\/index.php\/product\/do-choi-lap-rap-sieu-xe-ferrari-fxx-k-v29-lego-technic-42212-lg\/\" \/>\n<meta property=\"og:site_name\" content=\"Shop Lego c\u1ee7a P\u00f4\" \/>\n<meta property=\"article:modified_time\" content=\"2026-04-11T13:42:15+00:00\" \/>\n<meta property=\"og:image\" content=\"https:\/\/shoplego.azdigi.shop\/wp-content\/uploads\/2026\/04\/Anh-chup-man-hinh-2026-04-11-190653.png\" \/>\n\t<meta property=\"og:image:width\" content=\"825\" \/>\n\t<meta property=\"og:image:height\" content=\"698\" \/>\n\t<meta property=\"og:image:type\" content=\"image\/png\" \/>\n<meta name=\"twitter:card\" content=\"summary_large_image\" \/>\n<meta name=\"twitter:label1\" content=\"Est. reading time\" \/>\n\t<meta name=\"twitter:data1\" content=\"2 minutes\" \/>\n<script type=\"application\/ld+json\" class=\"yoast-schema-graph\">{\"@context\":\"https:\/\/schema.org\",\"@graph\":[{\"@type\":\"WebPage\",\"@id\":\"https:\/\/shoplego.azdigi.shop\/index.php\/product\/do-choi-lap-rap-sieu-xe-ferrari-fxx-k-v29-lego-technic-42212-lg\/\",\"url\":\"https:\/\/shoplego.azdigi.shop\/index.php\/product\/do-choi-lap-rap-sieu-xe-ferrari-fxx-k-v29-lego-technic-42212-lg\/\",\"name\":\"\u0110\u1ed3 Ch\u01a1i L\u1eafp R\u00e1p Si\u00eau Xe Ferrari FXX K \u2013 V29 LEGO TECHNIC 42212-LG - Shop Lego c\u1ee7a P\u00f4\",\"isPartOf\":{\"@id\":\"https:\/\/shoplego.azdigi.shop\/#website\"},\"primaryImageOfPage\":{\"@id\":\"https:\/\/shoplego.azdigi.shop\/index.php\/product\/do-choi-lap-rap-sieu-xe-ferrari-fxx-k-v29-lego-technic-42212-lg\/#primaryimage\"},\"image\":{\"@id\":\"https:\/\/shoplego.azdigi.shop\/index.php\/product\/do-choi-lap-rap-sieu-xe-ferrari-fxx-k-v29-lego-technic-42212-lg\/#primaryimage\"},\"thumbnailUrl\":\"https:\/\/shoplego.azdigi.shop\/wp-content\/uploads\/2026\/04\/Anh-chup-man-hinh-2026-04-11-190653.png\",\"datePublished\":\"2026-04-11T12:09:41+00:00\",\"dateModified\":\"2026-04-11T13:42:15+00:00\",\"description\":\"Gi\u1edd \u0111\u00e2y, b\u1ea1n c\u00f3 th\u1ec3 t\u1ef1 tay l\u1eafp r\u00e1p phi\u00ean b\u1ea3n m\u00f4 h\u00ecnh c\u1ee7a chi\u1ebfc xe hi\u1ec7u su\u1ea5t cao n\u00e0y. Ho\u00e0n thi\u1ec7n t\u1eebng chi ti\u1ebft r\u1ed3i th\u1eed s\u1ee9c chi\u1ebfc xe c\u1ee7a b\u1ea1n.\",\"breadcrumb\":{\"@id\":\"https:\/\/shoplego.azdigi.shop\/index.php\/product\/do-choi-lap-rap-sieu-xe-ferrari-fxx-k-v29-lego-technic-42212-lg\/#breadcrumb\"},\"inLanguage\":\"en-US\",\"potentialAction\":[{\"@type\":\"ReadAction\",\"target\":[\"https:\/\/shoplego.azdigi.shop\/index.php\/product\/do-choi-lap-rap-sieu-xe-ferrari-fxx-k-v29-lego-technic-42212-lg\/\"]}]},{\"@type\":\"ImageObject\",\"inLanguage\":\"en-US\",\"@id\":\"https:\/\/shoplego.azdigi.shop\/index.php\/product\/do-choi-lap-rap-sieu-xe-ferrari-fxx-k-v29-lego-technic-42212-lg\/#primaryimage\",\"url\":\"https:\/\/shoplego.azdigi.shop\/wp-content\/uploads\/2026\/04\/Anh-chup-man-hinh-2026-04-11-190653.png\",\"contentUrl\":\"https:\/\/shoplego.azdigi.shop\/wp-content\/uploads\/2026\/04\/Anh-chup-man-hinh-2026-04-11-190653.png\",\"width\":825,\"height\":698},{\"@type\":\"BreadcrumbList\",\"@id\":\"https:\/\/shoplego.azdigi.shop\/index.php\/product\/do-choi-lap-rap-sieu-xe-ferrari-fxx-k-v29-lego-technic-42212-lg\/#breadcrumb\",\"itemListElement\":[{\"@type\":\"ListItem\",\"position\":1,\"name\":\"Home\",\"item\":\"https:\/\/shoplego.azdigi.shop\/\"},{\"@type\":\"ListItem\",\"position\":2,\"name\":\"Shop\",\"item\":\"https:\/\/shoplego.azdigi.shop\/index.php\/shop\/\"},{\"@type\":\"ListItem\",\"position\":3,\"name\":\"\u0110\u1ed3 Ch\u01a1i L\u1eafp R\u00e1p Si\u00eau Xe Ferrari FXX K \u2013 V29 LEGO TECHNIC 42212-LG\"}]},{\"@type\":\"WebSite\",\"@id\":\"https:\/\/shoplego.azdigi.shop\/#website\",\"url\":\"https:\/\/shoplego.azdigi.shop\/\",\"name\":\"Shop Lego c\u1ee7a P\u00f4\",\"description\":\"\",\"potentialAction\":[{\"@type\":\"SearchAction\",\"target\":{\"@type\":\"EntryPoint\",\"urlTemplate\":\"https:\/\/shoplego.azdigi.shop\/?s={search_term_string}\"},\"query-input\":{\"@type\":\"PropertyValueSpecification\",\"valueRequired\":true,\"valueName\":\"search_term_string\"}}],\"inLanguage\":\"en-US\"}]}<\/script>\n<!-- \/ Yoast SEO plugin. -->","yoast_head_json":{"title":"\u0110\u1ed3 Ch\u01a1i L\u1eafp R\u00e1p Si\u00eau Xe Ferrari FXX K \u2013 V29 LEGO TECHNIC 42212-LG - Shop Lego c\u1ee7a P\u00f4","description":"Gi\u1edd \u0111\u00e2y, b\u1ea1n c\u00f3 th\u1ec3 t\u1ef1 tay l\u1eafp r\u00e1p phi\u00ean b\u1ea3n m\u00f4 h\u00ecnh c\u1ee7a chi\u1ebfc xe hi\u1ec7u su\u1ea5t cao n\u00e0y. Ho\u00e0n thi\u1ec7n t\u1eebng chi ti\u1ebft r\u1ed3i th\u1eed s\u1ee9c chi\u1ebfc xe c\u1ee7a b\u1ea1n.","robots":{"index":"index","follow":"follow","max-snippet":"max-snippet:-1","max-image-preview":"max-image-preview:large","max-video-preview":"max-video-preview:-1"},"canonical":"https:\/\/shoplego.azdigi.shop\/index.php\/product\/do-choi-lap-rap-sieu-xe-ferrari-fxx-k-v29-lego-technic-42212-lg\/","og_locale":"en_US","og_type":"article","og_title":"\u0110\u1ed3 Ch\u01a1i L\u1eafp R\u00e1p Si\u00eau Xe Ferrari FXX K \u2013 V29 LEGO TECHNIC 42212-LG - Shop Lego c\u1ee7a P\u00f4","og_description":"Gi\u1edd \u0111\u00e2y, b\u1ea1n c\u00f3 th\u1ec3 t\u1ef1 tay l\u1eafp r\u00e1p phi\u00ean b\u1ea3n m\u00f4 h\u00ecnh c\u1ee7a chi\u1ebfc xe hi\u1ec7u su\u1ea5t cao n\u00e0y. Ho\u00e0n thi\u1ec7n t\u1eebng chi ti\u1ebft r\u1ed3i th\u1eed s\u1ee9c chi\u1ebfc xe c\u1ee7a b\u1ea1n.","og_url":"https:\/\/shoplego.azdigi.shop\/index.php\/product\/do-choi-lap-rap-sieu-xe-ferrari-fxx-k-v29-lego-technic-42212-lg\/","og_site_name":"Shop Lego c\u1ee7a P\u00f4","article_modified_time":"2026-04-11T13:42:15+00:00","og_image":[{"width":825,"height":698,"url":"https:\/\/shoplego.azdigi.shop\/wp-content\/uploads\/2026\/04\/Anh-chup-man-hinh-2026-04-11-190653.png","type":"image\/png"}],"twitter_card":"summary_large_image","twitter_misc":{"Est. reading time":"2 minutes"},"schema":{"@context":"https:\/\/schema.org","@graph":[{"@type":"WebPage","@id":"https:\/\/shoplego.azdigi.shop\/index.php\/product\/do-choi-lap-rap-sieu-xe-ferrari-fxx-k-v29-lego-technic-42212-lg\/","url":"https:\/\/shoplego.azdigi.shop\/index.php\/product\/do-choi-lap-rap-sieu-xe-ferrari-fxx-k-v29-lego-technic-42212-lg\/","name":"\u0110\u1ed3 Ch\u01a1i L\u1eafp R\u00e1p Si\u00eau Xe Ferrari FXX K \u2013 V29 LEGO TECHNIC 42212-LG - Shop Lego c\u1ee7a P\u00f4","isPartOf":{"@id":"https:\/\/shoplego.azdigi.shop\/#website"},"primaryImageOfPage":{"@id":"https:\/\/shoplego.azdigi.shop\/index.php\/product\/do-choi-lap-rap-sieu-xe-ferrari-fxx-k-v29-lego-technic-42212-lg\/#primaryimage"},"image":{"@id":"https:\/\/shoplego.azdigi.shop\/index.php\/product\/do-choi-lap-rap-sieu-xe-ferrari-fxx-k-v29-lego-technic-42212-lg\/#primaryimage"},"thumbnailUrl":"https:\/\/shoplego.azdigi.shop\/wp-content\/uploads\/2026\/04\/Anh-chup-man-hinh-2026-04-11-190653.png","datePublished":"2026-04-11T12:09:41+00:00","dateModified":"2026-04-11T13:42:15+00:00","description":"Gi\u1edd \u0111\u00e2y, b\u1ea1n c\u00f3 th\u1ec3 t\u1ef1 tay l\u1eafp r\u00e1p phi\u00ean b\u1ea3n m\u00f4 h\u00ecnh c\u1ee7a chi\u1ebfc xe hi\u1ec7u su\u1ea5t cao n\u00e0y. Ho\u00e0n thi\u1ec7n t\u1eebng chi ti\u1ebft r\u1ed3i th\u1eed s\u1ee9c chi\u1ebfc xe c\u1ee7a b\u1ea1n.","breadcrumb":{"@id":"https:\/\/shoplego.azdigi.shop\/index.php\/product\/do-choi-lap-rap-sieu-xe-ferrari-fxx-k-v29-lego-technic-42212-lg\/#breadcrumb"},"inLanguage":"en-US","potentialAction":[{"@type":"ReadAction","target":["https:\/\/shoplego.azdigi.shop\/index.php\/product\/do-choi-lap-rap-sieu-xe-ferrari-fxx-k-v29-lego-technic-42212-lg\/"]}]},{"@type":"ImageObject","inLanguage":"en-US","@id":"https:\/\/shoplego.azdigi.shop\/index.php\/product\/do-choi-lap-rap-sieu-xe-ferrari-fxx-k-v29-lego-technic-42212-lg\/#primaryimage","url":"https:\/\/shoplego.azdigi.shop\/wp-content\/uploads\/2026\/04\/Anh-chup-man-hinh-2026-04-11-190653.png","contentUrl":"https:\/\/shoplego.azdigi.shop\/wp-content\/uploads\/2026\/04\/Anh-chup-man-hinh-2026-04-11-190653.png","width":825,"height":698},{"@type":"BreadcrumbList","@id":"https:\/\/shoplego.azdigi.shop\/index.php\/product\/do-choi-lap-rap-sieu-xe-ferrari-fxx-k-v29-lego-technic-42212-lg\/#breadcrumb","itemListElement":[{"@type":"ListItem","position":1,"name":"Home","item":"https:\/\/shoplego.azdigi.shop\/"},{"@type":"ListItem","position":2,"name":"Shop","item":"https:\/\/shoplego.azdigi.shop\/index.php\/shop\/"},{"@type":"ListItem","position":3,"name":"\u0110\u1ed3 Ch\u01a1i L\u1eafp R\u00e1p Si\u00eau Xe Ferrari FXX K \u2013 V29 LEGO TECHNIC 42212-LG"}]},{"@type":"WebSite","@id":"https:\/\/shoplego.azdigi.shop\/#website","url":"https:\/\/shoplego.azdigi.shop\/","name":"Shop Lego c\u1ee7a P\u00f4","description":"","potentialAction":[{"@type":"SearchAction","target":{"@type":"EntryPoint","urlTemplate":"https:\/\/shoplego.azdigi.shop\/?s={search_term_string}"},"query-input":{"@type":"PropertyValueSpecification","valueRequired":true,"valueName":"search_term_string"}}],"inLanguage":"en-US"}]}},"_links":{"self":[{"href":"https:\/\/shoplego.azdigi.shop\/index.php\/wp-json\/wp\/v2\/product\/114","targetHints":{"allow":["GET"]}}],"collection":[{"href":"https:\/\/shoplego.azdigi.shop\/index.php\/wp-json\/wp\/v2\/product"}],"about":[{"href":"https:\/\/shoplego.azdigi.shop\/index.php\/wp-json\/wp\/v2\/types\/product"}],"replies":[{"embeddable":true,"href":"https:\/\/shoplego.azdigi.shop\/index.php\/wp-json\/wp\/v2\/comments?post=114"}],"wp:featuredmedia":[{"embeddable":true,"href":"https:\/\/shoplego.azdigi.shop\/index.php\/wp-json\/wp\/v2\/media\/115"}],"wp:attachment":[{"href":"https:\/\/shoplego.azdigi.shop\/index.php\/wp-json\/wp\/v2\/media?parent=114"}],"wp:term":[{"taxonomy":"product_brand","embeddable":true,"href":"https:\/\/shoplego.azdigi.shop\/index.php\/wp-json\/wp\/v2\/product_brand?post=114"},{"taxonomy":"product_cat","embeddable":true,"href":"https:\/\/shoplego.azdigi.shop\/index.php\/wp-json\/wp\/v2\/product_cat?post=114"},{"taxonomy":"product_tag","embeddable":true,"href":"https:\/\/shoplego.azdigi.shop\/index.php\/wp-json\/wp\/v2\/product_tag?post=114"}],"curies":[{"name":"wp","href":"https:\/\/api.w.org\/{rel}","templated":true}]}}